{"id":1546,"date":"2021-07-14T15:21:36","date_gmt":"2021-07-14T15:21:36","guid":{"rendered":"https:\/\/tijuanadental.net\/implantes-dentales\/"},"modified":"2025-11-20T00:46:07","modified_gmt":"2025-11-20T00:46:07","slug":"implantes-dentales","status":"publish","type":"page","link":"https:\/\/tijuanadental.net\/es\/implantes-dentales\/","title":{"rendered":"Implantes dentales"},"content":{"rendered":"\t\t<div data-elementor-type=\"wp-page\" data-elementor-id=\"1546\" class=\"elementor elementor-1546 elementor-352\" data-elementor-post-type=\"page\">\n\t\t\t\t<div class=\"elementor-element elementor-element-5cded91 e-flex e-con-boxed e-con e-parent\" data-id=\"5cded91\" data-element_type=\"container\" data-settings=\"{&quot;background_background&quot;:&quot;classic&quot;}\">\n\t\t\t\t\t<div class=\"e-con-inner\">\n\t\t<div class=\"elementor-element elementor-element-5075647 e-con-full e-flex e-con e-child\" data-id=\"5075647\" data-element_type=\"container\">\n\t\t\t\t<div class=\"elementor-element elementor-element-5ac406a elementor-widget elementor-widget-heading\" data-id=\"5ac406a\" data-element_type=\"widget\" data-widget_type=\"heading.default\">\n\t\t\t\t\t<h1 class=\"elementor-heading-title elementor-size-default\">Implantes dentales<\/h1>\t\t\t\t<\/div>\n\t\t\t\t<div class=\"elementor-element elementor-element-155bb63 elementor-widget elementor-widget-text-editor\" data-id=\"155bb63\" data-element_type=\"widget\" data-widget_type=\"text-editor.default\">\n\t\t\t\t\t\t\t\t\t<p>Si te faltan dientes, tienes que sustituirlos o tienes alguna de las siguientes necesidades, puedes ser un buen candidato para los implantes dentales.<\/p>\t\t\t\t\t\t\t\t<\/div>\n\t\t\t\t<\/div>\n\t\t<div class=\"elementor-element elementor-element-a7e1dbd e-con-full e-flex e-con e-child\" data-id=\"a7e1dbd\" data-element_type=\"container\" id=\"contact\">\n\t\t\t\t<div class=\"elementor-element elementor-element-a8acf43 elementor-widget elementor-widget-heading\" data-id=\"a8acf43\" data-element_type=\"widget\" data-widget_type=\"heading.default\">\n\t\t\t\t\t<h4 class=\"elementor-heading-title elementor-size-default\">\u00a1Pide hoy mismo un presupuesto gratuito!<\/h4>\t\t\t\t<\/div>\n\t\t\t\t<div class=\"elementor-element elementor-element-66bc20d elementor-widget__width-inherit elementor-widget elementor-widget-html\" data-id=\"66bc20d\" data-element_type=\"widget\" data-widget_type=\"html.default\">\n\t\t\t\t\t<iframe src=\"https:\/\/crm.tijuanadental.net\/widget\/form\/Ie1g1KRXhYwEL7Kddlu1\" style=\"width:100%;height:100%;border:none;border-radius:3px\" id=\"inline-Ie1g1KRXhYwEL7Kddlu1\" data-layout=\"{'id':'INLINE'}\" data-trigger-type=\"alwaysShow\" data-trigger-value=\"\" data-activation-type=\"alwaysActivated\" data-activation-value=\"\" data-deactivation-type=\"neverDeactivate\" data-deactivation-value=\"\" data-form-name=\"CONTACT FORM\" data-height=\"552\" data-layout-iframe-id=\"inline-Ie1g1KRXhYwEL7Kddlu1\" data-form-id=\"Ie1g1KRXhYwEL7Kddlu1\" title=\"FORMULARIO DE CONTACTO\">\r\n<\/iframe>\r\n<script src=\"https:\/\/crm.tijuanadental.net\/js\/form_embed.js\"><\/script>\t\t\t\t<\/div>\n\t\t\t\t<\/div>\n\t\t\t\t\t<\/div>\n\t\t\t\t<\/div>\n\t\t\t\t<section class=\"elementor-section elementor-top-section elementor-element elementor-element-c9815df elementor-section-boxed elementor-section-height-default elementor-section-height-default\" data-id=\"c9815df\" data-element_type=\"section\">\n\t\t\t\t\t\t<div class=\"elementor-container elementor-column-gap-default\">\n\t\t\t\t\t<div class=\"elementor-column elementor-col-50 elementor-top-column elementor-element elementor-element-d7638a7\" data-id=\"d7638a7\" data-element_type=\"column\">\n\t\t\t<div class=\"elementor-widget-wrap elementor-element-populated\">\n\t\t\t\t\t\t<div class=\"elementor-element elementor-element-8d67b40 elementor-widget elementor-widget-image\" data-id=\"8d67b40\" data-element_type=\"widget\" data-widget_type=\"image.default\">\n\t\t\t\t\t\t\t\t\t\t\t\t\t\t\t<img fetchpriority=\"high\" decoding=\"async\" width=\"800\" height=\"534\" src=\"https:\/\/tijuanadental.net\/wp-content\/uploads\/2021\/07\/mexico-dental-team-1.jpg\" class=\"attachment-large size-large wp-image-1547\" alt=\"\" srcset=\"https:\/\/tijuanadental.net\/wp-content\/uploads\/2021\/07\/mexico-dental-team-1.jpg 1000w, https:\/\/tijuanadental.net\/wp-content\/uploads\/2021\/07\/mexico-dental-team-1-300x200.jpg 300w, https:\/\/tijuanadental.net\/wp-content\/uploads\/2021\/07\/mexico-dental-team-1-768x512.jpg 768w\" sizes=\"(max-width: 800px) 100vw, 800px\" \/>\t\t\t\t\t\t\t\t\t\t\t\t\t\t\t<\/div>\n\t\t\t\t\t<\/div>\n\t\t<\/div>\n\t\t\t\t<div class=\"elementor-column elementor-col-50 elementor-top-column elementor-element elementor-element-584aa08\" data-id=\"584aa08\" data-element_type=\"column\">\n\t\t\t<div class=\"elementor-widget-wrap elementor-element-populated\">\n\t\t\t\t\t\t<div class=\"elementor-element elementor-element-400c484 elementor-widget elementor-widget-heading\" data-id=\"400c484\" data-element_type=\"widget\" data-widget_type=\"heading.default\">\n\t\t\t\t\t<h2 class=\"elementor-heading-title elementor-size-default\">\u00bfC\u00f3mo sabes si eres candidato a un implante dental?<\/h2>\t\t\t\t<\/div>\n\t\t\t\t<div class=\"elementor-element elementor-element-5446c91 elementor-widget elementor-widget-text-editor\" data-id=\"5446c91\" data-element_type=\"widget\" data-widget_type=\"text-editor.default\">\n\t\t\t\t\t\t\t\t\t<ul><li>Te faltan dientes.<\/li><li>Tienes la \u00abcara hundida\u00bb debido a huecos o falta de dientes.<\/li><li>Tus dientes se desplazan y te causan problemas al masticar o morder debido a la separaci\u00f3n o a la falta de dientes.<\/li><li>Tienes dificultad para masticar.<\/li><li>Necesitas una soluci\u00f3n permanente en lugar de utilizar dentaduras postizas.<\/li><\/ul>\t\t\t\t\t\t\t\t<\/div>\n\t\t\t\t<div class=\"elementor-element elementor-element-c6f39fb elementor-mobile-align-center elementor-widget elementor-widget-button\" data-id=\"c6f39fb\" data-element_type=\"widget\" data-widget_type=\"button.default\">\n\t\t\t\t\t\t\t\t\t\t<a class=\"elementor-button elementor-button-link elementor-size-sm\" href=\"#contact\">\n\t\t\t\t\t\t<span class=\"elementor-button-content-wrapper\">\n\t\t\t\t\t\t\t\t\t<span class=\"elementor-button-text\">Pide un presupuesto gratuito<\/span>\n\t\t\t\t\t<\/span>\n\t\t\t\t\t<\/a>\n\t\t\t\t\t\t\t\t<\/div>\n\t\t\t\t\t<\/div>\n\t\t<\/div>\n\t\t\t\t\t<\/div>\n\t\t<\/section>\n\t\t\t\t<section class=\"elementor-section elementor-top-section elementor-element elementor-element-5d5b1b3 elementor-section-boxed elementor-section-height-default elementor-section-height-default\" data-id=\"5d5b1b3\" data-element_type=\"section\">\n\t\t\t\t\t\t<div class=\"elementor-container elementor-column-gap-default\">\n\t\t\t\t\t<div class=\"elementor-column elementor-col-50 elementor-top-column elementor-element elementor-element-093de5b\" data-id=\"093de5b\" data-element_type=\"column\">\n\t\t\t<div class=\"elementor-widget-wrap elementor-element-populated\">\n\t\t\t\t\t\t<div class=\"elementor-element elementor-element-50da871 elementor-widget elementor-widget-heading\" data-id=\"50da871\" data-element_type=\"widget\" data-widget_type=\"heading.default\">\n\t\t\t\t\t<h2 class=\"elementor-heading-title elementor-size-default\">Ventajas de los implantes dentales<\/h2>\t\t\t\t<\/div>\n\t\t\t\t<div class=\"elementor-element elementor-element-22b3535 elementor-widget elementor-widget-text-editor\" data-id=\"22b3535\" data-element_type=\"widget\" data-widget_type=\"text-editor.default\">\n\t\t\t\t\t\t\t\t\t<p><strong>Est\u00e9tica mejorada:<\/strong> Un implante dental tiene un aspecto tan natural y es tan c\u00f3modo que nadie notar\u00e1 la diferencia entre tu implante y tus dientes de verdad.<\/p><p><strong>Mejora del habla:<\/strong> Las dentaduras postizas a menudo pueden desplazarse dentro de la boca, provocando un habla arrastrada o entrecortada. Con los implantes dentales, di adi\u00f3s al habla apagada. Tu implante de ajuste perfecto no se desplazar\u00e1 ni se deslizar\u00e1 por tu boca.  <\/p><p><strong>Mayor capacidad de masticaci\u00f3n:<\/strong> Mastica con facilidad con tus implantes dentales, a diferencia de las dentaduras postizas mal ajustadas que dificultan la masticaci\u00f3n eficaz de los alimentos.<\/p><p><strong>Refuerzo de la autoestima:<\/strong> \u00a1Sonr\u00ede todo lo que quieras! Querr\u00e1s presumir de tu bonita, nueva y funcional sonrisa que brilla. Puede que el mundo no se d\u00e9 cuenta de que llevas implantes dentales, pero s\u00ed de lo bonita que es tu sonrisa.  <\/p><p><strong>Durabilidad de los dientes:<\/strong> Los implantes dentales son fiables, duraderos y est\u00e1n hechos para durar toda la vida.<\/p>\t\t\t\t\t\t\t\t<\/div>\n\t\t\t\t\t<\/div>\n\t\t<\/div>\n\t\t\t\t<div class=\"elementor-column elementor-col-50 elementor-top-column elementor-element elementor-element-fba38ef\" data-id=\"fba38ef\" data-element_type=\"column\">\n\t\t\t<div class=\"elementor-widget-wrap elementor-element-populated\">\n\t\t\t\t\t\t<div class=\"elementor-element elementor-element-53cf07c elementor-widget elementor-widget-video\" data-id=\"53cf07c\" data-element_type=\"widget\" data-settings=\"{&quot;video_type&quot;:&quot;hosted&quot;,&quot;controls&quot;:&quot;yes&quot;}\" data-widget_type=\"video.default\">\n\t\t\t\t\t\t\t<div class=\"e-hosted-video elementor-wrapper elementor-open-inline\">\n\t\t\t\t\t<video class=\"elementor-video\" src=\"https:\/\/tijuanadental.net\/wp-content\/uploads\/2021\/07\/160-Dental-Implants-1.mov\" controls=\"\" preload=\"metadata\" controlsList=\"nodownload\"><\/video>\n\t\t\t\t<\/div>\n\t\t\t\t\t\t<\/div>\n\t\t\t\t\t<\/div>\n\t\t<\/div>\n\t\t\t\t\t<\/div>\n\t\t<\/section>\n\t\t\t\t<section class=\"elementor-section elementor-top-section elementor-element elementor-element-2be2ade elementor-section-boxed elementor-section-height-default elementor-section-height-default\" data-id=\"2be2ade\" data-element_type=\"section\" data-settings=\"{&quot;background_background&quot;:&quot;slideshow&quot;,&quot;background_slideshow_gallery&quot;:[{&quot;id&quot;:1549,&quot;url&quot;:&quot;https:\\\/\\\/tijuanadental.net\\\/wp-content\\\/uploads\\\/2021\\\/06\\\/young-woman-getting-dental-treatment-dental-clinic-PXA9645.jpg&quot;}],&quot;background_slideshow_loop&quot;:&quot;yes&quot;,&quot;background_slideshow_slide_duration&quot;:5000,&quot;background_slideshow_slide_transition&quot;:&quot;fade&quot;,&quot;background_slideshow_transition_duration&quot;:500}\">\n\t\t\t\t\t\t\t<div class=\"elementor-background-overlay\"><\/div>\n\t\t\t\t\t\t\t<div class=\"elementor-container elementor-column-gap-default\">\n\t\t\t\t\t<div class=\"elementor-column elementor-col-100 elementor-top-column elementor-element elementor-element-d63e9b8\" data-id=\"d63e9b8\" data-element_type=\"column\">\n\t\t\t<div class=\"elementor-widget-wrap elementor-element-populated\">\n\t\t\t\t\t\t<div class=\"elementor-element elementor-element-a65b4bd elementor-widget elementor-widget-heading\" data-id=\"a65b4bd\" data-element_type=\"widget\" data-widget_type=\"heading.default\">\n\t\t\t\t\t<h2 class=\"elementor-heading-title elementor-size-default\">Tasas de \u00e9xito de los implantes dentales<\/h2>\t\t\t\t<\/div>\n\t\t\t\t<div class=\"elementor-element elementor-element-a6e4a18 elementor-widget elementor-widget-text-editor\" data-id=\"a6e4a18\" data-element_type=\"widget\" data-widget_type=\"text-editor.default\">\n\t\t\t\t\t\t\t\t\t<p>La tasa de \u00e9xito del procedimiento de implante dental var\u00eda en todo el mundo. Sin embargo, aqu\u00ed en Tijuana Dental, nuestros profesionales tienen una tasa de \u00e9xito de los implantes dentales del 98-99%. <\/p><p>Si buscas expertos en implantes dentales altamente cualificados que puedan proporcionarte un procedimiento de implante dental esencialmente indoloro y garantizarte unos resultados incre\u00edbles que te encantar\u00e1n, entonces has venido al lugar adecuado. Los periodoncistas, especialistas en implantes y cirujanos orales de Tijuana Dental se encuentran entre los profesionales de la salud oral m\u00e1s cualificados y experimentados del mundo. <\/p><p>Permite que nuestros especialistas altamente cualificados creen un plan de tratamiento de implantes dentales personalizado para ti de principio a fin; empezando con un examen exhaustivo de tu historial dental, radiograf\u00edas y un examen oral<\/p>\t\t\t\t\t\t\t\t<\/div>\n\t\t\t\t<div class=\"elementor-element elementor-element-87129c1 elementor-widget elementor-widget-heading\" data-id=\"87129c1\" data-element_type=\"widget\" data-widget_type=\"heading.default\">\n\t\t\t\t\t<h2 class=\"elementor-heading-title elementor-size-default\">El procedimiento de implante dental<\/h2>\t\t\t\t<\/div>\n\t\t\t\t\t<\/div>\n\t\t<\/div>\n\t\t\t\t\t<\/div>\n\t\t<\/section>\n\t\t\t\t<section class=\"elementor-section elementor-top-section elementor-element elementor-element-b7a2a6d elementor-section-boxed elementor-section-height-default elementor-section-height-default\" data-id=\"b7a2a6d\" data-element_type=\"section\">\n\t\t\t\t\t\t<div class=\"elementor-container elementor-column-gap-default\">\n\t\t\t\t\t<div class=\"elementor-column elementor-col-100 elementor-top-column elementor-element elementor-element-90c7f6c\" data-id=\"90c7f6c\" data-element_type=\"column\">\n\t\t\t<div class=\"elementor-widget-wrap elementor-element-populated\">\n\t\t\t\t\t\t<section class=\"elementor-section elementor-inner-section elementor-element elementor-element-66d6f10 elementor-section-boxed elementor-section-height-default elementor-section-height-default\" data-id=\"66d6f10\" data-element_type=\"section\" data-settings=\"{&quot;background_background&quot;:&quot;classic&quot;}\">\n\t\t\t\t\t\t<div class=\"elementor-container elementor-column-gap-wider\">\n\t\t\t\t\t<div class=\"elementor-column elementor-col-33 elementor-inner-column elementor-element elementor-element-51848c8\" data-id=\"51848c8\" data-element_type=\"column\" data-settings=\"{&quot;background_background&quot;:&quot;classic&quot;}\">\n\t\t\t<div class=\"elementor-widget-wrap elementor-element-populated\">\n\t\t\t\t\t\t<div class=\"elementor-element elementor-element-bcf9f91 elementor-vertical-align-top elementor-widget elementor-widget-image-box\" data-id=\"bcf9f91\" data-element_type=\"widget\" data-widget_type=\"image-box.default\">\n\t\t\t\t\t<div class=\"elementor-image-box-wrapper\"><div class=\"elementor-image-box-content\"><h4 class=\"elementor-image-box-title\">Paso 1<\/h4><p class=\"elementor-image-box-description\">En nuestras modernas instalaciones se aplica anestesia local para aliviar cualquier molestia que puedas tener. A continuaci\u00f3n, se insertan quir\u00fargicamente uno o varios implantes dentales en el hueso de tu sonrisa. A continuaci\u00f3n, se te concede un periodo de cicatrizaci\u00f3n de cuatro meses antes de volver para el resto de la intervenci\u00f3n. Este tiempo permite que el implante se fusione con tu hueso natural y se convierta en un \"diente\" permanente en tu sonrisa, con la misma fuerza y funcionalidad que tus otros dientes sanos.   <\/p><\/div><\/div>\t\t\t\t<\/div>\n\t\t\t\t\t<\/div>\n\t\t<\/div>\n\t\t\t\t<div class=\"elementor-column elementor-col-33 elementor-inner-column elementor-element elementor-element-4aa84d4\" data-id=\"4aa84d4\" data-element_type=\"column\" data-settings=\"{&quot;background_background&quot;:&quot;classic&quot;}\">\n\t\t\t<div class=\"elementor-widget-wrap elementor-element-populated\">\n\t\t\t\t\t\t<div class=\"elementor-element elementor-element-77d38f0 elementor-vertical-align-top elementor-widget elementor-widget-image-box\" data-id=\"77d38f0\" data-element_type=\"widget\" data-widget_type=\"image-box.default\">\n\t\t\t\t\t<div class=\"elementor-image-box-wrapper\"><div class=\"elementor-image-box-content\"><h4 class=\"elementor-image-box-title\">Paso 2<\/h4><p class=\"elementor-image-box-description\">Cuando vuelvas a Tijuana Dental, se fijar\u00e1 un poste al implante ahora fusionado mediante un anest\u00e9sico local suave. Este poste soportar\u00e1 el nuevo diente o dientes. <\/p><\/div><\/div>\t\t\t\t<\/div>\n\t\t\t\t\t<\/div>\n\t\t<\/div>\n\t\t\t\t<div class=\"elementor-column elementor-col-33 elementor-inner-column elementor-element elementor-element-3b3bd80\" data-id=\"3b3bd80\" data-element_type=\"column\" data-settings=\"{&quot;background_background&quot;:&quot;classic&quot;}\">\n\t\t\t<div class=\"elementor-widget-wrap elementor-element-populated\">\n\t\t\t\t\t\t<div class=\"elementor-element elementor-element-980193a elementor-vertical-align-top elementor-widget elementor-widget-image-box\" data-id=\"980193a\" data-element_type=\"widget\" data-widget_type=\"image-box.default\">\n\t\t\t\t\t<div class=\"elementor-image-box-wrapper\"><div class=\"elementor-image-box-content\"><h4 class=\"elementor-image-box-title\">Paso 3<\/h4><p class=\"elementor-image-box-description\">Nuestros especialistas en implantes dentales tomar\u00e1n impresiones dentales de tu sonrisa y crear\u00e1n un diente de aspecto natural para fijarlo al poste. Los implantes dentales te proporcionar\u00e1n la sonrisa bonita, fuerte y funcional que siempre has deseado. <\/p><\/div><\/div>\t\t\t\t<\/div>\n\t\t\t\t\t<\/div>\n\t\t<\/div>\n\t\t\t\t\t<\/div>\n\t\t<\/section>\n\t\t\t\t\t<\/div>\n\t\t<\/div>\n\t\t\t\t\t<\/div>\n\t\t<\/section>\n\t\t\t\t<section class=\"elementor-section elementor-top-section elementor-element elementor-element-152a913 elementor-section-full_width elementor-section-height-default elementor-section-height-default\" data-id=\"152a913\" data-element_type=\"section\" data-settings=\"{&quot;background_background&quot;:&quot;classic&quot;}\">\n\t\t\t\t\t\t<div class=\"elementor-container elementor-column-gap-default\">\n\t\t\t\t\t<div class=\"elementor-column elementor-col-50 elementor-top-column elementor-element elementor-element-6e86337\" data-id=\"6e86337\" data-element_type=\"column\" data-settings=\"{&quot;background_background&quot;:&quot;classic&quot;}\">\n\t\t\t<div class=\"elementor-widget-wrap elementor-element-populated\">\n\t\t\t\t\t\t<div class=\"elementor-element elementor-element-6557ae3 elementor-widget elementor-widget-heading\" data-id=\"6557ae3\" data-element_type=\"widget\" data-widget_type=\"heading.default\">\n\t\t\t\t\t<h2 class=\"elementor-heading-title elementor-size-default\"><a href=\"#contact\">OBTENER UN PRESUPUESTO GRATUITO<\/a><\/h2>\t\t\t\t<\/div>\n\t\t\t\t\t<\/div>\n\t\t<\/div>\n\t\t\t\t<div class=\"elementor-column elementor-col-50 elementor-top-column elementor-element elementor-element-8f1bff0\" data-id=\"8f1bff0\" data-element_type=\"column\" data-settings=\"{&quot;background_background&quot;:&quot;classic&quot;}\">\n\t\t\t<div class=\"elementor-widget-wrap elementor-element-populated\">\n\t\t\t\t\t\t<div class=\"elementor-element elementor-element-36c001b elementor-widget elementor-widget-heading\" data-id=\"36c001b\" data-element_type=\"widget\" data-widget_type=\"heading.default\">\n\t\t\t\t\t<h2 class=\"elementor-heading-title elementor-size-default\"><a href=\"#contact\">\u00a1PIDE CITA HOY MISMO!<\/a><\/h2>\t\t\t\t<\/div>\n\t\t\t\t\t<\/div>\n\t\t<\/div>\n\t\t\t\t\t<\/div>\n\t\t<\/section>\n\t\t\t\t<\/div>\n\t\t","protected":false},"excerpt":{"rendered":"<p>Implantes dentales Si te faltan dientes, tienes que sustituirlos o tienes alguna de las siguientes necesidades, puedes ser un buen candidato para los implantes dentales. \u00a1Pide hoy mismo un presupuesto gratuito! \u00bfC\u00f3mo sabes si eres candidato a un implante dental? Te faltan dientes. Tienes la \u00abcara hundida\u00bb debido a huecos o falta de dientes. Tus [&hellip;]<\/p>\n","protected":false},"author":1,"featured_media":0,"parent":0,"menu_order":0,"comment_status":"closed","ping_status":"closed","template":"","meta":{"footnotes":""},"class_list":["post-1546","page","type-page","status-publish","hentry"],"_links":{"self":[{"href":"https:\/\/tijuanadental.net\/es\/wp-json\/wp\/v2\/pages\/1546","targetHints":{"allow":["GET"]}}],"collection":[{"href":"https:\/\/tijuanadental.net\/es\/wp-json\/wp\/v2\/pages"}],"about":[{"href":"https:\/\/tijuanadental.net\/es\/wp-json\/wp\/v2\/types\/page"}],"author":[{"embeddable":true,"href":"https:\/\/tijuanadental.net\/es\/wp-json\/wp\/v2\/users\/1"}],"replies":[{"embeddable":true,"href":"https:\/\/tijuanadental.net\/es\/wp-json\/wp\/v2\/comments?post=1546"}],"version-history":[{"count":4,"href":"https:\/\/tijuanadental.net\/es\/wp-json\/wp\/v2\/pages\/1546\/revisions"}],"predecessor-version":[{"id":1596,"href":"https:\/\/tijuanadental.net\/es\/wp-json\/wp\/v2\/pages\/1546\/revisions\/1596"}],"wp:attachment":[{"href":"https:\/\/tijuanadental.net\/es\/wp-json\/wp\/v2\/media?parent=1546"}],"curies":[{"name":"wp","href":"https:\/\/api.w.org\/{rel}","templated":true}]}}