{"id":1556,"date":"2021-07-14T20:36:00","date_gmt":"2021-07-14T20:36:00","guid":{"rendered":"https:\/\/tijuanadental.net\/coronas-y-puentes\/"},"modified":"2025-11-20T00:40:27","modified_gmt":"2025-11-20T00:40:27","slug":"coronas-y-puentes","status":"publish","type":"page","link":"https:\/\/tijuanadental.net\/es\/coronas-y-puentes\/","title":{"rendered":"Coronas y puentes"},"content":{"rendered":"\t\t<div data-elementor-type=\"wp-page\" data-elementor-id=\"1556\" class=\"elementor elementor-1556 elementor-487\" data-elementor-post-type=\"page\">\n\t\t\t\t<div class=\"elementor-element elementor-element-7018a0c e-flex e-con-boxed e-con e-parent\" data-id=\"7018a0c\" data-element_type=\"container\" data-settings=\"{&quot;background_background&quot;:&quot;classic&quot;}\">\n\t\t\t\t\t<div class=\"e-con-inner\">\n\t\t<div class=\"elementor-element elementor-element-c5ee677 e-con-full e-flex e-con e-child\" data-id=\"c5ee677\" data-element_type=\"container\">\n\t\t\t\t<div class=\"elementor-element elementor-element-00a77d6 elementor-widget elementor-widget-heading\" data-id=\"00a77d6\" data-element_type=\"widget\" data-widget_type=\"heading.default\">\n\t\t\t\t\t<h1 class=\"elementor-heading-title elementor-size-default\">Coronas y puentes<\/h1>\t\t\t\t<\/div>\n\t\t\t\t<div class=\"elementor-element elementor-element-aeee28d elementor-widget elementor-widget-text-editor\" data-id=\"aeee28d\" data-element_type=\"widget\" data-widget_type=\"text-editor.default\">\n\t\t\t\t\t\t\t\t\t<p>Las coronas, com\u00fanmente conocidas como \u00abfundas\u00bb, se utilizan para rellenar un hueco o un diente da\u00f1ado, con el fin de devolver al diente, antes funcional, su utilidad y est\u00e9tica originales. El diente natural, o el resto de un diente astillado o da\u00f1ado, se remodela eliminando la zona da\u00f1ada o cariada y sustituy\u00e9ndola por una corona de aspecto natural que imita al diente real. <\/p>\t\t\t\t\t\t\t\t<\/div>\n\t\t\t\t<\/div>\n\t\t<div class=\"elementor-element elementor-element-1b8a5b6 e-con-full e-flex e-con e-child\" data-id=\"1b8a5b6\" data-element_type=\"container\">\n\t\t\t\t<div class=\"elementor-element elementor-element-5a54a9d elementor-widget elementor-widget-heading\" data-id=\"5a54a9d\" data-element_type=\"widget\" data-widget_type=\"heading.default\">\n\t\t\t\t\t<h4 class=\"elementor-heading-title elementor-size-default\">\u00a1Pide hoy mismo un presupuesto gratuito!<\/h4>\t\t\t\t<\/div>\n\t\t\t\t<div class=\"elementor-element elementor-element-fec5cd7 elementor-widget__width-inherit elementor-widget elementor-widget-html\" data-id=\"fec5cd7\" data-element_type=\"widget\" data-widget_type=\"html.default\">\n\t\t\t\t\t<iframe src=\"https:\/\/crm.tijuanadental.net\/widget\/form\/Ie1g1KRXhYwEL7Kddlu1\" style=\"width:100%;height:100%;border:none;border-radius:3px\" id=\"inline-Ie1g1KRXhYwEL7Kddlu1\" data-layout=\"{'id':'INLINE'}\" data-trigger-type=\"alwaysShow\" data-trigger-value=\"\" data-activation-type=\"alwaysActivated\" data-activation-value=\"\" data-deactivation-type=\"neverDeactivate\" data-deactivation-value=\"\" data-form-name=\"CONTACT FORM\" data-height=\"552\" data-layout-iframe-id=\"inline-Ie1g1KRXhYwEL7Kddlu1\" data-form-id=\"Ie1g1KRXhYwEL7Kddlu1\" title=\"FORMULARIO DE CONTACTO\">\r\n<\/iframe>\r\n<script src=\"https:\/\/crm.tijuanadental.net\/js\/form_embed.js\"><\/script>\t\t\t\t<\/div>\n\t\t\t\t<\/div>\n\t\t\t\t\t<\/div>\n\t\t\t\t<\/div>\n\t\t\t\t<section class=\"elementor-section elementor-top-section elementor-element elementor-element-5fb7ac6 elementor-section-boxed elementor-section-height-default elementor-section-height-default\" data-id=\"5fb7ac6\" data-element_type=\"section\">\n\t\t\t\t\t\t<div class=\"elementor-container elementor-column-gap-default\">\n\t\t\t\t\t<div class=\"elementor-column elementor-col-50 elementor-top-column elementor-element elementor-element-30817145 elementor-hidden-tablet\" data-id=\"30817145\" data-element_type=\"column\">\n\t\t\t<div class=\"elementor-widget-wrap elementor-element-populated\">\n\t\t\t\t\t\t<div class=\"elementor-element elementor-element-1ebc4c33 elementor-widget elementor-widget-image\" data-id=\"1ebc4c33\" data-element_type=\"widget\" data-widget_type=\"image.default\">\n\t\t\t\t\t\t\t\t\t\t\t\t\t\t\t<img fetchpriority=\"high\" decoding=\"async\" width=\"507\" height=\"338\" src=\"https:\/\/tijuanadental.net\/wp-content\/uploads\/2021\/07\/crowns-bridges.jpg\" class=\"attachment-large size-large wp-image-1561\" alt=\"\" srcset=\"https:\/\/tijuanadental.net\/wp-content\/uploads\/2021\/07\/crowns-bridges.jpg 507w, https:\/\/tijuanadental.net\/wp-content\/uploads\/2021\/07\/crowns-bridges-300x200.jpg 300w\" sizes=\"(max-width: 507px) 100vw, 507px\" \/>\t\t\t\t\t\t\t\t\t\t\t\t\t\t\t<\/div>\n\t\t\t\t\t<\/div>\n\t\t<\/div>\n\t\t\t\t<div class=\"elementor-column elementor-col-50 elementor-top-column elementor-element elementor-element-6acb0b0\" data-id=\"6acb0b0\" data-element_type=\"column\">\n\t\t\t<div class=\"elementor-widget-wrap elementor-element-populated\">\n\t\t\t\t\t\t<div class=\"elementor-element elementor-element-1a49fe69 elementor-widget elementor-widget-text-editor\" data-id=\"1a49fe69\" data-element_type=\"widget\" data-widget_type=\"text-editor.default\">\n\t\t\t\t\t\t\t\t\t<p>Si te has sometido a una endodoncia, te faltan dientes o tienes implantes dentales, se puede utilizar una corona para sustituir estos d\u00e9ficits. Las coronas tradicionales se hac\u00edan de oro y porcelana, fijando la corona modelada a una base de oro resistente. Sin embargo, la nueva tecnolog\u00eda ha pasado a utilizar porcelana y cer\u00e1mica muy duradera, lo que permite una excelente adaptaci\u00f3n del color y la textura. Otra ventaja es que la nueva tecnolog\u00eda permite a nuestros profesionales dentales completar a menudo el proceso de la corona en una sola visita, frente al antiguo proceso tradicional de dos visitas.   <\/p><p>No importa qu\u00e9 material se utiliza para su corona, usted puede estar seguro de que est\u00e1 recibiendo la m\u00e1s alta calidad de servicio y tecnolog\u00eda, mientras que en M\u00e9xico Dental Team. Te garantizamos que te encantar\u00e1 tu nueva corona. Estar\u00e1 colocada de forma tan natural que ni siquiera la notar\u00e1s.  <\/p>\t\t\t\t\t\t\t\t<\/div>\n\t\t\t\t<div class=\"elementor-element elementor-element-51946bbb elementor-mobile-align-center elementor-tablet-align-center elementor-widget elementor-widget-button\" data-id=\"51946bbb\" data-element_type=\"widget\" data-widget_type=\"button.default\">\n\t\t\t\t\t\t\t\t\t\t<a class=\"elementor-button elementor-button-link elementor-size-sm\" href=\"#contact\">\n\t\t\t\t\t\t<span class=\"elementor-button-content-wrapper\">\n\t\t\t\t\t\t\t\t\t<span class=\"elementor-button-text\">Pide un presupuesto gratuito<\/span>\n\t\t\t\t\t<\/span>\n\t\t\t\t\t<\/a>\n\t\t\t\t\t\t\t\t<\/div>\n\t\t\t\t\t<\/div>\n\t\t<\/div>\n\t\t\t\t\t<\/div>\n\t\t<\/section>\n\t\t\t\t<section class=\"elementor-section elementor-top-section elementor-element elementor-element-3c24fceb elementor-section-boxed elementor-section-height-default elementor-section-height-default\" data-id=\"3c24fceb\" data-element_type=\"section\">\n\t\t\t\t\t\t<div class=\"elementor-container elementor-column-gap-default\">\n\t\t\t\t\t<div class=\"elementor-column elementor-col-50 elementor-top-column elementor-element elementor-element-2bef7777\" data-id=\"2bef7777\" data-element_type=\"column\">\n\t\t\t<div class=\"elementor-widget-wrap elementor-element-populated\">\n\t\t\t\t\t\t<div class=\"elementor-element elementor-element-1720c2ba elementor-widget elementor-widget-heading\" data-id=\"1720c2ba\" data-element_type=\"widget\" data-widget_type=\"heading.default\">\n\t\t\t\t\t<h2 class=\"elementor-heading-title elementor-size-default\">\u00bfPor qu\u00e9 necesito una corona dental?<\/h2>\t\t\t\t<\/div>\n\t\t\t\t<div class=\"elementor-element elementor-element-25e51cb9 elementor-widget elementor-widget-text-editor\" data-id=\"25e51cb9\" data-element_type=\"widget\" data-widget_type=\"text-editor.default\">\n\t\t\t\t\t\t\t\t\t<ul><li>Dientes podridos.<\/li><li>Dientes astillados o da\u00f1ados.<\/li><li>Hueco en la sonrisa por falta de dientes.<\/li><li>Para colocar sobre un implante dental.<\/li><li>Una opci\u00f3n potencial m\u00e1s c\u00f3moda en sustituci\u00f3n de las dentaduras postizas.<\/li><li>Para dar a tu mand\u00edbula y mejillas un aspecto m\u00e1s lleno y est\u00e9ticamente agradable si te faltan dientes.<\/li><\/ul>\t\t\t\t\t\t\t\t<\/div>\n\t\t\t\t\t<\/div>\n\t\t<\/div>\n\t\t\t\t<div class=\"elementor-column elementor-col-50 elementor-top-column elementor-element elementor-element-2e1ae195\" data-id=\"2e1ae195\" data-element_type=\"column\">\n\t\t\t<div class=\"elementor-widget-wrap elementor-element-populated\">\n\t\t\t\t\t\t<div class=\"elementor-element elementor-element-f6fac96 elementor-widget elementor-widget-image\" data-id=\"f6fac96\" data-element_type=\"widget\" data-widget_type=\"image.default\">\n\t\t\t\t\t\t\t\t\t\t\t\t\t\t\t<img decoding=\"async\" width=\"800\" height=\"534\" src=\"https:\/\/tijuanadental.net\/wp-content\/uploads\/2021\/07\/80874046_s.jpg\" class=\"attachment-large size-large wp-image-1560\" alt=\"\" srcset=\"https:\/\/tijuanadental.net\/wp-content\/uploads\/2021\/07\/80874046_s.jpg 847w, https:\/\/tijuanadental.net\/wp-content\/uploads\/2021\/07\/80874046_s-300x200.jpg 300w, https:\/\/tijuanadental.net\/wp-content\/uploads\/2021\/07\/80874046_s-768x512.jpg 768w\" sizes=\"(max-width: 800px) 100vw, 800px\" \/>\t\t\t\t\t\t\t\t\t\t\t\t\t\t\t<\/div>\n\t\t\t\t\t<\/div>\n\t\t<\/div>\n\t\t\t\t\t<\/div>\n\t\t<\/section>\n\t\t\t\t<section class=\"elementor-section elementor-top-section elementor-element elementor-element-16b93220 elementor-section-boxed elementor-section-height-default elementor-section-height-default\" data-id=\"16b93220\" data-element_type=\"section\" data-settings=\"{&quot;background_background&quot;:&quot;slideshow&quot;,&quot;background_slideshow_gallery&quot;:[{&quot;id&quot;:1549,&quot;url&quot;:&quot;https:\\\/\\\/tijuanadental.net\\\/wp-content\\\/uploads\\\/2021\\\/06\\\/young-woman-getting-dental-treatment-dental-clinic-PXA9645.jpg&quot;}],&quot;background_slideshow_loop&quot;:&quot;yes&quot;,&quot;background_slideshow_slide_duration&quot;:5000,&quot;background_slideshow_slide_transition&quot;:&quot;fade&quot;,&quot;background_slideshow_transition_duration&quot;:500}\">\n\t\t\t\t\t\t\t<div class=\"elementor-background-overlay\"><\/div>\n\t\t\t\t\t\t\t<div class=\"elementor-container elementor-column-gap-default\">\n\t\t\t\t\t<div class=\"elementor-column elementor-col-100 elementor-top-column elementor-element elementor-element-1b1b5b43\" data-id=\"1b1b5b43\" data-element_type=\"column\">\n\t\t\t<div class=\"elementor-widget-wrap elementor-element-populated\">\n\t\t\t\t\t\t<div class=\"elementor-element elementor-element-2648e968 elementor-widget elementor-widget-heading\" data-id=\"2648e968\" data-element_type=\"widget\" data-widget_type=\"heading.default\">\n\t\t\t\t\t<h2 class=\"elementor-heading-title elementor-size-default\">Puentes dentales<\/h2>\t\t\t\t<\/div>\n\t\t\t\t<div class=\"elementor-element elementor-element-13214471 elementor-widget elementor-widget-text-editor\" data-id=\"13214471\" data-element_type=\"widget\" data-widget_type=\"text-editor.default\">\n\t\t\t\t\t\t\t\t\t<p>Los puentes dentales se utilizan para cerrar espacios entre dientes, \u00abuni\u00e9ndolos\u00bb para crear una sonrisa m\u00e1s est\u00e9tica y funcional. Se utilizan coronas en los dos dientes existentes a cada lado del hueco, y se coloca un diente postizo en medio para salvar el hueco, dependiendo de cu\u00e1ntos dientes falten o de lo separados que est\u00e9n los dientes. El diente o dientes postizos centrales se denominan p\u00f3nticos. Se pueden utilizar diversos materiales para crear el p\u00f3ntico, como porcelana, aleaciones, oro o materiales combinados que se sujetan mediante un implante o los dientes naturales existentes.   <\/p><p>Aunque algunos clientes optan por los puentes dentales por motivos est\u00e9ticos, \u00a1los puentes tambi\u00e9n son \u00fatiles para diversas funciones importantes! Los huecos en los dientes pueden causar problemas al masticar, hablar y hacer que se desplacen otros dientes de la mand\u00edbula. Permite que nuestro equipo dental cree un plan de tratamiento personalizado, eligiendo qu\u00e9 puente dental ser\u00eda perfecto para tus necesidades. El equipo altamente cualificado de Tijuana Dental puede proporcionarte los dientes c\u00f3modos, funcionales y bonitos que siempre has deseado, y asegurarse de que disfrutes durante a\u00f1os de tu nueva sonrisa sin problemas.   <\/p>\t\t\t\t\t\t\t\t<\/div>\n\t\t\t\t\t<\/div>\n\t\t<\/div>\n\t\t\t\t\t<\/div>\n\t\t<\/section>\n\t\t\t\t<section class=\"elementor-section elementor-top-section elementor-element elementor-element-3c96b884 elementor-section-boxed elementor-section-height-default elementor-section-height-default\" data-id=\"3c96b884\" data-element_type=\"section\" data-settings=\"{&quot;background_background&quot;:&quot;classic&quot;}\">\n\t\t\t\t\t\t<div class=\"elementor-container elementor-column-gap-default\">\n\t\t\t\t\t<div class=\"elementor-column elementor-col-25 elementor-top-column elementor-element elementor-element-7b17b442\" data-id=\"7b17b442\" data-element_type=\"column\" data-settings=\"{&quot;background_background&quot;:&quot;classic&quot;}\">\n\t\t\t<div class=\"elementor-widget-wrap elementor-element-populated\">\n\t\t\t\t\t\t<div class=\"elementor-element elementor-element-7fcd4f18 elementor-widget-mobile__width-inherit elementor-vertical-align-top elementor-widget elementor-widget-image-box\" data-id=\"7fcd4f18\" data-element_type=\"widget\" data-widget_type=\"image-box.default\">\n\t\t\t\t\t<div class=\"elementor-image-box-wrapper\"><div class=\"elementor-image-box-content\"><h4 class=\"elementor-image-box-title\">Puentes tradicionales<\/h4><p class=\"elementor-image-box-description\">Es el tipo de puente m\u00e1s utilizado. Se coloca una corona a cada lado del hueco y se fija un p\u00f3ntico de porcelana met\u00e1lica o cer\u00e1mica para sustituir el diente que falta. <\/p><\/div><\/div>\t\t\t\t<\/div>\n\t\t\t\t\t<\/div>\n\t\t<\/div>\n\t\t\t\t<div class=\"elementor-column elementor-col-25 elementor-top-column elementor-element elementor-element-9a46769\" data-id=\"9a46769\" data-element_type=\"column\" data-settings=\"{&quot;background_background&quot;:&quot;classic&quot;}\">\n\t\t\t<div class=\"elementor-widget-wrap elementor-element-populated\">\n\t\t\t\t\t\t<div class=\"elementor-element elementor-element-072187d elementor-widget-mobile__width-inherit elementor-vertical-align-top elementor-widget elementor-widget-image-box\" data-id=\"072187d\" data-element_type=\"widget\" data-widget_type=\"image-box.default\">\n\t\t\t\t\t<div class=\"elementor-image-box-wrapper\"><div class=\"elementor-image-box-content\"><h4 class=\"elementor-image-box-title\">Puentes de circonio<\/h4><p class=\"elementor-image-box-description\">Al utilizar cer\u00e1mica dental de circonio muy duradera, este puente de alta calidad no crea la posible decoloraci\u00f3n gris alrededor del borde del diente, como se ve a veces con los puentes tradicionales. El cliente puede experimentar menos sensibilidad dental que con los puentes tradicionales, y muy raramente provocan reacciones al\u00e9rgicas.   <\/p><\/div><\/div>\t\t\t\t<\/div>\n\t\t\t\t\t<\/div>\n\t\t<\/div>\n\t\t\t\t<div class=\"elementor-column elementor-col-25 elementor-top-column elementor-element elementor-element-8625f32\" data-id=\"8625f32\" data-element_type=\"column\" data-settings=\"{&quot;background_background&quot;:&quot;classic&quot;}\">\n\t\t\t<div class=\"elementor-widget-wrap elementor-element-populated\">\n\t\t\t\t\t\t<div class=\"elementor-element elementor-element-146e1e9 elementor-widget-mobile__width-inherit elementor-vertical-align-top elementor-widget elementor-widget-image-box\" data-id=\"146e1e9\" data-element_type=\"widget\" data-widget_type=\"image-box.default\">\n\t\t\t\t\t<div class=\"elementor-image-box-wrapper\"><div class=\"elementor-image-box-content\"><h4 class=\"elementor-image-box-title\">Puentes de enlace de Maryland<\/h4><p class=\"elementor-image-box-description\">Utilizando un diente postizo, se fija una estructura de alas met\u00e1licas a la parte posterior del puente. El diente postizo se coloca en el hueco y las alas met\u00e1licas se adhieren a los dientes de ambos lados del hueco.   <\/p><\/div><\/div>\t\t\t\t<\/div>\n\t\t\t\t\t<\/div>\n\t\t<\/div>\n\t\t\t\t<div class=\"elementor-column elementor-col-25 elementor-top-column elementor-element elementor-element-a3aaf58\" data-id=\"a3aaf58\" data-element_type=\"column\" data-settings=\"{&quot;background_background&quot;:&quot;classic&quot;}\">\n\t\t\t<div class=\"elementor-widget-wrap elementor-element-populated\">\n\t\t\t\t\t\t<div class=\"elementor-element elementor-element-56bb13a elementor-widget-mobile__width-inherit elementor-vertical-align-top elementor-widget elementor-widget-image-box\" data-id=\"56bb13a\" data-element_type=\"widget\" data-widget_type=\"image-box.default\">\n\t\t\t\t\t<div class=\"elementor-image-box-wrapper\"><div class=\"elementor-image-box-content\"><h4 class=\"elementor-image-box-title\">Puentes en voladizo<\/h4><p class=\"elementor-image-box-description\">Estos puentes son los menos utilizados, y utilizan un sistema similar al de un puente tradicional. Estos puentes s\u00f3lo se utilizan en caso de que no haya dientes adyacentes, o s\u00f3lo un diente adyacente al hueco que se va a rellenar. <\/p><\/div><\/div>\t\t\t\t<\/div>\n\t\t\t\t\t<\/div>\n\t\t<\/div>\n\t\t\t\t\t<\/div>\n\t\t<\/section>\n\t\t\t\t<section class=\"elementor-section elementor-top-section elementor-element elementor-element-5d819d7 elementor-section-full_width elementor-section-height-default elementor-section-height-default\" data-id=\"5d819d7\" data-element_type=\"section\" data-settings=\"{&quot;background_background&quot;:&quot;classic&quot;}\">\n\t\t\t\t\t\t<div class=\"elementor-container elementor-column-gap-default\">\n\t\t\t\t\t<div class=\"elementor-column elementor-col-50 elementor-top-column elementor-element elementor-element-5581bc2\" data-id=\"5581bc2\" data-element_type=\"column\" data-settings=\"{&quot;background_background&quot;:&quot;classic&quot;}\">\n\t\t\t<div class=\"elementor-widget-wrap elementor-element-populated\">\n\t\t\t\t\t\t<div class=\"elementor-element elementor-element-7702fcf elementor-widget elementor-widget-heading\" data-id=\"7702fcf\" data-element_type=\"widget\" data-widget_type=\"heading.default\">\n\t\t\t\t\t<h2 class=\"elementor-heading-title elementor-size-default\"><a href=\"#contact\">OBTENER UN PRESUPUESTO GRATUITO<\/a><\/h2>\t\t\t\t<\/div>\n\t\t\t\t\t<\/div>\n\t\t<\/div>\n\t\t\t\t<div class=\"elementor-column elementor-col-50 elementor-top-column elementor-element elementor-element-5e9072f\" data-id=\"5e9072f\" data-element_type=\"column\" data-settings=\"{&quot;background_background&quot;:&quot;classic&quot;}\">\n\t\t\t<div class=\"elementor-widget-wrap elementor-element-populated\">\n\t\t\t\t\t\t<div class=\"elementor-element elementor-element-12a5587 elementor-widget elementor-widget-heading\" data-id=\"12a5587\" data-element_type=\"widget\" data-widget_type=\"heading.default\">\n\t\t\t\t\t<h2 class=\"elementor-heading-title elementor-size-default\"><a href=\"#contact\">\u00a1PIDE CITA HOY MISMO!<\/a><\/h2>\t\t\t\t<\/div>\n\t\t\t\t\t<\/div>\n\t\t<\/div>\n\t\t\t\t\t<\/div>\n\t\t<\/section>\n\t\t\t\t<\/div>\n\t\t","protected":false},"excerpt":{"rendered":"<p>Las coronas, com\u00fanmente conocidas como \u00abfundas\u00bb, se utilizan para rellenar un hueco o un diente da\u00f1ado, con el fin de devolver al diente, antes funcional, su utilidad y est\u00e9tica originales. El diente natural, o el resto de un diente astillado o da\u00f1ado, se remodela eliminando la zona da\u00f1ada o cariada y sustituy\u00e9ndola por una corona [&hellip;]<\/p>\n","protected":false},"author":1,"featured_media":0,"parent":0,"menu_order":0,"comment_status":"closed","ping_status":"closed","template":"","meta":{"footnotes":""},"class_list":["post-1556","page","type-page","status-publish","hentry"],"_links":{"self":[{"href":"https:\/\/tijuanadental.net\/es\/wp-json\/wp\/v2\/pages\/1556","targetHints":{"allow":["GET"]}}],"collection":[{"href":"https:\/\/tijuanadental.net\/es\/wp-json\/wp\/v2\/pages"}],"about":[{"href":"https:\/\/tijuanadental.net\/es\/wp-json\/wp\/v2\/types\/page"}],"author":[{"embeddable":true,"href":"https:\/\/tijuanadental.net\/es\/wp-json\/wp\/v2\/users\/1"}],"replies":[{"embeddable":true,"href":"https:\/\/tijuanadental.net\/es\/wp-json\/wp\/v2\/comments?post=1556"}],"version-history":[{"count":4,"href":"https:\/\/tijuanadental.net\/es\/wp-json\/wp\/v2\/pages\/1556\/revisions"}],"predecessor-version":[{"id":1589,"href":"https:\/\/tijuanadental.net\/es\/wp-json\/wp\/v2\/pages\/1556\/revisions\/1589"}],"wp:attachment":[{"href":"https:\/\/tijuanadental.net\/es\/wp-json\/wp\/v2\/media?parent=1556"}],"curies":[{"name":"wp","href":"https:\/\/api.w.org\/{rel}","templated":true}]}}