{"id":1557,"date":"2021-06-14T19:24:12","date_gmt":"2021-06-14T19:24:12","guid":{"rendered":"https:\/\/tijuanadental.net\/servicios\/"},"modified":"2025-11-20T00:45:25","modified_gmt":"2025-11-20T00:45:25","slug":"servicios","status":"publish","type":"page","link":"https:\/\/tijuanadental.net\/es\/servicios\/","title":{"rendered":"Servicios"},"content":{"rendered":"\t\t<div data-elementor-type=\"wp-page\" data-elementor-id=\"1557\" class=\"elementor elementor-1557 elementor-129\" data-elementor-post-type=\"page\">\n\t\t\t\t\t\t<section class=\"elementor-section elementor-top-section elementor-element elementor-element-301a6758 elementor-section-boxed elementor-section-height-default elementor-section-height-default\" data-id=\"301a6758\" data-element_type=\"section\">\n\t\t\t\t\t\t<div class=\"elementor-container elementor-column-gap-default\">\n\t\t\t\t\t<div class=\"elementor-column elementor-col-100 elementor-top-column elementor-element elementor-element-79c56416\" data-id=\"79c56416\" data-element_type=\"column\">\n\t\t\t<div class=\"elementor-widget-wrap elementor-element-populated\">\n\t\t\t\t\t\t<section class=\"elementor-section elementor-inner-section elementor-element elementor-element-e99a5cb elementor-section-boxed elementor-section-height-default elementor-section-height-default\" data-id=\"e99a5cb\" data-element_type=\"section\">\n\t\t\t\t\t\t<div class=\"elementor-container elementor-column-gap-default\">\n\t\t\t\t\t<div class=\"elementor-column elementor-col-100 elementor-inner-column elementor-element elementor-element-247bca16\" data-id=\"247bca16\" data-element_type=\"column\">\n\t\t\t<div class=\"elementor-widget-wrap elementor-element-populated\">\n\t\t\t\t\t\t<div class=\"elementor-element elementor-element-18963819 elementor-widget elementor-widget-heading\" data-id=\"18963819\" data-element_type=\"widget\" data-widget_type=\"heading.default\">\n\t\t\t\t\t<h3 class=\"elementor-heading-title elementor-size-default\">Servicios dentales que ofrecemos<\/h3>\t\t\t\t<\/div>\n\t\t\t\t\t<\/div>\n\t\t<\/div>\n\t\t\t\t\t<\/div>\n\t\t<\/section>\n\t\t\t\t<section class=\"elementor-section elementor-inner-section elementor-element elementor-element-c55b2ee elementor-section-boxed elementor-section-height-default elementor-section-height-default\" data-id=\"c55b2ee\" data-element_type=\"section\">\n\t\t\t\t\t\t<div class=\"elementor-container elementor-column-gap-default\">\n\t\t\t\t\t<div class=\"elementor-column elementor-col-33 elementor-inner-column elementor-element elementor-element-211701a\" data-id=\"211701a\" data-element_type=\"column\">\n\t\t\t<div class=\"elementor-widget-wrap elementor-element-populated\">\n\t\t\t\t\t\t<div class=\"elementor-element elementor-element-c6a47c7 elementor-position-top elementor-widget elementor-widget-image-box\" data-id=\"c6a47c7\" data-element_type=\"widget\" data-widget_type=\"image-box.default\">\n\t\t\t\t\t<div class=\"elementor-image-box-wrapper\"><figure class=\"elementor-image-box-img\"><a href=\"https:\/\/tijuanadental.net\/es\/?page_id=1546\" tabindex=\"-1\"><img decoding=\"async\" src=\"https:\/\/tijuanadental.net\/wp-content\/uploads\/elementor\/thumbs\/mexicodentalteam-treatments-5-qqxerm66hsjscje8dpdairzng6w3m6t5xliaegscdc.jpg\" title=\"Implante dental en el modelo de dientes, enc\u00edas y dentaduras humanas. Denta\" alt=\"Implante dental en el modelo de dientes, enc\u00edas y dentaduras humanas. Concepto de estomatolog\u00eda dental. Ilustraci\u00f3n 3d\" loading=\"lazy\" \/><\/a><\/figure><div class=\"elementor-image-box-content\"><h5 class=\"elementor-image-box-title\"><a href=\"https:\/\/tijuanadental.net\/es\/?page_id=1546\">Implantes dentales<\/a><\/h5><p class=\"elementor-image-box-description\">Nuestro equipo altamente cualificado de periodoncistas, cirujanos orales y especialistas en implantes ofrece el m\u00e1ximo nivel de formaci\u00f3n y experiencia para garantizar un proceso seguro, pr\u00e1cticamente indoloro y con resultados notables.<\/p><\/div><\/div>\t\t\t\t<\/div>\n\t\t\t\t<div class=\"elementor-element elementor-element-d276e19 elementor-widget elementor-widget-button\" data-id=\"d276e19\" data-element_type=\"widget\" data-widget_type=\"button.default\">\n\t\t\t\t\t\t\t\t\t\t<a class=\"elementor-button elementor-button-link elementor-size-xs\" href=\"https:\/\/tijuanadental.net\/es\/?page_id=1546\">\n\t\t\t\t\t\t<span class=\"elementor-button-content-wrapper\">\n\t\t\t\t\t\t\t\t\t<span class=\"elementor-button-text\">Ver m\u00e1s<\/span>\n\t\t\t\t\t<\/span>\n\t\t\t\t\t<\/a>\n\t\t\t\t\t\t\t\t<\/div>\n\t\t\t\t\t<\/div>\n\t\t<\/div>\n\t\t\t\t<div class=\"elementor-column elementor-col-33 elementor-inner-column elementor-element elementor-element-f680d01\" data-id=\"f680d01\" data-element_type=\"column\">\n\t\t\t<div class=\"elementor-widget-wrap elementor-element-populated\">\n\t\t\t\t\t\t<div class=\"elementor-element elementor-element-328a8ba elementor-position-top elementor-widget elementor-widget-image-box\" data-id=\"328a8ba\" data-element_type=\"widget\" data-widget_type=\"image-box.default\">\n\t\t\t\t\t<div class=\"elementor-image-box-wrapper\"><figure class=\"elementor-image-box-img\"><a href=\"https:\/\/tijuanadental.net\/all-on-4-dental-implants\/\" tabindex=\"-1\"><img fetchpriority=\"high\" decoding=\"async\" width=\"600\" height=\"400\" src=\"https:\/\/tijuanadental.net\/wp-content\/uploads\/2022\/04\/All-on-4-Mexico.jpg\" class=\"attachment-full size-full wp-image-1565\" alt=\"Todo-en-4-M\u00e9xico\" srcset=\"https:\/\/tijuanadental.net\/wp-content\/uploads\/2022\/04\/All-on-4-Mexico.jpg 600w, https:\/\/tijuanadental.net\/wp-content\/uploads\/2022\/04\/All-on-4-Mexico-300x200.jpg 300w\" sizes=\"(max-width: 600px) 100vw, 600px\" \/><\/a><\/figure><div class=\"elementor-image-box-content\"><h5 class=\"elementor-image-box-title\"><a href=\"https:\/\/tijuanadental.net\/all-on-4-dental-implants\/\">All on 4<\/a><\/h5><p class=\"elementor-image-box-description\">Los implantes dentales All on 4 son un conjunto permanente de implantes dentales fijados con 4 tornillos en lugar del uso tradicional de adhesivos.<\/p><\/div><\/div>\t\t\t\t<\/div>\n\t\t\t\t<div class=\"elementor-element elementor-element-32a66c2 elementor-widget elementor-widget-button\" data-id=\"32a66c2\" data-element_type=\"widget\" data-widget_type=\"button.default\">\n\t\t\t\t\t\t\t\t\t\t<a class=\"elementor-button elementor-button-link elementor-size-xs\" href=\"https:\/\/tijuanadental.net\/all-on-4-dental-implants\/\">\n\t\t\t\t\t\t<span class=\"elementor-button-content-wrapper\">\n\t\t\t\t\t\t\t\t\t<span class=\"elementor-button-text\">Ver m\u00e1s<\/span>\n\t\t\t\t\t<\/span>\n\t\t\t\t\t<\/a>\n\t\t\t\t\t\t\t\t<\/div>\n\t\t\t\t\t<\/div>\n\t\t<\/div>\n\t\t\t\t<div class=\"elementor-column elementor-col-33 elementor-inner-column elementor-element elementor-element-1408642\" data-id=\"1408642\" data-element_type=\"column\">\n\t\t\t<div class=\"elementor-widget-wrap elementor-element-populated\">\n\t\t\t\t\t\t<div class=\"elementor-element elementor-element-aa328d8 elementor-position-top elementor-widget elementor-widget-image-box\" data-id=\"aa328d8\" data-element_type=\"widget\" data-widget_type=\"image-box.default\">\n\t\t\t\t\t<div class=\"elementor-image-box-wrapper\"><figure class=\"elementor-image-box-img\"><a href=\"https:\/\/tijuanadental.net\/surgical-dental-procedures\/\" tabindex=\"-1\"><img decoding=\"async\" width=\"600\" height=\"400\" src=\"https:\/\/tijuanadental.net\/wp-content\/uploads\/2022\/02\/mexicodentalteam-treatments-2.jpg\" class=\"attachment-full size-full wp-image-1568\" alt=\"\" srcset=\"https:\/\/tijuanadental.net\/wp-content\/uploads\/2022\/02\/mexicodentalteam-treatments-2.jpg 600w, https:\/\/tijuanadental.net\/wp-content\/uploads\/2022\/02\/mexicodentalteam-treatments-2-300x200.jpg 300w\" sizes=\"(max-width: 600px) 100vw, 600px\" \/><\/a><\/figure><div class=\"elementor-image-box-content\"><h5 class=\"elementor-image-box-title\"><a href=\"https:\/\/tijuanadental.net\/surgical-dental-procedures\/\">Cirug\u00eda dental<\/a><\/h5><p class=\"elementor-image-box-description\">Si est\u00e1s pensando en someterte a una intervenci\u00f3n quir\u00fargica bucal o en someter a alguien a quien cuidas, ll\u00e1manos para hablar de tu caso y de lo que podemos hacer para ayudarte.<\/p><\/div><\/div>\t\t\t\t<\/div>\n\t\t\t\t<div class=\"elementor-element elementor-element-5ad9871 elementor-widget elementor-widget-button\" data-id=\"5ad9871\" data-element_type=\"widget\" data-widget_type=\"button.default\">\n\t\t\t\t\t\t\t\t\t\t<a class=\"elementor-button elementor-button-link elementor-size-xs\" href=\"https:\/\/tijuanadental.net\/surgical-dental-procedures\/\">\n\t\t\t\t\t\t<span class=\"elementor-button-content-wrapper\">\n\t\t\t\t\t\t\t\t\t<span class=\"elementor-button-text\">Ver m\u00e1s<\/span>\n\t\t\t\t\t<\/span>\n\t\t\t\t\t<\/a>\n\t\t\t\t\t\t\t\t<\/div>\n\t\t\t\t\t<\/div>\n\t\t<\/div>\n\t\t\t\t\t<\/div>\n\t\t<\/section>\n\t\t\t\t<section class=\"elementor-section elementor-inner-section elementor-element elementor-element-b0258e4 elementor-section-boxed elementor-section-height-default elementor-section-height-default\" data-id=\"b0258e4\" data-element_type=\"section\">\n\t\t\t\t\t\t<div class=\"elementor-container elementor-column-gap-default\">\n\t\t\t\t\t<div class=\"elementor-column elementor-col-33 elementor-inner-column elementor-element elementor-element-cfa3807\" data-id=\"cfa3807\" data-element_type=\"column\">\n\t\t\t<div class=\"elementor-widget-wrap elementor-element-populated\">\n\t\t\t\t\t\t<div class=\"elementor-element elementor-element-f941c57 elementor-position-top elementor-widget elementor-widget-image-box\" data-id=\"f941c57\" data-element_type=\"widget\" data-widget_type=\"image-box.default\">\n\t\t\t\t\t<div class=\"elementor-image-box-wrapper\"><figure class=\"elementor-image-box-img\"><a href=\"https:\/\/tijuanadental.net\/root-canals\/\" tabindex=\"-1\"><img decoding=\"async\" width=\"600\" height=\"400\" src=\"https:\/\/tijuanadental.net\/wp-content\/uploads\/2022\/02\/mexicodentalteam-treatments-3.jpg\" class=\"attachment-full size-full wp-image-1569\" alt=\"\" srcset=\"https:\/\/tijuanadental.net\/wp-content\/uploads\/2022\/02\/mexicodentalteam-treatments-3.jpg 600w, https:\/\/tijuanadental.net\/wp-content\/uploads\/2022\/02\/mexicodentalteam-treatments-3-300x200.jpg 300w\" sizes=\"(max-width: 600px) 100vw, 600px\" \/><\/a><\/figure><div class=\"elementor-image-box-content\"><h5 class=\"elementor-image-box-title\"><a href=\"https:\/\/tijuanadental.net\/root-canals\/\">Endodoncias<\/a><\/h5><p class=\"elementor-image-box-description\">En Tijuana Dental, nuestros dentistas tienen una amplia experiencia en la realizaci\u00f3n de endodoncias, as\u00ed como en hacer que nuestros pacientes se sientan c\u00f3modos durante el procedimiento. Te sentir\u00e1s mucho mejor despu\u00e9s del tratamiento, y con los cuidados adecuados tu diente tratado funcionar\u00e1 normalmente durante muchos a\u00f1os. <\/p><\/div><\/div>\t\t\t\t<\/div>\n\t\t\t\t<div class=\"elementor-element elementor-element-86e8d9e elementor-widget elementor-widget-button\" data-id=\"86e8d9e\" data-element_type=\"widget\" data-widget_type=\"button.default\">\n\t\t\t\t\t\t\t\t\t\t<a class=\"elementor-button elementor-button-link elementor-size-xs\" href=\"https:\/\/tijuanadental.net\/root-canals\/\">\n\t\t\t\t\t\t<span class=\"elementor-button-content-wrapper\">\n\t\t\t\t\t\t\t\t\t<span class=\"elementor-button-text\">Ver m\u00e1s<\/span>\n\t\t\t\t\t<\/span>\n\t\t\t\t\t<\/a>\n\t\t\t\t\t\t\t\t<\/div>\n\t\t\t\t\t<\/div>\n\t\t<\/div>\n\t\t\t\t<div class=\"elementor-column elementor-col-33 elementor-inner-column elementor-element elementor-element-c7e760a\" data-id=\"c7e760a\" data-element_type=\"column\">\n\t\t\t<div class=\"elementor-widget-wrap elementor-element-populated\">\n\t\t\t\t\t\t<div class=\"elementor-element elementor-element-a6d4328 elementor-position-top elementor-widget elementor-widget-image-box\" data-id=\"a6d4328\" data-element_type=\"widget\" data-widget_type=\"image-box.default\">\n\t\t\t\t\t<div class=\"elementor-image-box-wrapper\"><figure class=\"elementor-image-box-img\"><a href=\"https:\/\/tijuanadental.net\/es\/?page_id=1556\" tabindex=\"-1\"><img loading=\"lazy\" decoding=\"async\" width=\"600\" height=\"400\" src=\"https:\/\/tijuanadental.net\/wp-content\/uploads\/2022\/02\/mexicodentalteam-treatments-4-e1650494830836.jpg\" class=\"attachment-full size-full wp-image-1570\" alt=\"\" srcset=\"https:\/\/tijuanadental.net\/wp-content\/uploads\/2022\/02\/mexicodentalteam-treatments-4-e1650494830836.jpg 600w, https:\/\/tijuanadental.net\/wp-content\/uploads\/2022\/02\/mexicodentalteam-treatments-4-e1650494830836-300x200.jpg 300w\" sizes=\"(max-width: 600px) 100vw, 600px\" \/><\/a><\/figure><div class=\"elementor-image-box-content\"><h5 class=\"elementor-image-box-title\"><a href=\"https:\/\/tijuanadental.net\/es\/?page_id=1556\">Coronas y puentes<\/a><\/h5><p class=\"elementor-image-box-description\">Adem\u00e1s de utilizarse para restaurar dientes da\u00f1ados, las coronas son necesarias para dientes que han sufrido endodoncias. Tambi\u00e9n se colocan sobre implantes dentales para sustituir dientes perdidos. <\/p><\/div><\/div>\t\t\t\t<\/div>\n\t\t\t\t<div class=\"elementor-element elementor-element-a1daee4 elementor-widget elementor-widget-button\" data-id=\"a1daee4\" data-element_type=\"widget\" data-widget_type=\"button.default\">\n\t\t\t\t\t\t\t\t\t\t<a class=\"elementor-button elementor-button-link elementor-size-xs\" href=\"https:\/\/tijuanadental.net\/es\/?page_id=1556\">\n\t\t\t\t\t\t<span class=\"elementor-button-content-wrapper\">\n\t\t\t\t\t\t\t\t\t<span class=\"elementor-button-text\">Ver m\u00e1s<\/span>\n\t\t\t\t\t<\/span>\n\t\t\t\t\t<\/a>\n\t\t\t\t\t\t\t\t<\/div>\n\t\t\t\t\t<\/div>\n\t\t<\/div>\n\t\t\t\t<div class=\"elementor-column elementor-col-33 elementor-inner-column elementor-element elementor-element-26f5818\" data-id=\"26f5818\" data-element_type=\"column\">\n\t\t\t<div class=\"elementor-widget-wrap elementor-element-populated\">\n\t\t\t\t\t\t<div class=\"elementor-element elementor-element-fb6600c elementor-position-top elementor-widget elementor-widget-image-box\" data-id=\"fb6600c\" data-element_type=\"widget\" data-widget_type=\"image-box.default\">\n\t\t\t\t\t<div class=\"elementor-image-box-wrapper\"><figure class=\"elementor-image-box-img\"><a href=\"https:\/\/tijuanadental.net\/porcelain-veneers\/\" tabindex=\"-1\"><img loading=\"lazy\" decoding=\"async\" width=\"600\" height=\"400\" src=\"https:\/\/tijuanadental.net\/wp-content\/uploads\/2022\/02\/mexicodentalteam-treatments-6.jpg\" class=\"attachment-full size-full wp-image-1571\" alt=\"\" srcset=\"https:\/\/tijuanadental.net\/wp-content\/uploads\/2022\/02\/mexicodentalteam-treatments-6.jpg 600w, https:\/\/tijuanadental.net\/wp-content\/uploads\/2022\/02\/mexicodentalteam-treatments-6-300x200.jpg 300w\" sizes=\"(max-width: 600px) 100vw, 600px\" \/><\/a><\/figure><div class=\"elementor-image-box-content\"><h5 class=\"elementor-image-box-title\"><a href=\"https:\/\/tijuanadental.net\/porcelain-veneers\/\">Carillas de porcelana<\/a><\/h5><p class=\"elementor-image-box-description\">\u00bfTienes los dientes muy manchados, astillados o irregulares? Si es as\u00ed, puedes ser un buen candidato para las carillas de porcelana. <\/p><\/div><\/div>\t\t\t\t<\/div>\n\t\t\t\t<div class=\"elementor-element elementor-element-8fee0f3 elementor-widget elementor-widget-button\" data-id=\"8fee0f3\" data-element_type=\"widget\" data-widget_type=\"button.default\">\n\t\t\t\t\t\t\t\t\t\t<a class=\"elementor-button elementor-button-link elementor-size-xs\" href=\"https:\/\/tijuanadental.net\/porcelain-veneers\/\">\n\t\t\t\t\t\t<span class=\"elementor-button-content-wrapper\">\n\t\t\t\t\t\t\t\t\t<span class=\"elementor-button-text\">Ver m\u00e1s<\/span>\n\t\t\t\t\t<\/span>\n\t\t\t\t\t<\/a>\n\t\t\t\t\t\t\t\t<\/div>\n\t\t\t\t\t<\/div>\n\t\t<\/div>\n\t\t\t\t\t<\/div>\n\t\t<\/section>\n\t\t\t\t<section class=\"elementor-section elementor-inner-section elementor-element elementor-element-2136478 elementor-section-boxed elementor-section-height-default elementor-section-height-default\" data-id=\"2136478\" data-element_type=\"section\">\n\t\t\t\t\t\t<div class=\"elementor-container elementor-column-gap-default\">\n\t\t\t\t\t<div class=\"elementor-column elementor-col-33 elementor-inner-column elementor-element elementor-element-d94fa34\" data-id=\"d94fa34\" data-element_type=\"column\">\n\t\t\t<div class=\"elementor-widget-wrap elementor-element-populated\">\n\t\t\t\t\t\t<div class=\"elementor-element elementor-element-3a63d04 elementor-position-top elementor-widget elementor-widget-image-box\" data-id=\"3a63d04\" data-element_type=\"widget\" data-widget_type=\"image-box.default\">\n\t\t\t\t\t<div class=\"elementor-image-box-wrapper\"><figure class=\"elementor-image-box-img\"><a href=\"https:\/\/tijuanadental.net\/fillings-and-bondings\/\" tabindex=\"-1\"><img loading=\"lazy\" decoding=\"async\" width=\"600\" height=\"400\" src=\"https:\/\/tijuanadental.net\/wp-content\/uploads\/2022\/02\/mexicodentalteam-treatments-1.jpg\" class=\"attachment-full size-full wp-image-1572\" alt=\"\" srcset=\"https:\/\/tijuanadental.net\/wp-content\/uploads\/2022\/02\/mexicodentalteam-treatments-1.jpg 600w, https:\/\/tijuanadental.net\/wp-content\/uploads\/2022\/02\/mexicodentalteam-treatments-1-300x200.jpg 300w\" sizes=\"(max-width: 600px) 100vw, 600px\" \/><\/a><\/figure><div class=\"elementor-image-box-content\"><h5 class=\"elementor-image-box-title\"><a href=\"https:\/\/tijuanadental.net\/fillings-and-bondings\/\">Empastes y adhesivos<\/a><\/h5><p class=\"elementor-image-box-description\">Aunque se llaman \"empastes blancos de composite\", en realidad est\u00e1n te\u00f1idos para que coincidan con el color del diente que se empasta, de modo que el resultado final apenas se nota. El material compuesto se moldea y se adhiere al diente, devolvi\u00e9ndole la mayor parte de su resistencia original. <\/p><\/div><\/div>\t\t\t\t<\/div>\n\t\t\t\t<div class=\"elementor-element elementor-element-df960e4 elementor-widget elementor-widget-button\" data-id=\"df960e4\" data-element_type=\"widget\" data-widget_type=\"button.default\">\n\t\t\t\t\t\t\t\t\t\t<a class=\"elementor-button elementor-button-link elementor-size-xs\" href=\"https:\/\/tijuanadental.net\/fillings-and-bondings\/\">\n\t\t\t\t\t\t<span class=\"elementor-button-content-wrapper\">\n\t\t\t\t\t\t\t\t\t<span class=\"elementor-button-text\">Ver m\u00e1s<\/span>\n\t\t\t\t\t<\/span>\n\t\t\t\t\t<\/a>\n\t\t\t\t\t\t\t\t<\/div>\n\t\t\t\t\t<\/div>\n\t\t<\/div>\n\t\t\t\t<div class=\"elementor-column elementor-col-33 elementor-inner-column elementor-element elementor-element-4375108\" data-id=\"4375108\" data-element_type=\"column\">\n\t\t\t<div class=\"elementor-widget-wrap elementor-element-populated\">\n\t\t\t\t\t\t<div class=\"elementor-element elementor-element-881b1c8 elementor-position-top elementor-widget elementor-widget-image-box\" data-id=\"881b1c8\" data-element_type=\"widget\" data-widget_type=\"image-box.default\">\n\t\t\t\t\t<div class=\"elementor-image-box-wrapper\"><figure class=\"elementor-image-box-img\"><a href=\"https:\/\/tijuanadental.net\/partial-and-full-dentures\/\" tabindex=\"-1\"><img loading=\"lazy\" decoding=\"async\" width=\"600\" height=\"400\" src=\"https:\/\/tijuanadental.net\/wp-content\/uploads\/2022\/04\/Full-and-Partial-Dentures-in-Mexico.jpg\" class=\"attachment-full size-full wp-image-1564\" alt=\"Dentaduras completas y parciales en M\u00e9xico\" srcset=\"https:\/\/tijuanadental.net\/wp-content\/uploads\/2022\/04\/Full-and-Partial-Dentures-in-Mexico.jpg 600w, https:\/\/tijuanadental.net\/wp-content\/uploads\/2022\/04\/Full-and-Partial-Dentures-in-Mexico-300x200.jpg 300w\" sizes=\"(max-width: 600px) 100vw, 600px\" \/><\/a><\/figure><div class=\"elementor-image-box-content\"><h5 class=\"elementor-image-box-title\"><a href=\"https:\/\/tijuanadental.net\/partial-and-full-dentures\/\">PR\u00d3TESIS PARCIALES Y TOTALES<\/a><\/h5><p class=\"elementor-image-box-description\">Las dentaduras postizas son una soluci\u00f3n muy utilizada para la falta parcial o total de dientes. Consisten en un dispositivo extra\u00edble que sustituye los dientes que te faltan y el tejido que necesitas. \n\nLas pr\u00f3tesis pueden ser convencionales o inmediatas, seg\u00fan tus necesidades.<\/p><\/div><\/div>\t\t\t\t<\/div>\n\t\t\t\t<div class=\"elementor-element elementor-element-777c56e elementor-widget elementor-widget-button\" data-id=\"777c56e\" data-element_type=\"widget\" data-widget_type=\"button.default\">\n\t\t\t\t\t\t\t\t\t\t<a class=\"elementor-button elementor-button-link elementor-size-xs\" href=\"https:\/\/tijuanadental.net\/partial-and-full-dentures\/\">\n\t\t\t\t\t\t<span class=\"elementor-button-content-wrapper\">\n\t\t\t\t\t\t\t\t\t<span class=\"elementor-button-text\">Ver m\u00e1s<\/span>\n\t\t\t\t\t<\/span>\n\t\t\t\t\t<\/a>\n\t\t\t\t\t\t\t\t<\/div>\n\t\t\t\t\t<\/div>\n\t\t<\/div>\n\t\t\t\t<div class=\"elementor-column elementor-col-33 elementor-inner-column elementor-element elementor-element-565b2d5\" data-id=\"565b2d5\" data-element_type=\"column\">\n\t\t\t<div class=\"elementor-widget-wrap elementor-element-populated\">\n\t\t\t\t\t\t<div class=\"elementor-element elementor-element-67c7f93 elementor-position-top elementor-widget elementor-widget-image-box\" data-id=\"67c7f93\" data-element_type=\"widget\" data-widget_type=\"image-box.default\">\n\t\t\t\t\t<div class=\"elementor-image-box-wrapper\"><figure class=\"elementor-image-box-img\"><a href=\"https:\/\/tijuanadental.net\/teeth-whitening\/\" tabindex=\"-1\"><img loading=\"lazy\" decoding=\"async\" width=\"600\" height=\"400\" src=\"https:\/\/tijuanadental.net\/wp-content\/uploads\/2022\/04\/Teeth-Whitening-Mexico-Dental.jpg\" class=\"attachment-full size-full wp-image-1566\" alt=\"Blanqueamiento dental M\u00e9xico Dental\" srcset=\"https:\/\/tijuanadental.net\/wp-content\/uploads\/2022\/04\/Teeth-Whitening-Mexico-Dental.jpg 600w, https:\/\/tijuanadental.net\/wp-content\/uploads\/2022\/04\/Teeth-Whitening-Mexico-Dental-300x200.jpg 300w\" sizes=\"(max-width: 600px) 100vw, 600px\" \/><\/a><\/figure><div class=\"elementor-image-box-content\"><h5 class=\"elementor-image-box-title\"><a href=\"https:\/\/tijuanadental.net\/teeth-whitening\/\">BLANQUEAMIENTO DENTAL<\/a><\/h5><p class=\"elementor-image-box-description\">\u00bfHan perdido tus dientes naturales su chispa y brillo? Recupera tus blancos perlados con una variedad de opciones de blanqueamiento disponibles en el Equipo Dental M\u00e9xico. Si tus dientes se han vuelto opacos y descoloridos con el paso del tiempo, o a causa de medicamentos, caf\u00e9, t\u00e9, tabaco u otros agentes manchantes, podemos ofrecerte una soluci\u00f3n.    <\/p><\/div><\/div>\t\t\t\t<\/div>\n\t\t\t\t<div class=\"elementor-element elementor-element-2ca91dc elementor-widget elementor-widget-button\" data-id=\"2ca91dc\" data-element_type=\"widget\" data-widget_type=\"button.default\">\n\t\t\t\t\t\t\t\t\t\t<a class=\"elementor-button elementor-button-link elementor-size-xs\" href=\"https:\/\/tijuanadental.net\/teeth-whitening\/\">\n\t\t\t\t\t\t<span class=\"elementor-button-content-wrapper\">\n\t\t\t\t\t\t\t\t\t<span class=\"elementor-button-text\">Ver m\u00e1s<\/span>\n\t\t\t\t\t<\/span>\n\t\t\t\t\t<\/a>\n\t\t\t\t\t\t\t\t<\/div>\n\t\t\t\t\t<\/div>\n\t\t<\/div>\n\t\t\t\t\t<\/div>\n\t\t<\/section>\n\t\t\t\t\t<\/div>\n\t\t<\/div>\n\t\t\t\t\t<\/div>\n\t\t<\/section>\n\t\t\t\t<section class=\"elementor-section elementor-top-section elementor-element elementor-element-345cd3f elementor-section-full_width elementor-section-height-default elementor-section-height-default\" data-id=\"345cd3f\" data-element_type=\"section\" data-settings=\"{&quot;background_background&quot;:&quot;classic&quot;}\">\n\t\t\t\t\t\t<div class=\"elementor-container elementor-column-gap-default\">\n\t\t\t\t\t<div class=\"elementor-column elementor-col-50 elementor-top-column elementor-element elementor-element-67b54a6\" data-id=\"67b54a6\" data-element_type=\"column\" data-settings=\"{&quot;background_background&quot;:&quot;classic&quot;}\">\n\t\t\t<div class=\"elementor-widget-wrap elementor-element-populated\">\n\t\t\t\t\t\t<div class=\"elementor-element elementor-element-eb661d7 elementor-widget elementor-widget-heading\" data-id=\"eb661d7\" data-element_type=\"widget\" data-widget_type=\"heading.default\">\n\t\t\t\t\t<h2 class=\"elementor-heading-title elementor-size-default\"><a href=\"https:\/\/tijuanadental.net\/es\/?page_id=1551\">OBTENER UN PRESUPUESTO GRATUITO<\/a><\/h2>\t\t\t\t<\/div>\n\t\t\t\t\t<\/div>\n\t\t<\/div>\n\t\t\t\t<div class=\"elementor-column elementor-col-50 elementor-top-column elementor-element elementor-element-3773b57\" data-id=\"3773b57\" data-element_type=\"column\" data-settings=\"{&quot;background_background&quot;:&quot;classic&quot;}\">\n\t\t\t<div class=\"elementor-widget-wrap elementor-element-populated\">\n\t\t\t\t\t\t<div class=\"elementor-element elementor-element-3d3839c elementor-widget elementor-widget-heading\" data-id=\"3d3839c\" data-element_type=\"widget\" data-widget_type=\"heading.default\">\n\t\t\t\t\t<h2 class=\"elementor-heading-title elementor-size-default\"><a href=\"https:\/\/tijuanadental.net\/es\/?page_id=1551\">\u00a1PIDE CITA HOY MISMO!<\/a><\/h2>\t\t\t\t<\/div>\n\t\t\t\t\t<\/div>\n\t\t<\/div>\n\t\t\t\t\t<\/div>\n\t\t<\/section>\n\t\t\t\t<\/div>\n\t\t","protected":false},"excerpt":{"rendered":"<p>Servicios dentales que ofrecemos Implantes dentales Nuestro equipo altamente cualificado de periodoncistas, cirujanos orales y especialistas en implantes ofrece el m\u00e1ximo nivel de formaci\u00f3n y experiencia para garantizar un proceso seguro, pr\u00e1cticamente indoloro y con resultados notables. Ver m\u00e1s All on 4 Los implantes dentales All on 4 son un conjunto permanente de implantes dentales [&hellip;]<\/p>\n","protected":false},"author":1,"featured_media":0,"parent":0,"menu_order":0,"comment_status":"closed","ping_status":"closed","template":"","meta":{"footnotes":""},"class_list":["post-1557","page","type-page","status-publish","hentry"],"_links":{"self":[{"href":"https:\/\/tijuanadental.net\/es\/wp-json\/wp\/v2\/pages\/1557","targetHints":{"allow":["GET"]}}],"collection":[{"href":"https:\/\/tijuanadental.net\/es\/wp-json\/wp\/v2\/pages"}],"about":[{"href":"https:\/\/tijuanadental.net\/es\/wp-json\/wp\/v2\/types\/page"}],"author":[{"embeddable":true,"href":"https:\/\/tijuanadental.net\/es\/wp-json\/wp\/v2\/users\/1"}],"replies":[{"embeddable":true,"href":"https:\/\/tijuanadental.net\/es\/wp-json\/wp\/v2\/comments?post=1557"}],"version-history":[{"count":5,"href":"https:\/\/tijuanadental.net\/es\/wp-json\/wp\/v2\/pages\/1557\/revisions"}],"predecessor-version":[{"id":1594,"href":"https:\/\/tijuanadental.net\/es\/wp-json\/wp\/v2\/pages\/1557\/revisions\/1594"}],"wp:attachment":[{"href":"https:\/\/tijuanadental.net\/es\/wp-json\/wp\/v2\/media?parent=1557"}],"curies":[{"name":"wp","href":"https:\/\/api.w.org\/{rel}","templated":true}]}}