{"id":1601,"date":"2022-04-20T20:24:21","date_gmt":"2022-04-20T20:24:21","guid":{"rendered":"https:\/\/tijuanadental.net\/implantes-dentales-all-on-4\/"},"modified":"2025-11-20T00:49:34","modified_gmt":"2025-11-20T00:49:34","slug":"implantes-dentales-all-on-4","status":"publish","type":"page","link":"https:\/\/tijuanadental.net\/es\/implantes-dentales-all-on-4\/","title":{"rendered":"Implantes dentales All-on-4"},"content":{"rendered":"\t\t<div data-elementor-type=\"wp-page\" data-elementor-id=\"1601\" class=\"elementor elementor-1601 elementor-969\" data-elementor-post-type=\"page\">\n\t\t\t\t<div class=\"elementor-element elementor-element-70be024 e-flex e-con-boxed e-con e-parent\" data-id=\"70be024\" data-element_type=\"container\" id=\"contact\" data-settings=\"{&quot;background_background&quot;:&quot;classic&quot;}\">\n\t\t\t\t\t<div class=\"e-con-inner\">\n\t\t<div class=\"elementor-element elementor-element-8664dfd e-con-full e-flex e-con e-child\" data-id=\"8664dfd\" data-element_type=\"container\">\n\t\t\t\t<div class=\"elementor-element elementor-element-bbed109 elementor-widget elementor-widget-heading\" data-id=\"bbed109\" data-element_type=\"widget\" data-widget_type=\"heading.default\">\n\t\t\t\t\t<h1 class=\"elementor-heading-title elementor-size-default\">Implantes dentales All-on-4<\/h1>\t\t\t\t<\/div>\n\t\t\t\t<div class=\"elementor-element elementor-element-3f700a0 elementor-widget elementor-widget-text-editor\" data-id=\"3f700a0\" data-element_type=\"widget\" data-widget_type=\"text-editor.default\">\n\t\t\t\t\t\t\t\t\t<p><span style=\"font-weight: 400;\"><strong>Los implantes dentales All on 4<\/strong> son un conjunto permanente de implantes dentales fijados con 4 tornillos en lugar del uso tradicional de adhesivos.  <\/span><\/p>\t\t\t\t\t\t\t\t<\/div>\n\t\t\t\t<\/div>\n\t\t<div class=\"elementor-element elementor-element-677703c e-con-full e-flex e-con e-child\" data-id=\"677703c\" data-element_type=\"container\">\n\t\t\t\t<div class=\"elementor-element elementor-element-dd7d330 elementor-widget elementor-widget-heading\" data-id=\"dd7d330\" data-element_type=\"widget\" data-widget_type=\"heading.default\">\n\t\t\t\t\t<h4 class=\"elementor-heading-title elementor-size-default\">\u00a1Pide hoy mismo un presupuesto gratuito!<\/h4>\t\t\t\t<\/div>\n\t\t\t\t<div class=\"elementor-element elementor-element-79f6b98 elementor-widget__width-inherit elementor-widget elementor-widget-html\" data-id=\"79f6b98\" data-element_type=\"widget\" data-widget_type=\"html.default\">\n\t\t\t\t\t<iframe src=\"https:\/\/crm.tijuanadental.net\/widget\/form\/Ie1g1KRXhYwEL7Kddlu1\" style=\"width:100%;height:100%;border:none;border-radius:3px\" id=\"inline-Ie1g1KRXhYwEL7Kddlu1\" data-layout=\"{'id':'INLINE'}\" data-trigger-type=\"alwaysShow\" data-trigger-value=\"\" data-activation-type=\"alwaysActivated\" data-activation-value=\"\" data-deactivation-type=\"neverDeactivate\" data-deactivation-value=\"\" data-form-name=\"CONTACT FORM\" data-height=\"552\" data-layout-iframe-id=\"inline-Ie1g1KRXhYwEL7Kddlu1\" data-form-id=\"Ie1g1KRXhYwEL7Kddlu1\" title=\"FORMULARIO DE CONTACTO\">\r\n<\/iframe>\r\n<script src=\"https:\/\/crm.tijuanadental.net\/js\/form_embed.js\"><\/script>\t\t\t\t<\/div>\n\t\t\t\t<\/div>\n\t\t\t\t\t<\/div>\n\t\t\t\t<\/div>\n\t\t\t\t<section class=\"elementor-section elementor-top-section elementor-element elementor-element-9e8b51a elementor-section-boxed elementor-section-height-default elementor-section-height-default\" data-id=\"9e8b51a\" data-element_type=\"section\">\n\t\t\t\t\t\t<div class=\"elementor-container elementor-column-gap-default\">\n\t\t\t\t\t<div class=\"elementor-column elementor-col-50 elementor-top-column elementor-element elementor-element-6a28c1e\" data-id=\"6a28c1e\" data-element_type=\"column\">\n\t\t\t<div class=\"elementor-widget-wrap elementor-element-populated\">\n\t\t\t\t\t\t<div class=\"elementor-element elementor-element-591dc35 elementor-widget elementor-widget-image\" data-id=\"591dc35\" data-element_type=\"widget\" data-widget_type=\"image.default\">\n\t\t\t\t\t\t\t\t\t\t\t\t\t\t\t<img fetchpriority=\"high\" decoding=\"async\" width=\"550\" height=\"367\" src=\"https:\/\/tijuanadental.net\/wp-content\/uploads\/2022\/04\/All-on-4-Dental-Implants-in-Mexico.jpg\" class=\"attachment-large size-large wp-image-1603\" alt=\"Implantes Dentales All on 4 M\u00e9xico\" srcset=\"https:\/\/tijuanadental.net\/wp-content\/uploads\/2022\/04\/All-on-4-Dental-Implants-in-Mexico.jpg 550w, https:\/\/tijuanadental.net\/wp-content\/uploads\/2022\/04\/All-on-4-Dental-Implants-in-Mexico-300x200.jpg 300w\" sizes=\"(max-width: 550px) 100vw, 550px\" \/>\t\t\t\t\t\t\t\t\t\t\t\t\t\t\t<\/div>\n\t\t\t\t\t<\/div>\n\t\t<\/div>\n\t\t\t\t<div class=\"elementor-column elementor-col-50 elementor-top-column elementor-element elementor-element-ef75a1b\" data-id=\"ef75a1b\" data-element_type=\"column\">\n\t\t\t<div class=\"elementor-widget-wrap elementor-element-populated\">\n\t\t\t\t\t\t<div class=\"elementor-element elementor-element-3362e50 elementor-widget elementor-widget-heading\" data-id=\"3362e50\" data-element_type=\"widget\" data-widget_type=\"heading.default\">\n\t\t\t\t\t<h2 class=\"elementor-heading-title elementor-size-default\">\u00bfQu\u00e9 te convierte en un buen candidato?<\/h2>\t\t\t\t<\/div>\n\t\t\t\t<div class=\"elementor-element elementor-element-5a457d0 elementor-widget elementor-widget-text-editor\" data-id=\"5a457d0\" data-element_type=\"widget\" data-widget_type=\"text-editor.default\">\n\t\t\t\t\t\t\t\t\t<ul><li>No tienes dientes o te faltan<\/li><li>Tienes caries importantes<\/li><li>Has experimentado una p\u00e9rdida \u00f3sea extrema<\/li><li>Quieres sustituir tu pr\u00f3tesis removible tradicional<\/li><li>Quieres sentirte seguro con una dentadura postiza de aspecto y tacto naturales<\/li><li>Quieres garantizar tu salud bucodental y tu bienestar general<\/li><\/ul>\t\t\t\t\t\t\t\t<\/div>\n\t\t\t\t<div class=\"elementor-element elementor-element-297da88 elementor-mobile-align-center elementor-widget elementor-widget-button\" data-id=\"297da88\" data-element_type=\"widget\" data-widget_type=\"button.default\">\n\t\t\t\t\t\t\t\t\t\t<a class=\"elementor-button elementor-button-link elementor-size-sm\" href=\"#contact\">\n\t\t\t\t\t\t<span class=\"elementor-button-content-wrapper\">\n\t\t\t\t\t\t\t\t\t<span class=\"elementor-button-text\">Pide un presupuesto gratuito<\/span>\n\t\t\t\t\t<\/span>\n\t\t\t\t\t<\/a>\n\t\t\t\t\t\t\t\t<\/div>\n\t\t\t\t\t<\/div>\n\t\t<\/div>\n\t\t\t\t\t<\/div>\n\t\t<\/section>\n\t\t\t\t<section class=\"elementor-section elementor-top-section elementor-element elementor-element-fbbf45a elementor-section-boxed elementor-section-height-default elementor-section-height-default\" data-id=\"fbbf45a\" data-element_type=\"section\" data-settings=\"{&quot;background_background&quot;:&quot;slideshow&quot;,&quot;background_slideshow_gallery&quot;:[{&quot;id&quot;:1549,&quot;url&quot;:&quot;https:\\\/\\\/tijuanadental.net\\\/wp-content\\\/uploads\\\/2021\\\/06\\\/young-woman-getting-dental-treatment-dental-clinic-PXA9645.jpg&quot;}],&quot;background_slideshow_loop&quot;:&quot;yes&quot;,&quot;background_slideshow_slide_duration&quot;:5000,&quot;background_slideshow_slide_transition&quot;:&quot;fade&quot;,&quot;background_slideshow_transition_duration&quot;:500}\">\n\t\t\t\t\t\t\t<div class=\"elementor-background-overlay\"><\/div>\n\t\t\t\t\t\t\t<div class=\"elementor-container elementor-column-gap-default\">\n\t\t\t\t\t<div class=\"elementor-column elementor-col-100 elementor-top-column elementor-element elementor-element-2406002\" data-id=\"2406002\" data-element_type=\"column\">\n\t\t\t<div class=\"elementor-widget-wrap elementor-element-populated\">\n\t\t\t\t\t\t<div class=\"elementor-element elementor-element-e93ca06 elementor-widget elementor-widget-heading\" data-id=\"e93ca06\" data-element_type=\"widget\" data-widget_type=\"heading.default\">\n\t\t\t\t\t<h2 class=\"elementor-heading-title elementor-size-default\">Ventajas de los implantes dentales permanentes All on 4\n<\/h2>\t\t\t\t<\/div>\n\t\t\t\t<div class=\"elementor-element elementor-element-3e392fe elementor-widget elementor-widget-text-editor\" data-id=\"3e392fe\" data-element_type=\"widget\" data-widget_type=\"text-editor.default\">\n\t\t\t\t\t\t\t\t\t<ul><li>Est\u00e9tica y funcionalidad mejoradas &#8211; Sonr\u00ede con confianza con el aspecto y el tacto de los dientes naturales, sabiendo que con el ajuste seguro de <strong>los implantes dentales All on 4<\/strong> no tendr\u00e1s que preocuparte de problemas para hablar o de que se te afloje la dentadura, como suele ocurrir con las pr\u00f3tesis tradicionales<\/li><li>Alto porcentaje de \u00e9xito<\/li><li>Bajo coste<\/li><li>Materiales de primera calidad<\/li><li>Apoyo \u00f3ptimo a la funci\u00f3n y salud dentales<\/li><li>El procedimiento apenas causa dolor<\/li><\/ul>\t\t\t\t\t\t\t\t<\/div>\n\t\t\t\t<div class=\"elementor-element elementor-element-7deae35 elementor-widget elementor-widget-heading\" data-id=\"7deae35\" data-element_type=\"widget\" data-widget_type=\"heading.default\">\n\t\t\t\t\t<h2 class=\"elementor-heading-title elementor-size-default\">Procedimiento All-on-4<\/h2>\t\t\t\t<\/div>\n\t\t\t\t\t<\/div>\n\t\t<\/div>\n\t\t\t\t\t<\/div>\n\t\t<\/section>\n\t\t\t\t<section class=\"elementor-section elementor-top-section elementor-element elementor-element-a000f71 elementor-section-boxed elementor-section-height-default elementor-section-height-default\" data-id=\"a000f71\" data-element_type=\"section\">\n\t\t\t\t\t\t<div class=\"elementor-container elementor-column-gap-default\">\n\t\t\t\t\t<div class=\"elementor-column elementor-col-100 elementor-top-column elementor-element elementor-element-88f398f\" data-id=\"88f398f\" data-element_type=\"column\">\n\t\t\t<div class=\"elementor-widget-wrap elementor-element-populated\">\n\t\t\t\t\t\t<section class=\"elementor-section elementor-inner-section elementor-element elementor-element-fabbb1a elementor-section-boxed elementor-section-height-default elementor-section-height-default\" data-id=\"fabbb1a\" data-element_type=\"section\" data-settings=\"{&quot;background_background&quot;:&quot;classic&quot;}\">\n\t\t\t\t\t\t<div class=\"elementor-container elementor-column-gap-wider\">\n\t\t\t\t\t<div class=\"elementor-column elementor-col-33 elementor-inner-column elementor-element elementor-element-4dbf667\" data-id=\"4dbf667\" data-element_type=\"column\" data-settings=\"{&quot;background_background&quot;:&quot;classic&quot;}\">\n\t\t\t<div class=\"elementor-widget-wrap elementor-element-populated\">\n\t\t\t\t\t\t<div class=\"elementor-element elementor-element-a8e00e3 elementor-vertical-align-top elementor-widget elementor-widget-image-box\" data-id=\"a8e00e3\" data-element_type=\"widget\" data-widget_type=\"image-box.default\">\n\t\t\t\t\t<div class=\"elementor-image-box-wrapper\"><div class=\"elementor-image-box-content\"><h4 class=\"elementor-image-box-title\">1 - Comprobaci\u00f3n \u00f3sea<\/h4><p class=\"elementor-image-box-description\">Realizaremos una radiograf\u00eda en 3D mediante tomograf\u00eda computarizada de haz c\u00f3nico (CBCT) para examinar la estructura \u00f3sea de tu boca y asegurarnos de que hay suficiente hueso donde hay que colocar el implante. Si no hay suficiente hueso, se puede generar m\u00e1s mediante t\u00e9cnicas regenerativas como los injertos \u00f3seos en bloque. \n<\/p><\/div><\/div>\t\t\t\t<\/div>\n\t\t\t\t\t<\/div>\n\t\t<\/div>\n\t\t\t\t<div class=\"elementor-column elementor-col-33 elementor-inner-column elementor-element elementor-element-f184de2\" data-id=\"f184de2\" data-element_type=\"column\" data-settings=\"{&quot;background_background&quot;:&quot;classic&quot;}\">\n\t\t\t<div class=\"elementor-widget-wrap elementor-element-populated\">\n\t\t\t\t\t\t<div class=\"elementor-element elementor-element-b72cc7d elementor-vertical-align-top elementor-widget elementor-widget-image-box\" data-id=\"b72cc7d\" data-element_type=\"widget\" data-widget_type=\"image-box.default\">\n\t\t\t\t\t<div class=\"elementor-image-box-wrapper\"><div class=\"elementor-image-box-content\"><h4 class=\"elementor-image-box-title\">2 - Colocaci\u00f3n del implante o implantes  <\/h4><p class=\"elementor-image-box-description\">La intervenci\u00f3n y colocaci\u00f3n de los 4 implantes dentales por arcada dental dura menos de 3 horas y se realiza con anestesia local. Muchos pacientes han declarado que el procedimiento causa menos dolor e irritaci\u00f3n que una simple extracci\u00f3n dental <\/p><\/div><\/div>\t\t\t\t<\/div>\n\t\t\t\t\t<\/div>\n\t\t<\/div>\n\t\t\t\t<div class=\"elementor-column elementor-col-33 elementor-inner-column elementor-element elementor-element-3742bee\" data-id=\"3742bee\" data-element_type=\"column\" data-settings=\"{&quot;background_background&quot;:&quot;classic&quot;}\">\n\t\t\t<div class=\"elementor-widget-wrap elementor-element-populated\">\n\t\t\t\t\t\t<div class=\"elementor-element elementor-element-c857109 elementor-vertical-align-top elementor-widget elementor-widget-image-box\" data-id=\"c857109\" data-element_type=\"widget\" data-widget_type=\"image-box.default\">\n\t\t\t\t\t<div class=\"elementor-image-box-wrapper\"><div class=\"elementor-image-box-content\"><h4 class=\"elementor-image-box-title\">3 - Toques finales  <\/h4><p class=\"elementor-image-box-description\">Al cabo de unos 4-6 meses, una vez que tu implante ha tenido tiempo de adaptarse a tu boca y a su entorno, llega el momento de los retoques finales. Se utiliza una impresi\u00f3n para copiar tu tejido y la ubicaci\u00f3n del implante para fabricar y dise\u00f1ar la estructura y los dientes de la dentadura fija. Se retira cualquier tejido o enc\u00eda sobrante sobre el implante para dejar que cicatrice y la dentadura se atornillar\u00e1 directamente a tu implante.    \n<\/p><\/div><\/div>\t\t\t\t<\/div>\n\t\t\t\t\t<\/div>\n\t\t<\/div>\n\t\t\t\t\t<\/div>\n\t\t<\/section>\n\t\t\t\t\t<\/div>\n\t\t<\/div>\n\t\t\t\t\t<\/div>\n\t\t<\/section>\n\t\t\t\t<section class=\"elementor-section elementor-top-section elementor-element elementor-element-314fb1f elementor-section-boxed elementor-section-height-default elementor-section-height-default\" data-id=\"314fb1f\" data-element_type=\"section\" data-settings=\"{&quot;background_background&quot;:&quot;classic&quot;}\">\n\t\t\t\t\t\t<div class=\"elementor-container elementor-column-gap-default\">\n\t\t\t\t\t<div class=\"elementor-column elementor-col-100 elementor-top-column elementor-element elementor-element-52c81d0\" data-id=\"52c81d0\" data-element_type=\"column\">\n\t\t\t<div class=\"elementor-widget-wrap elementor-element-populated\">\n\t\t\t\t\t\t<div class=\"elementor-element elementor-element-0bf9f5f elementor-widget elementor-widget-heading\" data-id=\"0bf9f5f\" data-element_type=\"widget\" data-widget_type=\"heading.default\">\n\t\t\t\t\t<h4 class=\"elementor-heading-title elementor-size-default\">En menos de 4 visitas estar\u00e1s lista para lucir una sonrisa totalmente nueva que podr\u00e1s mostrar al mundo con confianza.<\/h4>\t\t\t\t<\/div>\n\t\t\t\t\t<\/div>\n\t\t<\/div>\n\t\t\t\t\t<\/div>\n\t\t<\/section>\n\t\t\t\t<section class=\"elementor-section elementor-top-section elementor-element elementor-element-0345562 elementor-section-full_width elementor-section-height-default elementor-section-height-default\" data-id=\"0345562\" data-element_type=\"section\" data-settings=\"{&quot;background_background&quot;:&quot;classic&quot;}\">\n\t\t\t\t\t\t<div class=\"elementor-container elementor-column-gap-default\">\n\t\t\t\t\t<div class=\"elementor-column elementor-col-50 elementor-top-column elementor-element elementor-element-9bfa487\" data-id=\"9bfa487\" data-element_type=\"column\" data-settings=\"{&quot;background_background&quot;:&quot;classic&quot;}\">\n\t\t\t<div class=\"elementor-widget-wrap elementor-element-populated\">\n\t\t\t\t\t\t<div class=\"elementor-element elementor-element-1b5f790 elementor-widget elementor-widget-heading\" data-id=\"1b5f790\" data-element_type=\"widget\" data-widget_type=\"heading.default\">\n\t\t\t\t\t<h2 class=\"elementor-heading-title elementor-size-default\"><a href=\"#contact\">OBTENER UN PRESUPUESTO GRATUITO<\/a><\/h2>\t\t\t\t<\/div>\n\t\t\t\t\t<\/div>\n\t\t<\/div>\n\t\t\t\t<div class=\"elementor-column elementor-col-50 elementor-top-column elementor-element elementor-element-8d313e1\" data-id=\"8d313e1\" data-element_type=\"column\" data-settings=\"{&quot;background_background&quot;:&quot;classic&quot;}\">\n\t\t\t<div class=\"elementor-widget-wrap elementor-element-populated\">\n\t\t\t\t\t\t<div class=\"elementor-element elementor-element-6d214df elementor-widget elementor-widget-heading\" data-id=\"6d214df\" data-element_type=\"widget\" data-widget_type=\"heading.default\">\n\t\t\t\t\t<h2 class=\"elementor-heading-title elementor-size-default\"><a href=\"#contact\">\u00a1PIDE CITA HOY MISMO!<\/a><\/h2>\t\t\t\t<\/div>\n\t\t\t\t\t<\/div>\n\t\t<\/div>\n\t\t\t\t\t<\/div>\n\t\t<\/section>\n\t\t\t\t<\/div>\n\t\t","protected":false},"excerpt":{"rendered":"<p>All on 4 Dental Implants are a permanent set of dental implants secured with 4 screws instead of the traditional use of adhesives. Get a free quote today! What Makes You a Good Candidate? You have no teeth or missing teeth You have significant tooth decay You have experienced extreme bone loss You are looking [&hellip;]<\/p>\n","protected":false},"author":1,"featured_media":0,"parent":0,"menu_order":0,"comment_status":"closed","ping_status":"closed","template":"","meta":{"footnotes":""},"class_list":["post-1601","page","type-page","status-publish","hentry"],"_links":{"self":[{"href":"https:\/\/tijuanadental.net\/es\/wp-json\/wp\/v2\/pages\/1601","targetHints":{"allow":["GET"]}}],"collection":[{"href":"https:\/\/tijuanadental.net\/es\/wp-json\/wp\/v2\/pages"}],"about":[{"href":"https:\/\/tijuanadental.net\/es\/wp-json\/wp\/v2\/types\/page"}],"author":[{"embeddable":true,"href":"https:\/\/tijuanadental.net\/es\/wp-json\/wp\/v2\/users\/1"}],"replies":[{"embeddable":true,"href":"https:\/\/tijuanadental.net\/es\/wp-json\/wp\/v2\/comments?post=1601"}],"version-history":[{"count":3,"href":"https:\/\/tijuanadental.net\/es\/wp-json\/wp\/v2\/pages\/1601\/revisions"}],"predecessor-version":[{"id":1606,"href":"https:\/\/tijuanadental.net\/es\/wp-json\/wp\/v2\/pages\/1601\/revisions\/1606"}],"wp:attachment":[{"href":"https:\/\/tijuanadental.net\/es\/wp-json\/wp\/v2\/media?parent=1601"}],"curies":[{"name":"wp","href":"https:\/\/api.w.org\/{rel}","templated":true}]}}