{"id":1607,"date":"2021-08-10T23:43:17","date_gmt":"2021-08-10T23:43:17","guid":{"rendered":"https:\/\/tijuanadental.net\/garantia\/"},"modified":"2025-11-20T00:52:03","modified_gmt":"2025-11-20T00:52:03","slug":"garantia","status":"publish","type":"page","link":"https:\/\/tijuanadental.net\/es\/garantia\/","title":{"rendered":"Garant\u00eda"},"content":{"rendered":"\t\t<div data-elementor-type=\"wp-page\" data-elementor-id=\"1607\" class=\"elementor elementor-1607 elementor-812\" data-elementor-post-type=\"page\">\n\t\t\t\t\t\t<section class=\"elementor-section elementor-top-section elementor-element elementor-element-f72b25b elementor-section-boxed elementor-section-height-default elementor-section-height-default\" data-id=\"f72b25b\" data-element_type=\"section\">\n\t\t\t\t\t\t<div class=\"elementor-container elementor-column-gap-default\">\n\t\t\t\t\t<div class=\"elementor-column elementor-col-50 elementor-top-column elementor-element elementor-element-1afe66c\" data-id=\"1afe66c\" data-element_type=\"column\" data-settings=\"{&quot;background_background&quot;:&quot;classic&quot;}\">\n\t\t\t<div class=\"elementor-widget-wrap elementor-element-populated\">\n\t\t\t\t\t\t<div class=\"elementor-element elementor-element-800b965 elementor-widget elementor-widget-spacer\" data-id=\"800b965\" data-element_type=\"widget\" data-widget_type=\"spacer.default\">\n\t\t\t\t\t\t\t<div class=\"elementor-spacer\">\n\t\t\t<div class=\"elementor-spacer-inner\"><\/div>\n\t\t<\/div>\n\t\t\t\t\t\t<\/div>\n\t\t\t\t\t<\/div>\n\t\t<\/div>\n\t\t\t\t<div class=\"elementor-column elementor-col-50 elementor-top-column elementor-element elementor-element-6477683\" data-id=\"6477683\" data-element_type=\"column\" data-settings=\"{&quot;background_background&quot;:&quot;classic&quot;}\">\n\t\t\t<div class=\"elementor-widget-wrap elementor-element-populated\">\n\t\t\t\t\t\t<div class=\"elementor-element elementor-element-7e6d83b elementor-widget-mobile__width-initial elementor-widget elementor-widget-heading\" data-id=\"7e6d83b\" data-element_type=\"widget\" data-widget_type=\"heading.default\">\n\t\t\t\t\t<h3 class=\"elementor-heading-title elementor-size-default\">Nuestra garant\u00eda de servicio<\/h3>\t\t\t\t<\/div>\n\t\t\t\t<div class=\"elementor-element elementor-element-fb49d98 elementor-widget__width-auto elementor-absolute elementor-widget elementor-widget-image\" data-id=\"fb49d98\" data-element_type=\"widget\" data-settings=\"{&quot;_position&quot;:&quot;absolute&quot;}\" data-widget_type=\"image.default\">\n\t\t\t\t\t\t\t\t\t\t\t\t\t\t\t<img decoding=\"async\" width=\"203\" height=\"173\" src=\"https:\/\/tijuanadental.net\/wp-content\/uploads\/2021\/06\/10-year-guarantee.png\" class=\"attachment-large size-large wp-image-1579\" alt=\"\" \/>\t\t\t\t\t\t\t\t\t\t\t\t\t\t\t<\/div>\n\t\t\t\t<div class=\"elementor-element elementor-element-7f79f2c elementor-widget elementor-widget-heading\" data-id=\"7f79f2c\" data-element_type=\"widget\" data-widget_type=\"heading.default\">\n\t\t\t\t\t<h6 class=\"elementor-heading-title elementor-size-default\">Nuestra garant\u00eda es sencilla. \u00a1SATISFACCI\u00d3N TOTAL! <\/h6>\t\t\t\t<\/div>\n\t\t\t\t<div class=\"elementor-element elementor-element-00a2377 elementor-widget elementor-widget-text-editor\" data-id=\"00a2377\" data-element_type=\"widget\" data-widget_type=\"text-editor.default\">\n\t\t\t\t\t\t\t\t\t<p><em>Valoramos tu confianza y respeto, y tenemos la garant\u00eda que respalda nuestro excelente trabajo. Todos nuestros <\/em><em>trabajo dental<\/em><em>tiene una garant\u00eda de sustituci\u00f3n total de 10 a\u00f1os. <\/em><em>Es muy sencillo: Te garantizamos que te encantar\u00e1 nuestro trabajo. Si tienes alg\u00fan problema con cualquier trabajo dental realizado por el Equipo Dental M\u00e9xico, simplemente ponte en contacto con nosotros y haremos todo lo posible para corregir el problema. As\u00ed que puedes estar seguro de que ponemos el 100% en cada procedimiento de cuidado dental que completamos.<\/em><\/p><p><em>Estamos tan seguros de nuestro trabajo de alta calidad que ofrecemos una incomparable Garant\u00eda de Sustituci\u00f3n de 10 a\u00f1os a todos nuestros clientes, para que puedas confiar plenamente en el trabajo dental profesional que est\u00e1s recibiendo. Si nuestro trabajo o nuestros materiales fallan, por cualquier motivo ajeno al maltrato o la negligencia, lo sustituiremos sin coste alguno. Valoramos tanto a nuestros clientes, y tenemos tanta confianza en nuestro trabajo y materiales, que te prometemos que no encontrar\u00e1s ninguna otra cl\u00ednica dental capaz de igualar la calidad y seguridad que ofrecemos en Tijuana Dental.    <\/em><\/p><p><em>Deja que las opiniones hablen por s\u00ed solas. Echa un vistazo a algunos de los testimonios de nuestros clientes sobre sus experiencias con nosotros, y despeja tus dudas. Las opiniones de nuestros clientes tienen m\u00e1s peso que cualquier informaci\u00f3n que podamos proporcionarte. Ver\u00e1s f\u00e1cilmente que la calidad de la atenci\u00f3n dental es lo m\u00e1s importante para nosotros, sea quien sea el cliente.   <\/em><\/p>\t\t\t\t\t\t\t\t<\/div>\n\t\t\t\t\t<\/div>\n\t\t<\/div>\n\t\t\t\t\t<\/div>\n\t\t<\/section>\n\t\t\t\t<section class=\"elementor-section elementor-top-section elementor-element elementor-element-97a3020 elementor-section-full_width elementor-section-height-default elementor-section-height-default\" data-id=\"97a3020\" data-element_type=\"section\" data-settings=\"{&quot;background_background&quot;:&quot;classic&quot;}\">\n\t\t\t\t\t\t<div class=\"elementor-container elementor-column-gap-default\">\n\t\t\t\t\t<div class=\"elementor-column elementor-col-50 elementor-top-column elementor-element elementor-element-9ad3fb3\" data-id=\"9ad3fb3\" data-element_type=\"column\" data-settings=\"{&quot;background_background&quot;:&quot;classic&quot;}\">\n\t\t\t<div class=\"elementor-widget-wrap elementor-element-populated\">\n\t\t\t\t\t\t<div class=\"elementor-element elementor-element-c903ed8 elementor-widget elementor-widget-heading\" data-id=\"c903ed8\" data-element_type=\"widget\" data-widget_type=\"heading.default\">\n\t\t\t\t\t<h2 class=\"elementor-heading-title elementor-size-default\"><a href=\"https:\/\/tijuanadental.net\/es\/contacta-con-nosotros\/\">OBTENER UN PRESUPUESTO GRATUITO<\/a><\/h2>\t\t\t\t<\/div>\n\t\t\t\t\t<\/div>\n\t\t<\/div>\n\t\t\t\t<div class=\"elementor-column elementor-col-50 elementor-top-column elementor-element elementor-element-162e988\" data-id=\"162e988\" data-element_type=\"column\" data-settings=\"{&quot;background_background&quot;:&quot;classic&quot;}\">\n\t\t\t<div class=\"elementor-widget-wrap elementor-element-populated\">\n\t\t\t\t\t\t<div class=\"elementor-element elementor-element-fd04d84 elementor-widget elementor-widget-heading\" data-id=\"fd04d84\" data-element_type=\"widget\" data-widget_type=\"heading.default\">\n\t\t\t\t\t<h2 class=\"elementor-heading-title elementor-size-default\"><a href=\"https:\/\/tijuanadental.net\/es\/contacta-con-nosotros\/\">\u00a1PIDE CITA HOY MISMO!<\/a><\/h2>\t\t\t\t<\/div>\n\t\t\t\t\t<\/div>\n\t\t<\/div>\n\t\t\t\t\t<\/div>\n\t\t<\/section>\n\t\t\t\t<\/div>\n\t\t","protected":false},"excerpt":{"rendered":"<p>Nuestra garant\u00eda de servicio Nuestra garant\u00eda es sencilla. \u00a1SATISFACCI\u00d3N TOTAL! Valoramos tu confianza y respeto, y tenemos la garant\u00eda que respalda nuestro excelente trabajo. Todos nuestros trabajo dentaltiene una garant\u00eda de sustituci\u00f3n total de 10 a\u00f1os. Es muy sencillo: Te garantizamos que te encantar\u00e1 nuestro trabajo. Si tienes alg\u00fan problema con cualquier trabajo dental realizado [&hellip;]<\/p>\n","protected":false},"author":1,"featured_media":0,"parent":0,"menu_order":0,"comment_status":"closed","ping_status":"closed","template":"","meta":{"footnotes":""},"class_list":["post-1607","page","type-page","status-publish","hentry"],"_links":{"self":[{"href":"https:\/\/tijuanadental.net\/es\/wp-json\/wp\/v2\/pages\/1607","targetHints":{"allow":["GET"]}}],"collection":[{"href":"https:\/\/tijuanadental.net\/es\/wp-json\/wp\/v2\/pages"}],"about":[{"href":"https:\/\/tijuanadental.net\/es\/wp-json\/wp\/v2\/types\/page"}],"author":[{"embeddable":true,"href":"https:\/\/tijuanadental.net\/es\/wp-json\/wp\/v2\/users\/1"}],"replies":[{"embeddable":true,"href":"https:\/\/tijuanadental.net\/es\/wp-json\/wp\/v2\/comments?post=1607"}],"version-history":[{"count":2,"href":"https:\/\/tijuanadental.net\/es\/wp-json\/wp\/v2\/pages\/1607\/revisions"}],"predecessor-version":[{"id":1612,"href":"https:\/\/tijuanadental.net\/es\/wp-json\/wp\/v2\/pages\/1607\/revisions\/1612"}],"wp:attachment":[{"href":"https:\/\/tijuanadental.net\/es\/wp-json\/wp\/v2\/media?parent=1607"}],"curies":[{"name":"wp","href":"https:\/\/api.w.org\/{rel}","templated":true}]}}