{"id":1610,"date":"2023-01-21T02:11:25","date_gmt":"2023-01-21T02:11:25","guid":{"rendered":"https:\/\/tijuanadental.net\/implantes-dentales-all-on-6\/"},"modified":"2025-11-20T00:52:04","modified_gmt":"2025-11-20T00:52:04","slug":"implantes-dentales-all-on-6","status":"publish","type":"page","link":"https:\/\/tijuanadental.net\/es\/implantes-dentales-all-on-6\/","title":{"rendered":"Implantes dentales All-On-6"},"content":{"rendered":"\t\t<div data-elementor-type=\"wp-page\" data-elementor-id=\"1610\" class=\"elementor elementor-1610 elementor-1298\" data-elementor-post-type=\"page\">\n\t\t\t\t<div class=\"elementor-element elementor-element-e2d887a e-flex e-con-boxed e-con e-parent\" data-id=\"e2d887a\" data-element_type=\"container\" data-settings=\"{&quot;background_background&quot;:&quot;classic&quot;}\">\n\t\t\t\t\t<div class=\"e-con-inner\">\n\t\t<div class=\"elementor-element elementor-element-cf0ab3f e-con-full e-flex e-con e-child\" data-id=\"cf0ab3f\" data-element_type=\"container\">\n\t\t\t\t<div class=\"elementor-element elementor-element-c6e3a3d elementor-widget elementor-widget-heading\" data-id=\"c6e3a3d\" data-element_type=\"widget\" data-widget_type=\"heading.default\">\n\t\t\t\t\t<h1 class=\"elementor-heading-title elementor-size-default\">Implantes dentales All-On-6<\/h1>\t\t\t\t<\/div>\n\t\t\t\t<div class=\"elementor-element elementor-element-08225c0 elementor-widget elementor-widget-text-editor\" data-id=\"08225c0\" data-element_type=\"widget\" data-widget_type=\"text-editor.default\">\n\t\t\t\t\t\t\t\t\t<p>Los implantes dentales All-on-6 funcionan igual que el sistema de implantes All-on-4. Es un conjunto permanente de implantes dentales, pero utiliza seis implantes en lugar de cuatro.<\/p>\t\t\t\t\t\t\t\t<\/div>\n\t\t\t\t<\/div>\n\t\t<div class=\"elementor-element elementor-element-6810f74 e-con-full e-flex e-con e-child\" data-id=\"6810f74\" data-element_type=\"container\">\n\t\t\t\t<div class=\"elementor-element elementor-element-90d971e elementor-widget elementor-widget-heading\" data-id=\"90d971e\" data-element_type=\"widget\" data-widget_type=\"heading.default\">\n\t\t\t\t\t<h4 class=\"elementor-heading-title elementor-size-default\">\u00a1Pide hoy mismo un presupuesto gratuito!<\/h4>\t\t\t\t<\/div>\n\t\t\t\t<div class=\"elementor-element elementor-element-ac536aa elementor-widget__width-inherit elementor-widget elementor-widget-html\" data-id=\"ac536aa\" data-element_type=\"widget\" data-widget_type=\"html.default\">\n\t\t\t\t\t<iframe src=\"https:\/\/crm.tijuanadental.net\/widget\/form\/Ie1g1KRXhYwEL7Kddlu1\" style=\"width:100%;height:100%;border:none;border-radius:3px\" id=\"inline-Ie1g1KRXhYwEL7Kddlu1\" data-layout=\"{'id':'INLINE'}\" data-trigger-type=\"alwaysShow\" data-trigger-value=\"\" data-activation-type=\"alwaysActivated\" data-activation-value=\"\" data-deactivation-type=\"neverDeactivate\" data-deactivation-value=\"\" data-form-name=\"CONTACT FORM\" data-height=\"552\" data-layout-iframe-id=\"inline-Ie1g1KRXhYwEL7Kddlu1\" data-form-id=\"Ie1g1KRXhYwEL7Kddlu1\" title=\"FORMULARIO DE CONTACTO\">\r\n<\/iframe>\r\n<script src=\"https:\/\/crm.tijuanadental.net\/js\/form_embed.js\"><\/script>\t\t\t\t<\/div>\n\t\t\t\t<\/div>\n\t\t\t\t\t<\/div>\n\t\t\t\t<\/div>\n\t\t\t\t<section class=\"elementor-section elementor-top-section elementor-element elementor-element-636a82b elementor-section-boxed elementor-section-height-default elementor-section-height-default\" data-id=\"636a82b\" data-element_type=\"section\">\n\t\t\t\t\t\t<div class=\"elementor-container elementor-column-gap-default\">\n\t\t\t\t\t<div class=\"elementor-column elementor-col-50 elementor-top-column elementor-element elementor-element-a2a9d7c\" data-id=\"a2a9d7c\" data-element_type=\"column\">\n\t\t\t<div class=\"elementor-widget-wrap elementor-element-populated\">\n\t\t\t\t\t\t<div class=\"elementor-element elementor-element-83b1ac8 elementor-widget elementor-widget-image\" data-id=\"83b1ac8\" data-element_type=\"widget\" data-widget_type=\"image.default\">\n\t\t\t\t\t\t\t\t\t\t\t\t\t\t\t<img fetchpriority=\"high\" decoding=\"async\" width=\"700\" height=\"466\" src=\"https:\/\/tijuanadental.net\/wp-content\/uploads\/2021\/07\/Full-Denture-Mexico-Dental.jpg\" class=\"attachment-large size-large wp-image-1613\" alt=\"Dentadura completa M\u00e9xico Dental\" srcset=\"https:\/\/tijuanadental.net\/wp-content\/uploads\/2021\/07\/Full-Denture-Mexico-Dental.jpg 700w, https:\/\/tijuanadental.net\/wp-content\/uploads\/2021\/07\/Full-Denture-Mexico-Dental-300x200.jpg 300w\" sizes=\"(max-width: 700px) 100vw, 700px\" \/>\t\t\t\t\t\t\t\t\t\t\t\t\t\t\t<\/div>\n\t\t\t\t\t<\/div>\n\t\t<\/div>\n\t\t\t\t<div class=\"elementor-column elementor-col-50 elementor-top-column elementor-element elementor-element-9203fd6\" data-id=\"9203fd6\" data-element_type=\"column\">\n\t\t\t<div class=\"elementor-widget-wrap elementor-element-populated\">\n\t\t\t\t\t\t<div class=\"elementor-element elementor-element-7f89eed elementor-widget elementor-widget-heading\" data-id=\"7f89eed\" data-element_type=\"widget\" data-widget_type=\"heading.default\">\n\t\t\t\t\t<h2 class=\"elementor-heading-title elementor-size-default\">\u00bfC\u00f3mo elegir entre All-on-4 y All-on-6?<\/h2>\t\t\t\t<\/div>\n\t\t\t\t<div class=\"elementor-element elementor-element-02ec21d elementor-widget elementor-widget-text-editor\" data-id=\"02ec21d\" data-element_type=\"widget\" data-widget_type=\"text-editor.default\">\n\t\t\t\t\t\t\t\t\t<p>Cada uno de los sistemas de implantes tiene sus ventajas espec\u00edficas. Cu\u00e1l es mejor en tu caso depende del estado de tu boca, enc\u00edas y maxilar. Pide cita para que un especialista analice cu\u00e1l es la mejor opci\u00f3n para ti.<\/p>\t\t\t\t\t\t\t\t<\/div>\n\t\t\t\t<div class=\"elementor-element elementor-element-19596ac elementor-mobile-align-center elementor-widget elementor-widget-button\" data-id=\"19596ac\" data-element_type=\"widget\" data-widget_type=\"button.default\">\n\t\t\t\t\t\t\t\t\t\t<a class=\"elementor-button elementor-button-link elementor-size-sm\" href=\"#contact\">\n\t\t\t\t\t\t<span class=\"elementor-button-content-wrapper\">\n\t\t\t\t\t\t\t\t\t<span class=\"elementor-button-text\">Pide un presupuesto gratuito<\/span>\n\t\t\t\t\t<\/span>\n\t\t\t\t\t<\/a>\n\t\t\t\t\t\t\t\t<\/div>\n\t\t\t\t\t<\/div>\n\t\t<\/div>\n\t\t\t\t\t<\/div>\n\t\t<\/section>\n\t\t\t\t<section class=\"elementor-section elementor-top-section elementor-element elementor-element-cdd6ac8 elementor-section-boxed elementor-section-height-default elementor-section-height-default\" data-id=\"cdd6ac8\" data-element_type=\"section\" data-settings=\"{&quot;background_background&quot;:&quot;slideshow&quot;,&quot;background_slideshow_gallery&quot;:[{&quot;id&quot;:1549,&quot;url&quot;:&quot;https:\\\/\\\/tijuanadental.net\\\/wp-content\\\/uploads\\\/2021\\\/06\\\/young-woman-getting-dental-treatment-dental-clinic-PXA9645.jpg&quot;}],&quot;background_slideshow_loop&quot;:&quot;yes&quot;,&quot;background_slideshow_slide_duration&quot;:5000,&quot;background_slideshow_slide_transition&quot;:&quot;fade&quot;,&quot;background_slideshow_transition_duration&quot;:500}\">\n\t\t\t\t\t\t\t<div class=\"elementor-background-overlay\"><\/div>\n\t\t\t\t\t\t\t<div class=\"elementor-container elementor-column-gap-default\">\n\t\t\t\t\t<div class=\"elementor-column elementor-col-100 elementor-top-column elementor-element elementor-element-ca35738\" data-id=\"ca35738\" data-element_type=\"column\">\n\t\t\t<div class=\"elementor-widget-wrap elementor-element-populated\">\n\t\t\t\t\t\t<div class=\"elementor-element elementor-element-cf1cbf9 elementor-widget elementor-widget-heading\" data-id=\"cf1cbf9\" data-element_type=\"widget\" data-widget_type=\"heading.default\">\n\t\t\t\t\t<h2 class=\"elementor-heading-title elementor-size-default\">Ventajas de los implantes All-on-6<\/h2>\t\t\t\t<\/div>\n\t\t\t\t<div class=\"elementor-element elementor-element-01ced20 elementor-widget elementor-widget-text-editor\" data-id=\"01ced20\" data-element_type=\"widget\" data-widget_type=\"text-editor.default\">\n\t\t\t\t\t\t\t\t\t<ul><li>Permite fabricar dientes permanentes o fijos atornillados.<\/li><li>Ayuda a recuperar la est\u00e9tica de quienes han perdido todos o algunos dientes.<\/li><li>Recupera la funcionalidad de las personas que han perdido todos los dientes o est\u00e1n a punto de hacerlo.<\/li><li>Utilizar seis implantes en lugar de cuatro, proporciona mayor estabilidad y resistencia.<\/li><li>Los dos implantes o tornillos adicionales proporcionan m\u00e1s protecci\u00f3n contra la p\u00e9rdida de densidad \u00f3sea con el tiempo.<\/li><li>Los implantes All-on-6 son f\u00e1ciles de mantener.<\/li><li>Evitan el da\u00f1o a las enc\u00edas que puede producirse con las pr\u00f3tesis removibles.<\/li><\/ul>\t\t\t\t\t\t\t\t<\/div>\n\t\t\t\t<div class=\"elementor-element elementor-element-4f78130 elementor-widget elementor-widget-heading\" data-id=\"4f78130\" data-element_type=\"widget\" data-widget_type=\"heading.default\">\n\t\t\t\t\t<h2 class=\"elementor-heading-title elementor-size-default\">Procedimiento All-on-6<\/h2>\t\t\t\t<\/div>\n\t\t\t\t\t<\/div>\n\t\t<\/div>\n\t\t\t\t\t<\/div>\n\t\t<\/section>\n\t\t\t\t<section class=\"elementor-section elementor-top-section elementor-element elementor-element-a97790b elementor-section-boxed elementor-section-height-default elementor-section-height-default\" data-id=\"a97790b\" data-element_type=\"section\">\n\t\t\t\t\t\t<div class=\"elementor-container elementor-column-gap-default\">\n\t\t\t\t\t<div class=\"elementor-column elementor-col-100 elementor-top-column elementor-element elementor-element-8a0f5b3\" data-id=\"8a0f5b3\" data-element_type=\"column\">\n\t\t\t<div class=\"elementor-widget-wrap elementor-element-populated\">\n\t\t\t\t\t\t<section class=\"elementor-section elementor-inner-section elementor-element elementor-element-80774f4 elementor-section-boxed elementor-section-height-default elementor-section-height-default\" data-id=\"80774f4\" data-element_type=\"section\" data-settings=\"{&quot;background_background&quot;:&quot;classic&quot;}\">\n\t\t\t\t\t\t<div class=\"elementor-container elementor-column-gap-wider\">\n\t\t\t\t\t<div class=\"elementor-column elementor-col-33 elementor-inner-column elementor-element elementor-element-051bc41\" data-id=\"051bc41\" data-element_type=\"column\" data-settings=\"{&quot;background_background&quot;:&quot;classic&quot;}\">\n\t\t\t<div class=\"elementor-widget-wrap elementor-element-populated\">\n\t\t\t\t\t\t<div class=\"elementor-element elementor-element-dd494ab elementor-vertical-align-top elementor-widget elementor-widget-image-box\" data-id=\"dd494ab\" data-element_type=\"widget\" data-widget_type=\"image-box.default\">\n\t\t\t\t\t<div class=\"elementor-image-box-wrapper\"><div class=\"elementor-image-box-content\"><h4 class=\"elementor-image-box-title\">1 - Puente<\/h4><p class=\"elementor-image-box-description\">Se fijan seis tornillos en el hueso de la mand\u00edbula, cubiertos por un puente de zirconia y porcelana.  <\/p><\/div><\/div>\t\t\t\t<\/div>\n\t\t\t\t\t<\/div>\n\t\t<\/div>\n\t\t\t\t<div class=\"elementor-column elementor-col-33 elementor-inner-column elementor-element elementor-element-294631e\" data-id=\"294631e\" data-element_type=\"column\" data-settings=\"{&quot;background_background&quot;:&quot;classic&quot;}\">\n\t\t\t<div class=\"elementor-widget-wrap elementor-element-populated\">\n\t\t\t\t\t\t<div class=\"elementor-element elementor-element-b51fc08 elementor-vertical-align-top elementor-widget elementor-widget-image-box\" data-id=\"b51fc08\" data-element_type=\"widget\" data-widget_type=\"image-box.default\">\n\t\t\t\t\t<div class=\"elementor-image-box-wrapper\"><div class=\"elementor-image-box-content\"><h4 class=\"elementor-image-box-title\">2 - Colocaci\u00f3n del implante o implantes  <\/h4><p class=\"elementor-image-box-description\">Al colocar los implantes en el hueso maxilar, se integran en \u00e9l y, una vez integrados en el hueso, funcionan como ra\u00edces dentales naturales.  <\/p><\/div><\/div>\t\t\t\t<\/div>\n\t\t\t\t\t<\/div>\n\t\t<\/div>\n\t\t\t\t<div class=\"elementor-column elementor-col-33 elementor-inner-column elementor-element elementor-element-51350d9\" data-id=\"51350d9\" data-element_type=\"column\" data-settings=\"{&quot;background_background&quot;:&quot;classic&quot;}\">\n\t\t\t<div class=\"elementor-widget-wrap elementor-element-populated\">\n\t\t\t\t\t\t<div class=\"elementor-element elementor-element-1f5aabf elementor-vertical-align-top elementor-widget elementor-widget-image-box\" data-id=\"1f5aabf\" data-element_type=\"widget\" data-widget_type=\"image-box.default\">\n\t\t\t\t\t<div class=\"elementor-image-box-wrapper\"><div class=\"elementor-image-box-content\"><h4 class=\"elementor-image-box-title\">3 - Toques finales  <\/h4><p class=\"elementor-image-box-description\">Mejora tu aspecto y la funci\u00f3n de tus dientes desde el primer d\u00eda, ya que a partir de ese momento se colocan dientes provisionales. Los dientes permanentes se colocan una vez que los implantes se han integrado en el hueso maxilar. Aproximadamente de 4 a 6 meses despu\u00e9s.<\/p><\/div><\/div>\t\t\t\t<\/div>\n\t\t\t\t\t<\/div>\n\t\t<\/div>\n\t\t\t\t\t<\/div>\n\t\t<\/section>\n\t\t\t\t\t<\/div>\n\t\t<\/div>\n\t\t\t\t\t<\/div>\n\t\t<\/section>\n\t\t\t\t<section class=\"elementor-section elementor-top-section elementor-element elementor-element-f59b827 elementor-section-boxed elementor-section-height-default elementor-section-height-default\" data-id=\"f59b827\" data-element_type=\"section\" data-settings=\"{&quot;background_background&quot;:&quot;classic&quot;}\">\n\t\t\t\t\t\t<div class=\"elementor-container elementor-column-gap-default\">\n\t\t\t\t\t<div class=\"elementor-column elementor-col-100 elementor-top-column elementor-element elementor-element-a91d7f1\" data-id=\"a91d7f1\" data-element_type=\"column\">\n\t\t\t<div class=\"elementor-widget-wrap elementor-element-populated\">\n\t\t\t\t\t\t<div class=\"elementor-element elementor-element-58391c0 elementor-widget elementor-widget-heading\" data-id=\"58391c0\" data-element_type=\"widget\" data-widget_type=\"heading.default\">\n\t\t\t\t\t<h4 class=\"elementor-heading-title elementor-size-default\">En menos de 4 visitas estar\u00e1s lista para lucir una sonrisa totalmente nueva que podr\u00e1s mostrar al mundo con confianza.<\/h4>\t\t\t\t<\/div>\n\t\t\t\t\t<\/div>\n\t\t<\/div>\n\t\t\t\t\t<\/div>\n\t\t<\/section>\n\t\t\t\t<section class=\"elementor-section elementor-top-section elementor-element elementor-element-e3a6bc3 elementor-section-full_width elementor-section-height-default elementor-section-height-default\" data-id=\"e3a6bc3\" data-element_type=\"section\" data-settings=\"{&quot;background_background&quot;:&quot;classic&quot;}\">\n\t\t\t\t\t\t<div class=\"elementor-container elementor-column-gap-default\">\n\t\t\t\t\t<div class=\"elementor-column elementor-col-50 elementor-top-column elementor-element elementor-element-07adfe8\" data-id=\"07adfe8\" data-element_type=\"column\" data-settings=\"{&quot;background_background&quot;:&quot;classic&quot;}\">\n\t\t\t<div class=\"elementor-widget-wrap elementor-element-populated\">\n\t\t\t\t\t\t<div class=\"elementor-element elementor-element-96f11ee elementor-widget elementor-widget-heading\" data-id=\"96f11ee\" data-element_type=\"widget\" data-widget_type=\"heading.default\">\n\t\t\t\t\t<h2 class=\"elementor-heading-title elementor-size-default\"><a href=\"#contact\">OBTENER UN PRESUPUESTO GRATUITO<\/a><\/h2>\t\t\t\t<\/div>\n\t\t\t\t\t<\/div>\n\t\t<\/div>\n\t\t\t\t<div class=\"elementor-column elementor-col-50 elementor-top-column elementor-element elementor-element-1967271\" data-id=\"1967271\" data-element_type=\"column\" data-settings=\"{&quot;background_background&quot;:&quot;classic&quot;}\">\n\t\t\t<div class=\"elementor-widget-wrap elementor-element-populated\">\n\t\t\t\t\t\t<div class=\"elementor-element elementor-element-299a354 elementor-widget elementor-widget-heading\" data-id=\"299a354\" data-element_type=\"widget\" data-widget_type=\"heading.default\">\n\t\t\t\t\t<h2 class=\"elementor-heading-title elementor-size-default\"><a href=\"#contact\">\u00a1PIDE CITA HOY MISMO!<\/a><\/h2>\t\t\t\t<\/div>\n\t\t\t\t\t<\/div>\n\t\t<\/div>\n\t\t\t\t\t<\/div>\n\t\t<\/section>\n\t\t\t\t<\/div>\n\t\t","protected":false},"excerpt":{"rendered":"<p>Los implantes dentales All-on-6 funcionan igual que el sistema de implantes All-on-4. Es un conjunto permanente de implantes dentales, pero utiliza seis implantes en lugar de cuatro. \u00a1Pide hoy mismo un presupuesto gratuito! \u00bfC\u00f3mo elegir entre All-on-4 y All-on-6? Cada uno de los sistemas de implantes tiene sus ventajas espec\u00edficas. Cu\u00e1l es mejor en tu [&hellip;]<\/p>\n","protected":false},"author":1,"featured_media":0,"parent":0,"menu_order":0,"comment_status":"closed","ping_status":"closed","template":"","meta":{"footnotes":""},"class_list":["post-1610","page","type-page","status-publish","hentry"],"_links":{"self":[{"href":"https:\/\/tijuanadental.net\/es\/wp-json\/wp\/v2\/pages\/1610","targetHints":{"allow":["GET"]}}],"collection":[{"href":"https:\/\/tijuanadental.net\/es\/wp-json\/wp\/v2\/pages"}],"about":[{"href":"https:\/\/tijuanadental.net\/es\/wp-json\/wp\/v2\/types\/page"}],"author":[{"embeddable":true,"href":"https:\/\/tijuanadental.net\/es\/wp-json\/wp\/v2\/users\/1"}],"replies":[{"embeddable":true,"href":"https:\/\/tijuanadental.net\/es\/wp-json\/wp\/v2\/comments?post=1610"}],"version-history":[{"count":2,"href":"https:\/\/tijuanadental.net\/es\/wp-json\/wp\/v2\/pages\/1610\/revisions"}],"predecessor-version":[{"id":1617,"href":"https:\/\/tijuanadental.net\/es\/wp-json\/wp\/v2\/pages\/1610\/revisions\/1617"}],"wp:attachment":[{"href":"https:\/\/tijuanadental.net\/es\/wp-json\/wp\/v2\/media?parent=1610"}],"curies":[{"name":"wp","href":"https:\/\/api.w.org\/{rel}","templated":true}]}}