{"id":1618,"date":"2021-08-10T23:29:39","date_gmt":"2021-08-10T23:29:39","guid":{"rendered":"https:\/\/tijuanadental.net\/preguntas-frecuentes\/"},"modified":"2025-11-20T00:52:08","modified_gmt":"2025-11-20T00:52:08","slug":"preguntas-frecuentes","status":"publish","type":"page","link":"https:\/\/tijuanadental.net\/es\/preguntas-frecuentes\/","title":{"rendered":"Preguntas frecuentes"},"content":{"rendered":"\t\t<div data-elementor-type=\"wp-page\" data-elementor-id=\"1618\" class=\"elementor elementor-1618 elementor-797\" data-elementor-post-type=\"page\">\n\t\t\t\t\t\t<section class=\"elementor-section elementor-top-section elementor-element elementor-element-f72b25b elementor-section-boxed elementor-section-height-default elementor-section-height-default\" data-id=\"f72b25b\" data-element_type=\"section\">\n\t\t\t\t\t\t<div class=\"elementor-container elementor-column-gap-default\">\n\t\t\t\t\t<div class=\"elementor-column elementor-col-100 elementor-top-column elementor-element elementor-element-6477683\" data-id=\"6477683\" data-element_type=\"column\" data-settings=\"{&quot;background_background&quot;:&quot;classic&quot;}\">\n\t\t\t<div class=\"elementor-widget-wrap elementor-element-populated\">\n\t\t\t\t\t\t<div class=\"elementor-element elementor-element-c771145 elementor-widget elementor-widget-heading\" data-id=\"c771145\" data-element_type=\"widget\" data-widget_type=\"heading.default\">\n\t\t\t\t\t<h6 class=\"elementor-heading-title elementor-size-default\">Preguntas frecuentes<\/h6>\t\t\t\t<\/div>\n\t\t\t\t<div class=\"elementor-element elementor-element-7e6d83b elementor-widget elementor-widget-heading\" data-id=\"7e6d83b\" data-element_type=\"widget\" data-widget_type=\"heading.default\">\n\t\t\t\t\t<h3 class=\"elementor-heading-title elementor-size-default\">Preguntas frecuentes sobre tratamientos dentales<\/h3>\t\t\t\t<\/div>\n\t\t\t\t<div class=\"elementor-element elementor-element-015441f elementor-widget elementor-widget-toggle\" data-id=\"015441f\" data-element_type=\"widget\" data-widget_type=\"toggle.default\">\n\t\t\t\t\t\t\t<div class=\"elementor-toggle\">\n\t\t\t\t\t\t\t<div class=\"elementor-toggle-item\">\n\t\t\t\t\t<div id=\"elementor-tab-title-1391\" class=\"elementor-tab-title\" data-tab=\"1\" role=\"button\" aria-controls=\"elementor-tab-content-1391\" aria-expanded=\"false\">\n\t\t\t\t\t\t\t\t\t\t\t\t<span class=\"elementor-toggle-icon elementor-toggle-icon-left\" aria-hidden=\"true\">\n\t\t\t\t\t\t\t\t\t\t\t\t\t\t\t<span class=\"elementor-toggle-icon-closed\"><svg class=\"e-font-icon-svg e-fas-caret-right\" viewBox=\"0 0 192 512\" xmlns=\"http:\/\/www.w3.org\/2000\/svg\"><path d=\"M0 384.662V127.338c0-17.818 21.543-26.741 34.142-14.142l128.662 128.662c7.81 7.81 7.81 20.474 0 28.284L34.142 398.804C21.543 411.404 0 402.48 0 384.662z\"><\/path><\/svg><\/span>\n\t\t\t\t\t\t\t\t<span class=\"elementor-toggle-icon-opened\"><svg class=\"elementor-toggle-icon-opened e-font-icon-svg e-fas-caret-up\" viewBox=\"0 0 320 512\" xmlns=\"http:\/\/www.w3.org\/2000\/svg\"><path d=\"M288.662 352H31.338c-17.818 0-26.741-21.543-14.142-34.142l128.662-128.662c7.81-7.81 20.474-7.81 28.284 0l128.662 128.662c12.6 12.599 3.676 34.142-14.142 34.142z\"><\/path><\/svg><\/span>\n\t\t\t\t\t\t\t\t\t\t\t\t\t<\/span>\n\t\t\t\t\t\t\t\t\t\t\t\t<a class=\"elementor-toggle-title\" tabindex=\"0\">Me gustar\u00eda tener los dientes m\u00e1s blancos. \u00bfQu\u00e9 opciones tengo? <\/a>\n\t\t\t\t\t<\/div>\n\n\t\t\t\t\t<div id=\"elementor-tab-content-1391\" class=\"elementor-tab-content elementor-clearfix\" data-tab=\"1\" role=\"region\" aria-labelledby=\"elementor-tab-title-1391\"><p>Hay muchas razones por las que nuestros dientes se decoloran. Beber caf\u00e9, el consumo de tabaco, una higiene bucal deficiente y la edad son culpables de la decoloraci\u00f3n. El blanqueamiento puede devolverte el brillo blanco natural que una vez tuviste, o que siempre has deseado.  <\/p>\n<p>Utilizar pasta dent\u00edfrica blanqueadora casera es la forma m\u00e1s econ\u00f3mica de blanquear tus dientes de forma regular, en combinaci\u00f3n con los tratamientos blanqueadores caseros prescritos por tu dentista. Podemos ofrecerte varias opciones de tratamiento blanqueador de larga duraci\u00f3n que te proporcionar\u00e1n una mejor calidad. La mayor\u00eda de los tratamientos se pueden completar en nuestra consulta durante una cita de una hora. Despu\u00e9s te ofreceremos un plan de seguimiento de tratamientos blanqueadores muy eficaces que puedes hacer en casa.   <\/p>\n<\/div>\n\t\t\t\t<\/div>\n\t\t\t\t\t\t\t<div class=\"elementor-toggle-item\">\n\t\t\t\t\t<div id=\"elementor-tab-title-1392\" class=\"elementor-tab-title\" data-tab=\"2\" role=\"button\" aria-controls=\"elementor-tab-content-1392\" aria-expanded=\"false\">\n\t\t\t\t\t\t\t\t\t\t\t\t<span class=\"elementor-toggle-icon elementor-toggle-icon-left\" aria-hidden=\"true\">\n\t\t\t\t\t\t\t\t\t\t\t\t\t\t\t<span class=\"elementor-toggle-icon-closed\"><svg class=\"e-font-icon-svg e-fas-caret-right\" viewBox=\"0 0 192 512\" xmlns=\"http:\/\/www.w3.org\/2000\/svg\"><path d=\"M0 384.662V127.338c0-17.818 21.543-26.741 34.142-14.142l128.662 128.662c7.81 7.81 7.81 20.474 0 28.284L34.142 398.804C21.543 411.404 0 402.48 0 384.662z\"><\/path><\/svg><\/span>\n\t\t\t\t\t\t\t\t<span class=\"elementor-toggle-icon-opened\"><svg class=\"elementor-toggle-icon-opened e-font-icon-svg e-fas-caret-up\" viewBox=\"0 0 320 512\" xmlns=\"http:\/\/www.w3.org\/2000\/svg\"><path d=\"M288.662 352H31.338c-17.818 0-26.741-21.543-14.142-34.142l128.662-128.662c7.81-7.81 20.474-7.81 28.284 0l128.662 128.662c12.6 12.599 3.676 34.142-14.142 34.142z\"><\/path><\/svg><\/span>\n\t\t\t\t\t\t\t\t\t\t\t\t\t<\/span>\n\t\t\t\t\t\t\t\t\t\t\t\t<a class=\"elementor-toggle-title\" tabindex=\"0\">\u00bfFunciona realmente la pasta de dientes blanqueadora?  <\/a>\n\t\t\t\t\t<\/div>\n\n\t\t\t\t\t<div id=\"elementor-tab-content-1392\" class=\"elementor-tab-content elementor-clearfix\" data-tab=\"2\" role=\"region\" aria-labelledby=\"elementor-tab-title-1392\"><p>El uso diario de una pasta dent\u00edfrica blanqueadora puede ayudar a eliminar las manchas superficiales y darte unos dientes ligeramente m\u00e1s blancos. Los resultados suelen tardar de 2 a 4 semanas en notarse, y un uso excesivo puede da\u00f1ar el esmalte dental. <\/p>\n<p>Aunque pueden eliminar las manchas superficiales leves, los dent\u00edfricos blanqueadores no pueden cambiar el color natural de tus dientes reales causado por caries u otros agentes de tinci\u00f3n.<\/p>\n<p>Pregunta a tu dentista por una soluci\u00f3n m\u00e1s eficaz y duradera para blanquear tus dientes. Cuando elijas una pasta dent\u00edfrica blanqueadora, te recomendamos que utilices siempre una marca que tenga el sello de aprobaci\u00f3n de la Asociaci\u00f3n Dental Americana (ADA). <\/p>\n<\/div>\n\t\t\t\t<\/div>\n\t\t\t\t\t\t\t<div class=\"elementor-toggle-item\">\n\t\t\t\t\t<div id=\"elementor-tab-title-1393\" class=\"elementor-tab-title\" data-tab=\"3\" role=\"button\" aria-controls=\"elementor-tab-content-1393\" aria-expanded=\"false\">\n\t\t\t\t\t\t\t\t\t\t\t\t<span class=\"elementor-toggle-icon elementor-toggle-icon-left\" aria-hidden=\"true\">\n\t\t\t\t\t\t\t\t\t\t\t\t\t\t\t<span class=\"elementor-toggle-icon-closed\"><svg class=\"e-font-icon-svg e-fas-caret-right\" viewBox=\"0 0 192 512\" xmlns=\"http:\/\/www.w3.org\/2000\/svg\"><path d=\"M0 384.662V127.338c0-17.818 21.543-26.741 34.142-14.142l128.662 128.662c7.81 7.81 7.81 20.474 0 28.284L34.142 398.804C21.543 411.404 0 402.48 0 384.662z\"><\/path><\/svg><\/span>\n\t\t\t\t\t\t\t\t<span class=\"elementor-toggle-icon-opened\"><svg class=\"elementor-toggle-icon-opened e-font-icon-svg e-fas-caret-up\" viewBox=\"0 0 320 512\" xmlns=\"http:\/\/www.w3.org\/2000\/svg\"><path d=\"M288.662 352H31.338c-17.818 0-26.741-21.543-14.142-34.142l128.662-128.662c7.81-7.81 20.474-7.81 28.284 0l128.662 128.662c12.6 12.599 3.676 34.142-14.142 34.142z\"><\/path><\/svg><\/span>\n\t\t\t\t\t\t\t\t\t\t\t\t\t<\/span>\n\t\t\t\t\t\t\t\t\t\t\t\t<a class=\"elementor-toggle-title\" tabindex=\"0\">Me gustar\u00eda cambiar la forma de algunos de mis dientes y reparar varios dientes da\u00f1ados para mejorar mi sonrisa. \u00bfQu\u00e9 opciones tengo? <\/a>\n\t\t\t\t\t<\/div>\n\n\t\t\t\t\t<div id=\"elementor-tab-content-1393\" class=\"elementor-tab-content elementor-clearfix\" data-tab=\"3\" role=\"region\" aria-labelledby=\"elementor-tab-title-1393\"><p>Deja que nuestros especialistas en transformaci\u00f3n de la sonrisa te proporcionen el plan de tratamiento de transformaci\u00f3n de tus sue\u00f1os. Se tomar\u00e1n el tiempo necesario para escuchar tus deseos y necesidades, analizar tus opciones y ofrecerte sus cualificadas recomendaciones. Tras reparar cualquier caries o da\u00f1o, nuestros especialistas te ayudar\u00e1n a crear una sonrisa sana y atractiva de la que puedas estar orgulloso. Puede que necesites carillas de porcelana, implantes dentales, coronas, una restauraci\u00f3n bucal completa o adhesivos para obtener los resultados deseados. Independientemente de tus necesidades, te explicaremos todas las opciones en profundidad y te proporcionaremos un plan de tratamiento asequible que te proporcione la sonrisa que siempre has deseado.    <\/p>\n<\/div>\n\t\t\t\t<\/div>\n\t\t\t\t\t\t\t<div class=\"elementor-toggle-item\">\n\t\t\t\t\t<div id=\"elementor-tab-title-1394\" class=\"elementor-tab-title\" data-tab=\"4\" role=\"button\" aria-controls=\"elementor-tab-content-1394\" aria-expanded=\"false\">\n\t\t\t\t\t\t\t\t\t\t\t\t<span class=\"elementor-toggle-icon elementor-toggle-icon-left\" aria-hidden=\"true\">\n\t\t\t\t\t\t\t\t\t\t\t\t\t\t\t<span class=\"elementor-toggle-icon-closed\"><svg class=\"e-font-icon-svg e-fas-caret-right\" viewBox=\"0 0 192 512\" xmlns=\"http:\/\/www.w3.org\/2000\/svg\"><path d=\"M0 384.662V127.338c0-17.818 21.543-26.741 34.142-14.142l128.662 128.662c7.81 7.81 7.81 20.474 0 28.284L34.142 398.804C21.543 411.404 0 402.48 0 384.662z\"><\/path><\/svg><\/span>\n\t\t\t\t\t\t\t\t<span class=\"elementor-toggle-icon-opened\"><svg class=\"elementor-toggle-icon-opened e-font-icon-svg e-fas-caret-up\" viewBox=\"0 0 320 512\" xmlns=\"http:\/\/www.w3.org\/2000\/svg\"><path d=\"M288.662 352H31.338c-17.818 0-26.741-21.543-14.142-34.142l128.662-128.662c7.81-7.81 20.474-7.81 28.284 0l128.662 128.662c12.6 12.599 3.676 34.142-14.142 34.142z\"><\/path><\/svg><\/span>\n\t\t\t\t\t\t\t\t\t\t\t\t\t<\/span>\n\t\t\t\t\t\t\t\t\t\t\t\t<a class=\"elementor-toggle-title\" tabindex=\"0\">\u00bfPuedo ver c\u00f3mo ser\u00e1 mi \"nueva\" sonrisa antes de hacer ning\u00fan trabajo?<\/a>\n\t\t\t\t\t<\/div>\n\n\t\t\t\t\t<div id=\"elementor-tab-content-1394\" class=\"elementor-tab-content elementor-clearfix\" data-tab=\"4\" role=\"region\" aria-labelledby=\"elementor-tab-title-1394\"><p>\u00a1Por supuesto! Nuestro avanzado software de im\u00e1genes puede crear una r\u00e9plica digital de tu futura sonrisa para que puedas tomar la decisi\u00f3n m\u00e1s informada sobre la sonrisa que quieres. Tomaremos fotos panor\u00e1micas de tu sonrisa para poder crear una representaci\u00f3n digital de tus nuevos dientes casi perfectos. Se te informar\u00e1 del proceso completo, paso a paso, para que entiendas completamente el proceso de transformaci\u00f3n. Tambi\u00e9n podemos proporcionarte un modelo de r\u00e9plica en vivo de tu boca si quieres ver los dientes concretos que se reparar\u00e1n, sustituir\u00e1n, etc. Estamos deseando mostrarte todas las posibilidades que tienes para transformar tu sonrisa en la versi\u00f3n m\u00e1s bella de s\u00ed misma.     <\/p>\n<\/div>\n\t\t\t\t<\/div>\n\t\t\t\t\t\t\t<div class=\"elementor-toggle-item\">\n\t\t\t\t\t<div id=\"elementor-tab-title-1395\" class=\"elementor-tab-title\" data-tab=\"5\" role=\"button\" aria-controls=\"elementor-tab-content-1395\" aria-expanded=\"false\">\n\t\t\t\t\t\t\t\t\t\t\t\t<span class=\"elementor-toggle-icon elementor-toggle-icon-left\" aria-hidden=\"true\">\n\t\t\t\t\t\t\t\t\t\t\t\t\t\t\t<span class=\"elementor-toggle-icon-closed\"><svg class=\"e-font-icon-svg e-fas-caret-right\" viewBox=\"0 0 192 512\" xmlns=\"http:\/\/www.w3.org\/2000\/svg\"><path d=\"M0 384.662V127.338c0-17.818 21.543-26.741 34.142-14.142l128.662 128.662c7.81 7.81 7.81 20.474 0 28.284L34.142 398.804C21.543 411.404 0 402.48 0 384.662z\"><\/path><\/svg><\/span>\n\t\t\t\t\t\t\t\t<span class=\"elementor-toggle-icon-opened\"><svg class=\"elementor-toggle-icon-opened e-font-icon-svg e-fas-caret-up\" viewBox=\"0 0 320 512\" xmlns=\"http:\/\/www.w3.org\/2000\/svg\"><path d=\"M288.662 352H31.338c-17.818 0-26.741-21.543-14.142-34.142l128.662-128.662c7.81-7.81 20.474-7.81 28.284 0l128.662 128.662c12.6 12.599 3.676 34.142-14.142 34.142z\"><\/path><\/svg><\/span>\n\t\t\t\t\t\t\t\t\t\t\t\t\t<\/span>\n\t\t\t\t\t\t\t\t\t\t\t\t<a class=\"elementor-toggle-title\" tabindex=\"0\">\u00bfEs seguro hacerse un tratamiento dental en M\u00e9xico?<\/a>\n\t\t\t\t\t<\/div>\n\n\t\t\t\t\t<div id=\"elementor-tab-content-1395\" class=\"elementor-tab-content elementor-clearfix\" data-tab=\"5\" role=\"region\" aria-labelledby=\"elementor-tab-title-1395\"><p>Cientos de miles de canadienses y estadounidenses llevan m\u00e1s de 20 a\u00f1os acudiendo en masa a M\u00e9xico para recibir atenci\u00f3n dental de alta calidad a un precio que realmente pueden permitirse. Cuando recibes tratamiento dental con Tijuana Dental, se cuida hasta el \u00faltimo detalle. Desde el momento en que llegas, te recogen en el aeropuerto, te trasladan a un alojamiento de alta categor\u00eda, recibes un servicio atento y personal durante toda tu estancia y puedes experimentar verdaderamente M\u00e9xico y el sabor de la buena vida.  <\/p>\n<\/div>\n\t\t\t\t<\/div>\n\t\t\t\t\t\t\t\t\t\t<script type=\"application\/ld+json\">{\"@context\":\"https:\\\/\\\/schema.org\",\"@type\":\"FAQPage\",\"mainEntity\":[{\"@type\":\"Question\",\"name\":\"Me gustar\\u00eda tener los dientes m\\u00e1s blancos. \\u00bfQu\\u00e9 opciones tengo?\",\"acceptedAnswer\":{\"@type\":\"Answer\",\"text\":\"<p>Hay muchas razones por las que nuestros dientes se decoloran. Beber caf\\u00e9, el consumo de tabaco, una higiene bucal deficiente y la edad son culpables de la decoloraci\\u00f3n. El blanqueamiento puede devolverte el brillo blanco natural que una vez tuviste, o que siempre has deseado.  <\\\/p>\\n<p>Utilizar pasta dent\\u00edfrica blanqueadora casera es la forma m\\u00e1s econ\\u00f3mica de blanquear tus dientes de forma regular, en combinaci\\u00f3n con los tratamientos blanqueadores caseros prescritos por tu dentista. Podemos ofrecerte varias opciones de tratamiento blanqueador de larga duraci\\u00f3n que te proporcionar\\u00e1n una mejor calidad. La mayor\\u00eda de los tratamientos se pueden completar en nuestra consulta durante una cita de una hora. Despu\\u00e9s te ofreceremos un plan de seguimiento de tratamientos blanqueadores muy eficaces que puedes hacer en casa.   <\\\/p>\\n\"}},{\"@type\":\"Question\",\"name\":\"\\u00bfFunciona realmente la pasta de dientes blanqueadora?\",\"acceptedAnswer\":{\"@type\":\"Answer\",\"text\":\"<p>El uso diario de una pasta dent\\u00edfrica blanqueadora puede ayudar a eliminar las manchas superficiales y darte unos dientes ligeramente m\\u00e1s blancos. Los resultados suelen tardar de 2 a 4 semanas en notarse, y un uso excesivo puede da\\u00f1ar el esmalte dental. <\\\/p>\\n<p>Aunque pueden eliminar las manchas superficiales leves, los dent\\u00edfricos blanqueadores no pueden cambiar el color natural de tus dientes reales causado por caries u otros agentes de tinci\\u00f3n.<\\\/p>\\n<p>Pregunta a tu dentista por una soluci\\u00f3n m\\u00e1s eficaz y duradera para blanquear tus dientes. Cuando elijas una pasta dent\\u00edfrica blanqueadora, te recomendamos que utilices siempre una marca que tenga el sello de aprobaci\\u00f3n de la Asociaci\\u00f3n Dental Americana (ADA). <\\\/p>\\n\"}},{\"@type\":\"Question\",\"name\":\"Me gustar\\u00eda cambiar la forma de algunos de mis dientes y reparar varios dientes da\\u00f1ados para mejorar mi sonrisa. \\u00bfQu\\u00e9 opciones tengo?\",\"acceptedAnswer\":{\"@type\":\"Answer\",\"text\":\"<p>Deja que nuestros especialistas en transformaci\\u00f3n de la sonrisa te proporcionen el plan de tratamiento de transformaci\\u00f3n de tus sue\\u00f1os. Se tomar\\u00e1n el tiempo necesario para escuchar tus deseos y necesidades, analizar tus opciones y ofrecerte sus cualificadas recomendaciones. Tras reparar cualquier caries o da\\u00f1o, nuestros especialistas te ayudar\\u00e1n a crear una sonrisa sana y atractiva de la que puedas estar orgulloso. Puede que necesites carillas de porcelana, implantes dentales, coronas, una restauraci\\u00f3n bucal completa o adhesivos para obtener los resultados deseados. Independientemente de tus necesidades, te explicaremos todas las opciones en profundidad y te proporcionaremos un plan de tratamiento asequible que te proporcione la sonrisa que siempre has deseado.    <\\\/p>\\n\"}},{\"@type\":\"Question\",\"name\":\"\\u00bfPuedo ver c\\u00f3mo ser\\u00e1 mi \\\"nueva\\\" sonrisa antes de hacer ning\\u00fan trabajo?\",\"acceptedAnswer\":{\"@type\":\"Answer\",\"text\":\"<p>\\u00a1Por supuesto! Nuestro avanzado software de im\\u00e1genes puede crear una r\\u00e9plica digital de tu futura sonrisa para que puedas tomar la decisi\\u00f3n m\\u00e1s informada sobre la sonrisa que quieres. Tomaremos fotos panor\\u00e1micas de tu sonrisa para poder crear una representaci\\u00f3n digital de tus nuevos dientes casi perfectos. Se te informar\\u00e1 del proceso completo, paso a paso, para que entiendas completamente el proceso de transformaci\\u00f3n. Tambi\\u00e9n podemos proporcionarte un modelo de r\\u00e9plica en vivo de tu boca si quieres ver los dientes concretos que se reparar\\u00e1n, sustituir\\u00e1n, etc. Estamos deseando mostrarte todas las posibilidades que tienes para transformar tu sonrisa en la versi\\u00f3n m\\u00e1s bella de s\\u00ed misma.     <\\\/p>\\n\"}},{\"@type\":\"Question\",\"name\":\"\\u00bfEs seguro hacerse un tratamiento dental en M\\u00e9xico?\",\"acceptedAnswer\":{\"@type\":\"Answer\",\"text\":\"<p>Cientos de miles de canadienses y estadounidenses llevan m\\u00e1s de 20 a\\u00f1os acudiendo en masa a M\\u00e9xico para recibir atenci\\u00f3n dental de alta calidad a un precio que realmente pueden permitirse. Cuando recibes tratamiento dental con Tijuana Dental, se cuida hasta el \\u00faltimo detalle. Desde el momento en que llegas, te recogen en el aeropuerto, te trasladan a un alojamiento de alta categor\\u00eda, recibes un servicio atento y personal durante toda tu estancia y puedes experimentar verdaderamente M\\u00e9xico y el sabor de la buena vida.  <\\\/p>\\n\"}}]}<\/script>\n\t\t\t\t\t<\/div>\n\t\t\t\t\t\t<\/div>\n\t\t\t\t\t<\/div>\n\t\t<\/div>\n\t\t\t\t\t<\/div>\n\t\t<\/section>\n\t\t\t\t<\/div>\n\t\t","protected":false},"excerpt":{"rendered":"<p>Preguntas frecuentes Preguntas frecuentes sobre tratamientos dentales Me gustar\u00eda tener los dientes m\u00e1s blancos. \u00bfQu\u00e9 opciones tengo? Hay muchas razones por las que nuestros dientes se decoloran. Beber caf\u00e9, el consumo de tabaco, una higiene bucal deficiente y la edad son culpables de la decoloraci\u00f3n. El blanqueamiento puede devolverte el brillo blanco natural que una [&hellip;]<\/p>\n","protected":false},"author":1,"featured_media":0,"parent":0,"menu_order":0,"comment_status":"closed","ping_status":"closed","template":"","meta":{"footnotes":""},"class_list":["post-1618","page","type-page","status-publish","hentry"],"_links":{"self":[{"href":"https:\/\/tijuanadental.net\/es\/wp-json\/wp\/v2\/pages\/1618","targetHints":{"allow":["GET"]}}],"collection":[{"href":"https:\/\/tijuanadental.net\/es\/wp-json\/wp\/v2\/pages"}],"about":[{"href":"https:\/\/tijuanadental.net\/es\/wp-json\/wp\/v2\/types\/page"}],"author":[{"embeddable":true,"href":"https:\/\/tijuanadental.net\/es\/wp-json\/wp\/v2\/users\/1"}],"replies":[{"embeddable":true,"href":"https:\/\/tijuanadental.net\/es\/wp-json\/wp\/v2\/comments?post=1618"}],"version-history":[{"count":4,"href":"https:\/\/tijuanadental.net\/es\/wp-json\/wp\/v2\/pages\/1618\/revisions"}],"predecessor-version":[{"id":1631,"href":"https:\/\/tijuanadental.net\/es\/wp-json\/wp\/v2\/pages\/1618\/revisions\/1631"}],"wp:attachment":[{"href":"https:\/\/tijuanadental.net\/es\/wp-json\/wp\/v2\/media?parent=1618"}],"curies":[{"name":"wp","href":"https:\/\/api.w.org\/{rel}","templated":true}]}}