{"id":1621,"date":"2021-08-10T23:40:57","date_gmt":"2021-08-10T23:40:57","guid":{"rendered":"https:\/\/tijuanadental.net\/precios\/"},"modified":"2025-11-20T00:52:06","modified_gmt":"2025-11-20T00:52:06","slug":"precios","status":"publish","type":"page","link":"https:\/\/tijuanadental.net\/es\/precios\/","title":{"rendered":"Precios"},"content":{"rendered":"\t\t<div data-elementor-type=\"wp-page\" data-elementor-id=\"1621\" class=\"elementor elementor-1621 elementor-804\" data-elementor-post-type=\"page\">\n\t\t\t\t\t\t<section class=\"elementor-section elementor-top-section elementor-element elementor-element-f72b25b elementor-section-boxed elementor-section-height-default elementor-section-height-default\" data-id=\"f72b25b\" data-element_type=\"section\">\n\t\t\t\t\t\t<div class=\"elementor-container elementor-column-gap-default\">\n\t\t\t\t\t<div class=\"elementor-column elementor-col-50 elementor-top-column elementor-element elementor-element-96eb077\" data-id=\"96eb077\" data-element_type=\"column\" data-settings=\"{&quot;background_background&quot;:&quot;classic&quot;}\">\n\t\t\t<div class=\"elementor-widget-wrap elementor-element-populated\">\n\t\t\t\t\t\t<div class=\"elementor-element elementor-element-cebfafe elementor-widget elementor-widget-spacer\" data-id=\"cebfafe\" data-element_type=\"widget\" data-widget_type=\"spacer.default\">\n\t\t\t\t\t\t\t<div class=\"elementor-spacer\">\n\t\t\t<div class=\"elementor-spacer-inner\"><\/div>\n\t\t<\/div>\n\t\t\t\t\t\t<\/div>\n\t\t\t\t\t<\/div>\n\t\t<\/div>\n\t\t\t\t<div class=\"elementor-column elementor-col-50 elementor-top-column elementor-element elementor-element-6477683\" data-id=\"6477683\" data-element_type=\"column\" data-settings=\"{&quot;background_background&quot;:&quot;classic&quot;}\">\n\t\t\t<div class=\"elementor-widget-wrap elementor-element-populated\">\n\t\t\t\t\t\t<div class=\"elementor-element elementor-element-7e6d83b elementor-widget elementor-widget-heading\" data-id=\"7e6d83b\" data-element_type=\"widget\" data-widget_type=\"heading.default\">\n\t\t\t\t\t<h3 class=\"elementor-heading-title elementor-size-default\">Precios<\/h3>\t\t\t\t<\/div>\n\t\t\t\t<div class=\"elementor-element elementor-element-00a2377 elementor-widget elementor-widget-text-editor\" data-id=\"00a2377\" data-element_type=\"widget\" data-widget_type=\"text-editor.default\">\n\t\t\t\t\t\t\t\t\t<p>Tijuana Dental es una elecci\u00f3n f\u00e1cil para tu tratamiento dental. Ofrecer una atenci\u00f3n dental de primera clase con un ahorro de hasta el 50-70%, junto con nuestra garant\u00eda de sustituci\u00f3n de 10 a\u00f1os, no tiene nada que envidiar a la mayor\u00eda de los servicios dentales y precios de EE.UU. Incluso teniendo en cuenta los gastos de viaje, comidas y visitas a lugares de M\u00e9xico, la mayor\u00eda de los procedimientos dentales en Tijuana Dental suelen costar menos del 50% de lo que cuestan en EE.UU.. Eso s\u00ed que es impresionante.   <\/p>\n<p>Nuestros precios asequibles son s\u00f3lo la punta del iceberg. La mayor\u00eda de la gente recomienda Tijuana Dental a sus amigos y familiares por el servicio eficaz, profesional y atento que ofrecemos. Nuestro laboratorio dental in situ, nuestra tecnolog\u00eda de vanguardia y nuestro equipo de expertos altamente cualificados nos convierten en l\u00edderes en atenci\u00f3n dental asequible. Hay muy pocas cl\u00ednicas estadounidenses e internacionales que puedan ofrecer el mismo trabajo dental de alta calidad a un precio tan barato.   <\/p>\n<p>\u00a1La sonrisa perfecta no tiene precio! En Tijuana Dental, nos aseguramos de que tu sonrisa \u00abimpagable\u00bb tenga un precio asequible. <\/p>\n<p>Ponte en contacto con nosotros en relaci\u00f3n con todas tus necesidades dentales y estaremos encantados de proporcionarte un presupuesto gratuito.<\/p>\n<p>Las formas de pago aceptadas son: efectivo, Master Card, Visa, Discover, American Express y PayPal.<\/p>\t\t\t\t\t\t\t\t<\/div>\n\t\t\t\t\t<\/div>\n\t\t<\/div>\n\t\t\t\t\t<\/div>\n\t\t<\/section>\n\t\t\t\t<section class=\"elementor-section elementor-top-section elementor-element elementor-element-97a3020 elementor-section-full_width elementor-section-height-default elementor-section-height-default\" data-id=\"97a3020\" data-element_type=\"section\" data-settings=\"{&quot;background_background&quot;:&quot;classic&quot;}\">\n\t\t\t\t\t\t<div class=\"elementor-container elementor-column-gap-default\">\n\t\t\t\t\t<div class=\"elementor-column elementor-col-50 elementor-top-column elementor-element elementor-element-9ad3fb3\" data-id=\"9ad3fb3\" data-element_type=\"column\" data-settings=\"{&quot;background_background&quot;:&quot;classic&quot;}\">\n\t\t\t<div class=\"elementor-widget-wrap elementor-element-populated\">\n\t\t\t\t\t\t<div class=\"elementor-element elementor-element-c903ed8 elementor-widget elementor-widget-heading\" data-id=\"c903ed8\" data-element_type=\"widget\" data-widget_type=\"heading.default\">\n\t\t\t\t\t<h2 class=\"elementor-heading-title elementor-size-default\"><a href=\"https:\/\/tijuanadental.net\/es\/contacta-con-nosotros\/\">OBTENER UN PRESUPUESTO GRATUITO<\/a><\/h2>\t\t\t\t<\/div>\n\t\t\t\t\t<\/div>\n\t\t<\/div>\n\t\t\t\t<div class=\"elementor-column elementor-col-50 elementor-top-column elementor-element elementor-element-162e988\" data-id=\"162e988\" data-element_type=\"column\" data-settings=\"{&quot;background_background&quot;:&quot;classic&quot;}\">\n\t\t\t<div class=\"elementor-widget-wrap elementor-element-populated\">\n\t\t\t\t\t\t<div class=\"elementor-element elementor-element-fd04d84 elementor-widget elementor-widget-heading\" data-id=\"fd04d84\" data-element_type=\"widget\" data-widget_type=\"heading.default\">\n\t\t\t\t\t<h2 class=\"elementor-heading-title elementor-size-default\"><a href=\"https:\/\/tijuanadental.net\/es\/contacta-con-nosotros\/\">\u00a1PIDE CITA HOY MISMO!<\/a><\/h2>\t\t\t\t<\/div>\n\t\t\t\t\t<\/div>\n\t\t<\/div>\n\t\t\t\t\t<\/div>\n\t\t<\/section>\n\t\t\t\t<\/div>\n\t\t","protected":false},"excerpt":{"rendered":"<p>Precios Tijuana Dental es una elecci\u00f3n f\u00e1cil para tu tratamiento dental. Ofrecer una atenci\u00f3n dental de primera clase con un ahorro de hasta el 50-70%, junto con nuestra garant\u00eda de sustituci\u00f3n de 10 a\u00f1os, no tiene nada que envidiar a la mayor\u00eda de los servicios dentales y precios de EE.UU. Incluso teniendo en cuenta los [&hellip;]<\/p>\n","protected":false},"author":1,"featured_media":0,"parent":0,"menu_order":0,"comment_status":"closed","ping_status":"closed","template":"","meta":{"footnotes":""},"class_list":["post-1621","page","type-page","status-publish","hentry"],"_links":{"self":[{"href":"https:\/\/tijuanadental.net\/es\/wp-json\/wp\/v2\/pages\/1621","targetHints":{"allow":["GET"]}}],"collection":[{"href":"https:\/\/tijuanadental.net\/es\/wp-json\/wp\/v2\/pages"}],"about":[{"href":"https:\/\/tijuanadental.net\/es\/wp-json\/wp\/v2\/types\/page"}],"author":[{"embeddable":true,"href":"https:\/\/tijuanadental.net\/es\/wp-json\/wp\/v2\/users\/1"}],"replies":[{"embeddable":true,"href":"https:\/\/tijuanadental.net\/es\/wp-json\/wp\/v2\/comments?post=1621"}],"version-history":[{"count":2,"href":"https:\/\/tijuanadental.net\/es\/wp-json\/wp\/v2\/pages\/1621\/revisions"}],"predecessor-version":[{"id":1624,"href":"https:\/\/tijuanadental.net\/es\/wp-json\/wp\/v2\/pages\/1621\/revisions\/1624"}],"wp:attachment":[{"href":"https:\/\/tijuanadental.net\/es\/wp-json\/wp\/v2\/media?parent=1621"}],"curies":[{"name":"wp","href":"https:\/\/api.w.org\/{rel}","templated":true}]}}