{"id":1625,"date":"2021-07-23T06:56:32","date_gmt":"2021-07-23T06:56:32","guid":{"rendered":"https:\/\/tijuanadental.net\/carillas-de-porcelana\/"},"modified":"2025-11-20T00:52:09","modified_gmt":"2025-11-20T00:52:09","slug":"carillas-de-porcelana","status":"publish","type":"page","link":"https:\/\/tijuanadental.net\/es\/carillas-de-porcelana\/","title":{"rendered":"Carillas de porcelana"},"content":{"rendered":"\t\t<div data-elementor-type=\"wp-page\" data-elementor-id=\"1625\" class=\"elementor elementor-1625 elementor-721\" data-elementor-post-type=\"page\">\n\t\t\t\t\t\t<section class=\"elementor-section elementor-top-section elementor-element elementor-element-52dfd2f elementor-section-boxed elementor-section-height-default elementor-section-height-default\" data-id=\"52dfd2f\" data-element_type=\"section\" data-settings=\"{&quot;background_background&quot;:&quot;classic&quot;}\">\n\t\t\t\t\t\t\t<div class=\"elementor-background-overlay\"><\/div>\n\t\t\t\t\t\t\t<div class=\"elementor-container elementor-column-gap-default\">\n\t\t\t\t\t<div class=\"elementor-column elementor-col-50 elementor-top-column elementor-element elementor-element-e5af5a3\" data-id=\"e5af5a3\" data-element_type=\"column\">\n\t\t\t<div class=\"elementor-widget-wrap elementor-element-populated\">\n\t\t\t\t\t\t<div class=\"elementor-element elementor-element-d1e7bd0 elementor-widget elementor-widget-heading\" data-id=\"d1e7bd0\" data-element_type=\"widget\" data-widget_type=\"heading.default\">\n\t\t\t\t\t<h1 class=\"elementor-heading-title elementor-size-default\">Carillas de porcelana<\/h1>\t\t\t\t<\/div>\n\t\t\t\t<div class=\"elementor-element elementor-element-67d9b77 elementor-widget elementor-widget-text-editor\" data-id=\"67d9b77\" data-element_type=\"widget\" data-widget_type=\"text-editor.default\">\n\t\t\t\t\t\t\t\t\t<p>\u00bfTienes los dientes astillados, manchados, da\u00f1ados o con una forma irregular que quieres cambiar? Entonces puede que te interesen las carillas de porcelana. <\/p>\t\t\t\t\t\t\t\t<\/div>\n\t\t\t\t\t<\/div>\n\t\t<\/div>\n\t\t\t\t<div class=\"elementor-column elementor-col-50 elementor-top-column elementor-element elementor-element-5493a39\" data-id=\"5493a39\" data-element_type=\"column\" id=\"contact\">\n\t\t\t<div class=\"elementor-widget-wrap elementor-element-populated\">\n\t\t\t\t\t\t<div class=\"elementor-element elementor-element-a9bc1dd elementor-widget elementor-widget-heading\" data-id=\"a9bc1dd\" data-element_type=\"widget\" data-widget_type=\"heading.default\">\n\t\t\t\t\t<h4 class=\"elementor-heading-title elementor-size-default\">\u00a1Pide hoy mismo un presupuesto gratuito!<\/h4>\t\t\t\t<\/div>\n\t\t\t\t<div class=\"elementor-element elementor-element-89b80f6 elementor-button-align-stretch elementor-widget elementor-widget-global elementor-global-519 elementor-widget-form\" data-id=\"89b80f6\" data-element_type=\"widget\" data-settings=\"{&quot;step_next_label&quot;:&quot;Next&quot;,&quot;step_previous_label&quot;:&quot;Previous&quot;,&quot;button_width&quot;:&quot;100&quot;,&quot;step_type&quot;:&quot;number_text&quot;,&quot;step_icon_shape&quot;:&quot;circle&quot;}\" data-widget_type=\"form.default\">\n\t\t\t\t\t\t\t<form class=\"elementor-form\" method=\"post\" name=\"Service form\" aria-label=\"Service form\">\n\t\t\t<input type=\"hidden\" name=\"post_id\" value=\"1625\"\/>\n\t\t\t<input type=\"hidden\" name=\"form_id\" value=\"89b80f6\"\/>\n\t\t\t<input type=\"hidden\" name=\"referer_title\" value=\"\" \/>\n\n\t\t\t\n\t\t\t<div class=\"elementor-form-fields-wrapper elementor-labels-\">\n\t\t\t\t\t\t\t\t<div class=\"elementor-field-type-text elementor-field-group elementor-column elementor-field-group-name elementor-col-100\">\n\t\t\t\t\t\t\t\t\t\t\t\t<label for=\"form-field-name\" class=\"elementor-field-label elementor-screen-only\">\n\t\t\t\t\t\t\t\tName\t\t\t\t\t\t\t<\/label>\n\t\t\t\t\t\t\t\t\t\t\t\t\t\t<input size=\"1\" type=\"text\" name=\"form_fields[name]\" id=\"form-field-name\" class=\"elementor-field elementor-size-sm  elementor-field-textual\" placeholder=\"Name\">\n\t\t\t\t\t\t\t\t\t\t\t<\/div>\n\t\t\t\t\t\t\t\t<div class=\"elementor-field-type-email elementor-field-group elementor-column elementor-field-group-email elementor-col-100 elementor-field-required\">\n\t\t\t\t\t\t\t\t\t\t\t\t<label for=\"form-field-email\" class=\"elementor-field-label elementor-screen-only\">\n\t\t\t\t\t\t\t\tEmail\t\t\t\t\t\t\t<\/label>\n\t\t\t\t\t\t\t\t\t\t\t\t\t\t<input size=\"1\" type=\"email\" name=\"form_fields[email]\" id=\"form-field-email\" class=\"elementor-field elementor-size-sm  elementor-field-textual\" placeholder=\"Email\" required=\"required\">\n\t\t\t\t\t\t\t\t\t\t\t<\/div>\n\t\t\t\t\t\t\t\t<div class=\"elementor-field-type-tel elementor-field-group elementor-column elementor-field-group-field_84aebd3 elementor-col-100\">\n\t\t\t\t\t\t\t\t\t\t\t\t<label for=\"form-field-field_84aebd3\" class=\"elementor-field-label elementor-screen-only\">\n\t\t\t\t\t\t\t\tPhone number\t\t\t\t\t\t\t<\/label>\n\t\t\t\t\t\t\t\t<input size=\"1\" type=\"tel\" name=\"form_fields[field_84aebd3]\" id=\"form-field-field_84aebd3\" class=\"elementor-field elementor-size-sm  elementor-field-textual\" placeholder=\"Phone number\" pattern=\"[0-9()#&amp;+*-=.]+\" title=\"Solo se aceptan n\u00fameros y caracteres de tel\u00e9fono (#,-,*,etc).\">\n\n\t\t\t\t\t\t<\/div>\n\t\t\t\t\t\t\t\t<div class=\"elementor-field-type-select elementor-field-group elementor-column elementor-field-group-field_84d68d6 elementor-col-100 elementor-field-required\">\n\t\t\t\t\t\t\t\t\t\t\t\t<label for=\"form-field-field_84d68d6\" class=\"elementor-field-label elementor-screen-only\">\n\t\t\t\t\t\t\t\tProcedure\t\t\t\t\t\t\t<\/label>\n\t\t\t\t\t\t\t\t<div class=\"elementor-field elementor-select-wrapper remove-before \">\n\t\t\t<div class=\"select-caret-down-wrapper\">\n\t\t\t\t<svg aria-hidden=\"true\" class=\"e-font-icon-svg e-eicon-caret-down\" viewBox=\"0 0 571.4 571.4\" xmlns=\"http:\/\/www.w3.org\/2000\/svg\"><path d=\"M571 393Q571 407 561 418L311 668Q300 679 286 679T261 668L11 418Q0 407 0 393T11 368 36 357H536Q550 357 561 368T571 393Z\"><\/path><\/svg>\t\t\t<\/div>\n\t\t\t<select name=\"form_fields[field_84d68d6]\" id=\"form-field-field_84d68d6\" class=\"elementor-field-textual elementor-size-sm\" required=\"required\">\n\t\t\t\t\t\t\t\t\t<option value=\"Procedure of interest:\">Procedure of interest:<\/option>\n\t\t\t\t\t\t\t\t\t<option value=\"Dental Implants\">Dental Implants<\/option>\n\t\t\t\t\t\t\t\t\t<option value=\"Full mouth restoration\">Full mouth restoration<\/option>\n\t\t\t\t\t\t\t\t\t<option value=\"Crowns &amp; bridges\">Crowns &amp; bridges<\/option>\n\t\t\t\t\t\t\t\t\t<option value=\"Root canal\">Root canal<\/option>\n\t\t\t\t\t\t\t\t\t<option value=\"Other\">Other<\/option>\n\t\t\t\t\t\t\t<\/select>\n\t\t<\/div>\n\t\t\t\t\t\t<\/div>\n\t\t\t\t\t\t\t\t<div class=\"elementor-field-type-textarea elementor-field-group elementor-column elementor-field-group-message elementor-col-100\">\n\t\t\t\t\t\t\t\t\t\t\t\t<label for=\"form-field-message\" class=\"elementor-field-label elementor-screen-only\">\n\t\t\t\t\t\t\t\tMessage\t\t\t\t\t\t\t<\/label>\n\t\t\t\t\t\t<textarea class=\"elementor-field-textual elementor-field  elementor-size-sm\" name=\"form_fields[message]\" id=\"form-field-message\" rows=\"4\" placeholder=\"Message\"><\/textarea>\t\t\t\t<\/div>\n\t\t\t\t\t\t\t\t<div class=\"elementor-field-type-recaptcha_v3 elementor-field-group elementor-column elementor-field-group-field_d9f014c elementor-col-100 recaptcha_v3-bottomright\">\n\t\t\t\t\t<div class=\"elementor-field\" id=\"form-field-field_d9f014c\"><div class=\"elementor-g-recaptcha\" data-sitekey=\"6LfAMBYqAAAAADb8-iBpgVOk4d1vxA50p0gsTfXm\" data-type=\"v3\" data-action=\"Form\" data-badge=\"bottomright\" data-size=\"invisible\"><\/div><\/div>\t\t\t\t<\/div>\n\t\t\t\t\t\t\t\t<div class=\"elementor-field-group elementor-column elementor-field-type-submit elementor-col-100 e-form__buttons\">\n\t\t\t\t\t<button class=\"elementor-button elementor-size-sm\" type=\"submit\">\n\t\t\t\t\t\t<span class=\"elementor-button-content-wrapper\">\n\t\t\t\t\t\t\t\t\t\t\t\t\t\t\t\t\t\t\t\t\t\t<span class=\"elementor-button-text\">Send<\/span>\n\t\t\t\t\t\t\t\t\t\t\t\t\t<\/span>\n\t\t\t\t\t<\/button>\n\t\t\t\t<\/div>\n\t\t\t<\/div>\n\t\t<\/form>\n\t\t\t\t\t\t<\/div>\n\t\t\t\t\t<\/div>\n\t\t<\/div>\n\t\t\t\t\t<\/div>\n\t\t<\/section>\n\t\t\t\t<section class=\"elementor-section elementor-top-section elementor-element elementor-element-c9815df elementor-section-boxed elementor-section-height-default elementor-section-height-default\" data-id=\"c9815df\" data-element_type=\"section\">\n\t\t\t\t\t\t<div class=\"elementor-container elementor-column-gap-default\">\n\t\t\t\t\t<div class=\"elementor-column elementor-col-50 elementor-top-column elementor-element elementor-element-d7638a7\" data-id=\"d7638a7\" data-element_type=\"column\">\n\t\t\t<div class=\"elementor-widget-wrap elementor-element-populated\">\n\t\t\t\t\t\t<div class=\"elementor-element elementor-element-8d67b40 elementor-widget elementor-widget-image\" data-id=\"8d67b40\" data-element_type=\"widget\" data-widget_type=\"image.default\">\n\t\t\t\t\t\t\t\t\t\t\t\t\t\t\t<img fetchpriority=\"high\" decoding=\"async\" width=\"700\" height=\"420\" src=\"https:\/\/tijuanadental.net\/wp-content\/uploads\/2021\/07\/Porcelain-Veneers-Mexico.jpg\" class=\"attachment-large size-large wp-image-1626\" alt=\"Carillas de Porcelana - M\u00e9xico Dental\" srcset=\"https:\/\/tijuanadental.net\/wp-content\/uploads\/2021\/07\/Porcelain-Veneers-Mexico.jpg 700w, https:\/\/tijuanadental.net\/wp-content\/uploads\/2021\/07\/Porcelain-Veneers-Mexico-300x180.jpg 300w\" sizes=\"(max-width: 700px) 100vw, 700px\" \/>\t\t\t\t\t\t\t\t\t\t\t\t\t\t\t<\/div>\n\t\t\t\t\t<\/div>\n\t\t<\/div>\n\t\t\t\t<div class=\"elementor-column elementor-col-50 elementor-top-column elementor-element elementor-element-584aa08\" data-id=\"584aa08\" data-element_type=\"column\">\n\t\t\t<div class=\"elementor-widget-wrap elementor-element-populated\">\n\t\t\t\t\t\t<div class=\"elementor-element elementor-element-400c484 elementor-widget elementor-widget-heading\" data-id=\"400c484\" data-element_type=\"widget\" data-widget_type=\"heading.default\">\n\t\t\t\t\t<h2 class=\"elementor-heading-title elementor-size-default\">Las carillas de porcelana solucionan los siguientes problemas:<\/h2>\t\t\t\t<\/div>\n\t\t\t\t<div class=\"elementor-element elementor-element-5446c91 elementor-widget elementor-widget-text-editor\" data-id=\"5446c91\" data-element_type=\"widget\" data-widget_type=\"text-editor.default\">\n\t\t\t\t\t\t\t\t\t<ul><li><p>Decoloraci\u00f3n o manchas.<\/p><\/li><li><p>Huecos entre los dientes.<\/p><\/li><li><p>Patatas fritas.<\/p><\/li><li><p>Bordes \u00e1speros en los dientes frontales.<\/p><\/li><li><p>Dientes de forma o tama\u00f1o irregular.<\/p><\/li><li><p>Dientes torcidos o desgastados.<\/p><\/li><\/ul>\t\t\t\t\t\t\t\t<\/div>\n\t\t\t\t<div class=\"elementor-element elementor-element-c6f39fb elementor-mobile-align-center elementor-widget elementor-widget-button\" data-id=\"c6f39fb\" data-element_type=\"widget\" data-widget_type=\"button.default\">\n\t\t\t\t\t\t\t\t\t\t<a class=\"elementor-button elementor-button-link elementor-size-sm\" href=\"#contact\">\n\t\t\t\t\t\t<span class=\"elementor-button-content-wrapper\">\n\t\t\t\t\t\t\t\t\t<span class=\"elementor-button-text\">Pide un presupuesto gratuito<\/span>\n\t\t\t\t\t<\/span>\n\t\t\t\t\t<\/a>\n\t\t\t\t\t\t\t\t<\/div>\n\t\t\t\t\t<\/div>\n\t\t<\/div>\n\t\t\t\t\t<\/div>\n\t\t<\/section>\n\t\t\t\t<section class=\"elementor-section elementor-top-section elementor-element elementor-element-5d5b1b3 elementor-section-boxed elementor-section-height-default elementor-section-height-default\" data-id=\"5d5b1b3\" data-element_type=\"section\">\n\t\t\t\t\t\t<div class=\"elementor-container elementor-column-gap-default\">\n\t\t\t\t\t<div class=\"elementor-column elementor-col-50 elementor-top-column elementor-element elementor-element-093de5b\" data-id=\"093de5b\" data-element_type=\"column\">\n\t\t\t<div class=\"elementor-widget-wrap elementor-element-populated\">\n\t\t\t\t\t\t<div class=\"elementor-element elementor-element-50da871 elementor-widget elementor-widget-heading\" data-id=\"50da871\" data-element_type=\"widget\" data-widget_type=\"heading.default\">\n\t\t\t\t\t<h2 class=\"elementor-heading-title elementor-size-default\">\u00bfQu\u00e9 son las carillas de porcelana?<\/h2>\t\t\t\t<\/div>\n\t\t\t\t<div class=\"elementor-element elementor-element-22b3535 elementor-widget elementor-widget-text-editor\" data-id=\"22b3535\" data-element_type=\"widget\" data-widget_type=\"text-editor.default\">\n\t\t\t\t\t\t\t\t\t<p>Una carilla es una porcelana de fabricaci\u00f3n \u00fanica que se coloca sobre tu diente original para mejorar tu sonrisa.<\/p><p>Empezamos este procedimiento retirando 0,3-0,5 mil\u00edmetros de la parte frontal de tu diente natural para preparar la superficie para la colocaci\u00f3n de carillas duraderas y bonitas. Esto es aproximadamente el grosor de una u\u00f1a. Dejar\u00e1 espacio para colocar encima la porcelana de gran durabilidad, siguiendo las impresiones de la forma y estructura de tu diente. Los resultados que ofrecen las carillas son incre\u00edbles. \u00a1Querr\u00e1s presumir de tu nueva y bonita sonrisa!      <\/p>\t\t\t\t\t\t\t\t<\/div>\n\t\t\t\t\t<\/div>\n\t\t<\/div>\n\t\t\t\t<div class=\"elementor-column elementor-col-50 elementor-top-column elementor-element elementor-element-fba38ef\" data-id=\"fba38ef\" data-element_type=\"column\">\n\t\t\t<div class=\"elementor-widget-wrap elementor-element-populated\">\n\t\t\t\t\t\t<div class=\"elementor-element elementor-element-684fab9 elementor-widget elementor-widget-image\" data-id=\"684fab9\" data-element_type=\"widget\" data-widget_type=\"image.default\">\n\t\t\t\t\t\t\t\t\t\t\t\t\t\t\t<img decoding=\"async\" width=\"700\" height=\"437\" src=\"https:\/\/tijuanadental.net\/wp-content\/uploads\/2021\/07\/Dental-Porcelain-Veneers-in-Mexico.jpg\" class=\"attachment-large size-large wp-image-1615\" alt=\"Carillas dentales de porcelana en M\u00e9xico\" srcset=\"https:\/\/tijuanadental.net\/wp-content\/uploads\/2021\/07\/Dental-Porcelain-Veneers-in-Mexico.jpg 700w, https:\/\/tijuanadental.net\/wp-content\/uploads\/2021\/07\/Dental-Porcelain-Veneers-in-Mexico-300x187.jpg 300w\" sizes=\"(max-width: 700px) 100vw, 700px\" \/>\t\t\t\t\t\t\t\t\t\t\t\t\t\t\t<\/div>\n\t\t\t\t\t<\/div>\n\t\t<\/div>\n\t\t\t\t\t<\/div>\n\t\t<\/section>\n\t\t\t\t<section class=\"elementor-section elementor-top-section elementor-element elementor-element-152a913 elementor-section-full_width elementor-section-height-default elementor-section-height-default\" data-id=\"152a913\" data-element_type=\"section\" data-settings=\"{&quot;background_background&quot;:&quot;classic&quot;}\">\n\t\t\t\t\t\t<div class=\"elementor-container elementor-column-gap-default\">\n\t\t\t\t\t<div class=\"elementor-column elementor-col-50 elementor-top-column elementor-element elementor-element-6e86337\" data-id=\"6e86337\" data-element_type=\"column\" data-settings=\"{&quot;background_background&quot;:&quot;classic&quot;}\">\n\t\t\t<div class=\"elementor-widget-wrap elementor-element-populated\">\n\t\t\t\t\t\t<div class=\"elementor-element elementor-element-6557ae3 elementor-widget elementor-widget-heading\" data-id=\"6557ae3\" data-element_type=\"widget\" data-widget_type=\"heading.default\">\n\t\t\t\t\t<h2 class=\"elementor-heading-title elementor-size-default\"><a href=\"#contact\">OBTENER UN PRESUPUESTO GRATUITO<\/a><\/h2>\t\t\t\t<\/div>\n\t\t\t\t\t<\/div>\n\t\t<\/div>\n\t\t\t\t<div class=\"elementor-column elementor-col-50 elementor-top-column elementor-element elementor-element-8f1bff0\" data-id=\"8f1bff0\" data-element_type=\"column\" data-settings=\"{&quot;background_background&quot;:&quot;classic&quot;}\">\n\t\t\t<div class=\"elementor-widget-wrap elementor-element-populated\">\n\t\t\t\t\t\t<div class=\"elementor-element elementor-element-36c001b elementor-widget elementor-widget-heading\" data-id=\"36c001b\" data-element_type=\"widget\" data-widget_type=\"heading.default\">\n\t\t\t\t\t<h2 class=\"elementor-heading-title elementor-size-default\"><a href=\"#contact\">\u00a1PIDE CITA HOY MISMO!<\/a><\/h2>\t\t\t\t<\/div>\n\t\t\t\t\t<\/div>\n\t\t<\/div>\n\t\t\t\t\t<\/div>\n\t\t<\/section>\n\t\t\t\t<\/div>\n\t\t","protected":false},"excerpt":{"rendered":"<p>Carillas de porcelana \u00bfTienes los dientes astillados, manchados, da\u00f1ados o con una forma irregular que quieres cambiar? Entonces puede que te interesen las carillas de porcelana. \u00a1Pide hoy mismo un presupuesto gratuito! Las carillas de porcelana solucionan los siguientes problemas: Decoloraci\u00f3n o manchas. Huecos entre los dientes. Patatas fritas. Bordes \u00e1speros en los dientes frontales. [&hellip;]<\/p>\n","protected":false},"author":1,"featured_media":0,"parent":0,"menu_order":0,"comment_status":"closed","ping_status":"closed","template":"","meta":{"footnotes":""},"class_list":["post-1625","page","type-page","status-publish","hentry"],"_links":{"self":[{"href":"https:\/\/tijuanadental.net\/es\/wp-json\/wp\/v2\/pages\/1625","targetHints":{"allow":["GET"]}}],"collection":[{"href":"https:\/\/tijuanadental.net\/es\/wp-json\/wp\/v2\/pages"}],"about":[{"href":"https:\/\/tijuanadental.net\/es\/wp-json\/wp\/v2\/types\/page"}],"author":[{"embeddable":true,"href":"https:\/\/tijuanadental.net\/es\/wp-json\/wp\/v2\/users\/1"}],"replies":[{"embeddable":true,"href":"https:\/\/tijuanadental.net\/es\/wp-json\/wp\/v2\/comments?post=1625"}],"version-history":[{"count":4,"href":"https:\/\/tijuanadental.net\/es\/wp-json\/wp\/v2\/pages\/1625\/revisions"}],"predecessor-version":[{"id":1646,"href":"https:\/\/tijuanadental.net\/es\/wp-json\/wp\/v2\/pages\/1625\/revisions\/1646"}],"wp:attachment":[{"href":"https:\/\/tijuanadental.net\/es\/wp-json\/wp\/v2\/media?parent=1625"}],"curies":[{"name":"wp","href":"https:\/\/api.w.org\/{rel}","templated":true}]}}