{"id":1647,"date":"2021-07-23T06:44:03","date_gmt":"2021-07-23T06:44:03","guid":{"rendered":"https:\/\/tijuanadental.net\/dentaduras-parciales-y-completas\/"},"modified":"2025-11-20T00:56:06","modified_gmt":"2025-11-20T00:56:06","slug":"dentaduras-parciales-y-completas","status":"publish","type":"page","link":"https:\/\/tijuanadental.net\/es\/dentaduras-parciales-y-completas\/","title":{"rendered":"Dentaduras parciales y completas"},"content":{"rendered":"\t\t<div data-elementor-type=\"wp-page\" data-elementor-id=\"1647\" class=\"elementor elementor-1647 elementor-707\" data-elementor-post-type=\"page\">\n\t\t\t\t\t\t<section class=\"elementor-section elementor-top-section elementor-element elementor-element-52dfd2f elementor-section-boxed elementor-section-height-default elementor-section-height-default\" data-id=\"52dfd2f\" data-element_type=\"section\" data-settings=\"{&quot;background_background&quot;:&quot;classic&quot;}\">\n\t\t\t\t\t\t\t<div class=\"elementor-background-overlay\"><\/div>\n\t\t\t\t\t\t\t<div class=\"elementor-container elementor-column-gap-default\">\n\t\t\t\t\t<div class=\"elementor-column elementor-col-50 elementor-top-column elementor-element elementor-element-e5af5a3\" data-id=\"e5af5a3\" data-element_type=\"column\">\n\t\t\t<div class=\"elementor-widget-wrap elementor-element-populated\">\n\t\t\t\t\t\t<div class=\"elementor-element elementor-element-d1e7bd0 elementor-widget elementor-widget-heading\" data-id=\"d1e7bd0\" data-element_type=\"widget\" data-widget_type=\"heading.default\">\n\t\t\t\t\t<h1 class=\"elementor-heading-title elementor-size-default\">Dentaduras parciales y completas<\/h1>\t\t\t\t<\/div>\n\t\t\t\t<div class=\"elementor-element elementor-element-67d9b77 elementor-widget elementor-widget-text-editor\" data-id=\"67d9b77\" data-element_type=\"widget\" data-widget_type=\"text-editor.default\">\n\t\t\t\t\t\t\t\t\t<p>Las dentaduras postizas son una soluci\u00f3n muy utilizada para la falta parcial o total de dientes. Consisten en un dispositivo extra\u00edble que sustituye los dientes que te faltan y el tejido que necesitas. <\/p><p>Las pr\u00f3tesis pueden ser convencionales o inmediatas, seg\u00fan tus necesidades.<\/p>\t\t\t\t\t\t\t\t<\/div>\n\t\t\t\t\t<\/div>\n\t\t<\/div>\n\t\t\t\t<div class=\"elementor-column elementor-col-50 elementor-top-column elementor-element elementor-element-5493a39\" data-id=\"5493a39\" data-element_type=\"column\" id=\"contact\">\n\t\t\t<div class=\"elementor-widget-wrap elementor-element-populated\">\n\t\t\t\t\t\t<div class=\"elementor-element elementor-element-a9bc1dd elementor-widget elementor-widget-heading\" data-id=\"a9bc1dd\" data-element_type=\"widget\" data-widget_type=\"heading.default\">\n\t\t\t\t\t<h4 class=\"elementor-heading-title elementor-size-default\">\u00a1Pide hoy mismo un presupuesto gratuito!<\/h4>\t\t\t\t<\/div>\n\t\t\t\t<div class=\"elementor-element elementor-element-89b80f6 elementor-button-align-stretch elementor-widget elementor-widget-global elementor-global-519 elementor-widget-form\" data-id=\"89b80f6\" data-element_type=\"widget\" data-settings=\"{&quot;step_next_label&quot;:&quot;Next&quot;,&quot;step_previous_label&quot;:&quot;Previous&quot;,&quot;button_width&quot;:&quot;100&quot;,&quot;step_type&quot;:&quot;number_text&quot;,&quot;step_icon_shape&quot;:&quot;circle&quot;}\" data-widget_type=\"form.default\">\n\t\t\t\t\t\t\t<form class=\"elementor-form\" method=\"post\" name=\"Service form\" aria-label=\"Service form\">\n\t\t\t<input type=\"hidden\" name=\"post_id\" value=\"1647\"\/>\n\t\t\t<input type=\"hidden\" name=\"form_id\" value=\"89b80f6\"\/>\n\t\t\t<input type=\"hidden\" name=\"referer_title\" value=\"\" \/>\n\n\t\t\t\n\t\t\t<div class=\"elementor-form-fields-wrapper elementor-labels-\">\n\t\t\t\t\t\t\t\t<div class=\"elementor-field-type-text elementor-field-group elementor-column elementor-field-group-name elementor-col-100\">\n\t\t\t\t\t\t\t\t\t\t\t\t<label for=\"form-field-name\" class=\"elementor-field-label elementor-screen-only\">\n\t\t\t\t\t\t\t\tName\t\t\t\t\t\t\t<\/label>\n\t\t\t\t\t\t\t\t\t\t\t\t\t\t<input size=\"1\" type=\"text\" name=\"form_fields[name]\" id=\"form-field-name\" class=\"elementor-field elementor-size-sm  elementor-field-textual\" placeholder=\"Name\">\n\t\t\t\t\t\t\t\t\t\t\t<\/div>\n\t\t\t\t\t\t\t\t<div class=\"elementor-field-type-email elementor-field-group elementor-column elementor-field-group-email elementor-col-100 elementor-field-required\">\n\t\t\t\t\t\t\t\t\t\t\t\t<label for=\"form-field-email\" class=\"elementor-field-label elementor-screen-only\">\n\t\t\t\t\t\t\t\tEmail\t\t\t\t\t\t\t<\/label>\n\t\t\t\t\t\t\t\t\t\t\t\t\t\t<input size=\"1\" type=\"email\" name=\"form_fields[email]\" id=\"form-field-email\" class=\"elementor-field elementor-size-sm  elementor-field-textual\" placeholder=\"Email\" required=\"required\">\n\t\t\t\t\t\t\t\t\t\t\t<\/div>\n\t\t\t\t\t\t\t\t<div class=\"elementor-field-type-tel elementor-field-group elementor-column elementor-field-group-field_84aebd3 elementor-col-100\">\n\t\t\t\t\t\t\t\t\t\t\t\t<label for=\"form-field-field_84aebd3\" class=\"elementor-field-label elementor-screen-only\">\n\t\t\t\t\t\t\t\tPhone number\t\t\t\t\t\t\t<\/label>\n\t\t\t\t\t\t\t\t<input size=\"1\" type=\"tel\" name=\"form_fields[field_84aebd3]\" id=\"form-field-field_84aebd3\" class=\"elementor-field elementor-size-sm  elementor-field-textual\" placeholder=\"Phone number\" pattern=\"[0-9()#&amp;+*-=.]+\" title=\"Solo se aceptan n\u00fameros y caracteres de tel\u00e9fono (#,-,*,etc).\">\n\n\t\t\t\t\t\t<\/div>\n\t\t\t\t\t\t\t\t<div class=\"elementor-field-type-select elementor-field-group elementor-column elementor-field-group-field_84d68d6 elementor-col-100 elementor-field-required\">\n\t\t\t\t\t\t\t\t\t\t\t\t<label for=\"form-field-field_84d68d6\" class=\"elementor-field-label elementor-screen-only\">\n\t\t\t\t\t\t\t\tProcedure\t\t\t\t\t\t\t<\/label>\n\t\t\t\t\t\t\t\t<div class=\"elementor-field elementor-select-wrapper remove-before \">\n\t\t\t<div class=\"select-caret-down-wrapper\">\n\t\t\t\t<svg aria-hidden=\"true\" class=\"e-font-icon-svg e-eicon-caret-down\" viewBox=\"0 0 571.4 571.4\" xmlns=\"http:\/\/www.w3.org\/2000\/svg\"><path d=\"M571 393Q571 407 561 418L311 668Q300 679 286 679T261 668L11 418Q0 407 0 393T11 368 36 357H536Q550 357 561 368T571 393Z\"><\/path><\/svg>\t\t\t<\/div>\n\t\t\t<select name=\"form_fields[field_84d68d6]\" id=\"form-field-field_84d68d6\" class=\"elementor-field-textual elementor-size-sm\" required=\"required\">\n\t\t\t\t\t\t\t\t\t<option value=\"Procedure of interest:\">Procedure of interest:<\/option>\n\t\t\t\t\t\t\t\t\t<option value=\"Dental Implants\">Dental Implants<\/option>\n\t\t\t\t\t\t\t\t\t<option value=\"Full mouth restoration\">Full mouth restoration<\/option>\n\t\t\t\t\t\t\t\t\t<option value=\"Crowns &amp; bridges\">Crowns &amp; bridges<\/option>\n\t\t\t\t\t\t\t\t\t<option value=\"Root canal\">Root canal<\/option>\n\t\t\t\t\t\t\t\t\t<option value=\"Other\">Other<\/option>\n\t\t\t\t\t\t\t<\/select>\n\t\t<\/div>\n\t\t\t\t\t\t<\/div>\n\t\t\t\t\t\t\t\t<div class=\"elementor-field-type-textarea elementor-field-group elementor-column elementor-field-group-message elementor-col-100\">\n\t\t\t\t\t\t\t\t\t\t\t\t<label for=\"form-field-message\" class=\"elementor-field-label elementor-screen-only\">\n\t\t\t\t\t\t\t\tMessage\t\t\t\t\t\t\t<\/label>\n\t\t\t\t\t\t<textarea class=\"elementor-field-textual elementor-field  elementor-size-sm\" name=\"form_fields[message]\" id=\"form-field-message\" rows=\"4\" placeholder=\"Message\"><\/textarea>\t\t\t\t<\/div>\n\t\t\t\t\t\t\t\t<div class=\"elementor-field-type-recaptcha_v3 elementor-field-group elementor-column elementor-field-group-field_d9f014c elementor-col-100 recaptcha_v3-bottomright\">\n\t\t\t\t\t<div class=\"elementor-field\" id=\"form-field-field_d9f014c\"><div class=\"elementor-g-recaptcha\" data-sitekey=\"6LfAMBYqAAAAADb8-iBpgVOk4d1vxA50p0gsTfXm\" data-type=\"v3\" data-action=\"Form\" data-badge=\"bottomright\" data-size=\"invisible\"><\/div><\/div>\t\t\t\t<\/div>\n\t\t\t\t\t\t\t\t<div class=\"elementor-field-group elementor-column elementor-field-type-submit elementor-col-100 e-form__buttons\">\n\t\t\t\t\t<button class=\"elementor-button elementor-size-sm\" type=\"submit\">\n\t\t\t\t\t\t<span class=\"elementor-button-content-wrapper\">\n\t\t\t\t\t\t\t\t\t\t\t\t\t\t\t\t\t\t\t\t\t\t<span class=\"elementor-button-text\">Send<\/span>\n\t\t\t\t\t\t\t\t\t\t\t\t\t<\/span>\n\t\t\t\t\t<\/button>\n\t\t\t\t<\/div>\n\t\t\t<\/div>\n\t\t<\/form>\n\t\t\t\t\t\t<\/div>\n\t\t\t\t\t<\/div>\n\t\t<\/div>\n\t\t\t\t\t<\/div>\n\t\t<\/section>\n\t\t\t\t<section class=\"elementor-section elementor-top-section elementor-element elementor-element-c9815df elementor-section-boxed elementor-section-height-default elementor-section-height-default\" data-id=\"c9815df\" data-element_type=\"section\">\n\t\t\t\t\t\t<div class=\"elementor-container elementor-column-gap-default\">\n\t\t\t\t\t<div class=\"elementor-column elementor-col-50 elementor-top-column elementor-element elementor-element-d7638a7\" data-id=\"d7638a7\" data-element_type=\"column\">\n\t\t\t<div class=\"elementor-widget-wrap elementor-element-populated\">\n\t\t\t\t\t\t<div class=\"elementor-element elementor-element-8d67b40 elementor-widget elementor-widget-image\" data-id=\"8d67b40\" data-element_type=\"widget\" data-widget_type=\"image.default\">\n\t\t\t\t\t\t\t\t\t\t\t\t\t\t\t<img fetchpriority=\"high\" decoding=\"async\" width=\"700\" height=\"336\" src=\"https:\/\/tijuanadental.net\/wp-content\/uploads\/2021\/07\/Partial-Dentures-Mexico-Dental.jpg\" class=\"attachment-large size-large wp-image-1649\" alt=\"Dentaduras parciales M\u00e9xico Dental\" srcset=\"https:\/\/tijuanadental.net\/wp-content\/uploads\/2021\/07\/Partial-Dentures-Mexico-Dental.jpg 700w, https:\/\/tijuanadental.net\/wp-content\/uploads\/2021\/07\/Partial-Dentures-Mexico-Dental-300x144.jpg 300w\" sizes=\"(max-width: 700px) 100vw, 700px\" \/>\t\t\t\t\t\t\t\t\t\t\t\t\t\t\t<\/div>\n\t\t\t\t\t<\/div>\n\t\t<\/div>\n\t\t\t\t<div class=\"elementor-column elementor-col-50 elementor-top-column elementor-element elementor-element-584aa08\" data-id=\"584aa08\" data-element_type=\"column\">\n\t\t\t<div class=\"elementor-widget-wrap elementor-element-populated\">\n\t\t\t\t\t\t<div class=\"elementor-element elementor-element-5446c91 elementor-widget elementor-widget-text-editor\" data-id=\"5446c91\" data-element_type=\"widget\" data-widget_type=\"text-editor.default\">\n\t\t\t\t\t\t\t\t\t<p>Las pr\u00f3tesis convencionales se utilizan cuando se han extra\u00eddo los dientes cariados o da\u00f1ados y el tejido gingival ha empezado a cicatrizar. Aproximadamente entre 8 y 12 semanas despu\u00e9s de la extracci\u00f3n de los dientes da\u00f1ados o cariados, se pueden colocar las pr\u00f3tesis convencionales. <\/p><p><span style=\"color: var( --e-global-color-text ); font-family: var( --e-global-typography-text-font-family ), Sans-serif; font-weight: var( --e-global-typography-text-font-weight ); font-size: 1rem;\">Las pr\u00f3tesis inmediatas se colocan inmediatamente despu\u00e9s de extraer cualquier diente cariado o da\u00f1ado. Esto te permite la est\u00e9tica de tener dientes mientras cicatrizan las enc\u00edas y el tejido. Sin embargo, las dentaduras inmediatas requerir\u00e1n un seguimiento y un posible ajuste, ya que el hueso y las enc\u00edas que cicatrizan se encogen con el tiempo y pueden hacer que las dentaduras inmediatas se ajusten de forma diferente despu\u00e9s de haber cicatrizado adecuadamente. Esta opci\u00f3n se utiliza cuando el cliente no quiere estar sin dientes durante el periodo de cicatrizaci\u00f3n, hasta que puedan ajustarse las pr\u00f3tesis convencionales tras el proceso de cicatrizaci\u00f3n.   <\/span><\/p>\t\t\t\t\t\t\t\t<\/div>\n\t\t\t\t<div class=\"elementor-element elementor-element-c6f39fb elementor-mobile-align-center elementor-widget elementor-widget-button\" data-id=\"c6f39fb\" data-element_type=\"widget\" data-widget_type=\"button.default\">\n\t\t\t\t\t\t\t\t\t\t<a class=\"elementor-button elementor-button-link elementor-size-sm\" href=\"#contact\">\n\t\t\t\t\t\t<span class=\"elementor-button-content-wrapper\">\n\t\t\t\t\t\t\t\t\t<span class=\"elementor-button-text\">Pide un presupuesto gratuito<\/span>\n\t\t\t\t\t<\/span>\n\t\t\t\t\t<\/a>\n\t\t\t\t\t\t\t\t<\/div>\n\t\t\t\t\t<\/div>\n\t\t<\/div>\n\t\t\t\t\t<\/div>\n\t\t<\/section>\n\t\t\t\t<section class=\"elementor-section elementor-top-section elementor-element elementor-element-5d5b1b3 elementor-section-boxed elementor-section-height-default elementor-section-height-default\" data-id=\"5d5b1b3\" data-element_type=\"section\">\n\t\t\t\t\t\t<div class=\"elementor-container elementor-column-gap-default\">\n\t\t\t\t\t<div class=\"elementor-column elementor-col-50 elementor-top-column elementor-element elementor-element-093de5b\" data-id=\"093de5b\" data-element_type=\"column\">\n\t\t\t<div class=\"elementor-widget-wrap elementor-element-populated\">\n\t\t\t\t\t\t<div class=\"elementor-element elementor-element-22b3535 elementor-widget elementor-widget-text-editor\" data-id=\"22b3535\" data-element_type=\"widget\" data-widget_type=\"text-editor.default\">\n\t\t\t\t\t\t\t\t\t<p><span style=\"color: var( --e-global-color-text ); font-family: var( --e-global-typography-text-font-family ), Sans-serif; font-weight: var( --e-global-typography-text-font-weight ); font-size: 1rem;\">Si todav\u00eda tienes uno o m\u00e1s dientes naturales en el maxilar superior o inferior, las pr\u00f3tesis parciales pueden ser una opci\u00f3n para ti. Una dentadura parcial contiene dientes de sustituci\u00f3n unidos a una base de pl\u00e1stico que imita tus enc\u00edas naturales. Los dientes est\u00e1n unidos a una estructura met\u00e1lica y pueden insertarse para rellenar el hueco. El dispositivo no s\u00f3lo funciona con fines est\u00e9ticos, sino que tambi\u00e9n ayuda a evitar que otros dientes se desplacen. Una dentadura parcial tiene un aspecto m\u00e1s natural. Aunque es extra\u00edble, las fijaciones de la dentadura son internas, y dan un aspecto m\u00e1s cohesionado con el resto de tu sonrisa.     <\/span><\/p><p>Aunque las dentaduras postizas son un arreglo relativamente econ\u00f3mico para los dientes perdidos que pueden ser necesarios, los implantes dentales ofrecen una alternativa de mucha mayor calidad, c\u00f3moda y para toda la vida. Como los implantes implican el uso de puentes dentales fijados permanentemente, nunca tendr\u00e1s la sensaci\u00f3n de que tus dientes se mueven en la boca. <\/p>\t\t\t\t\t\t\t\t<\/div>\n\t\t\t\t\t<\/div>\n\t\t<\/div>\n\t\t\t\t<div class=\"elementor-column elementor-col-50 elementor-top-column elementor-element elementor-element-fba38ef\" data-id=\"fba38ef\" data-element_type=\"column\">\n\t\t\t<div class=\"elementor-widget-wrap elementor-element-populated\">\n\t\t\t\t\t\t<div class=\"elementor-element elementor-element-6cb3668 elementor-widget elementor-widget-image\" data-id=\"6cb3668\" data-element_type=\"widget\" data-widget_type=\"image.default\">\n\t\t\t\t\t\t\t\t\t\t\t\t\t\t\t<img decoding=\"async\" width=\"700\" height=\"466\" src=\"https:\/\/tijuanadental.net\/wp-content\/uploads\/2021\/07\/Full-Denture-Mexico-Dental.jpg\" class=\"attachment-large size-large wp-image-1613\" alt=\"Dentadura completa M\u00e9xico Dental\" srcset=\"https:\/\/tijuanadental.net\/wp-content\/uploads\/2021\/07\/Full-Denture-Mexico-Dental.jpg 700w, https:\/\/tijuanadental.net\/wp-content\/uploads\/2021\/07\/Full-Denture-Mexico-Dental-300x200.jpg 300w\" sizes=\"(max-width: 700px) 100vw, 700px\" \/>\t\t\t\t\t\t\t\t\t\t\t\t\t\t\t<\/div>\n\t\t\t\t\t<\/div>\n\t\t<\/div>\n\t\t\t\t\t<\/div>\n\t\t<\/section>\n\t\t\t\t<section class=\"elementor-section elementor-top-section elementor-element elementor-element-2be2ade elementor-section-boxed elementor-section-height-default elementor-section-height-default\" data-id=\"2be2ade\" data-element_type=\"section\" data-settings=\"{&quot;background_background&quot;:&quot;slideshow&quot;,&quot;background_slideshow_gallery&quot;:[{&quot;id&quot;:1549,&quot;url&quot;:&quot;https:\\\/\\\/tijuanadental.net\\\/wp-content\\\/uploads\\\/2021\\\/06\\\/young-woman-getting-dental-treatment-dental-clinic-PXA9645.jpg&quot;}],&quot;background_slideshow_loop&quot;:&quot;yes&quot;,&quot;background_slideshow_slide_duration&quot;:5000,&quot;background_slideshow_slide_transition&quot;:&quot;fade&quot;,&quot;background_slideshow_transition_duration&quot;:500}\">\n\t\t\t\t\t\t\t<div class=\"elementor-background-overlay\"><\/div>\n\t\t\t\t\t\t\t<div class=\"elementor-container elementor-column-gap-default\">\n\t\t\t\t\t<div class=\"elementor-column elementor-col-100 elementor-top-column elementor-element elementor-element-d63e9b8\" data-id=\"d63e9b8\" data-element_type=\"column\">\n\t\t\t<div class=\"elementor-widget-wrap elementor-element-populated\">\n\t\t\t\t\t\t<div class=\"elementor-element elementor-element-a65b4bd elementor-widget elementor-widget-heading\" data-id=\"a65b4bd\" data-element_type=\"widget\" data-widget_type=\"heading.default\">\n\t\t\t\t\t<h2 class=\"elementor-heading-title elementor-size-default\">\u00bfqu\u00e9 opci\u00f3n es mejor?<\/h2>\t\t\t\t<\/div>\n\t\t\t\t<div class=\"elementor-element elementor-element-a6e4a18 elementor-widget elementor-widget-text-editor\" data-id=\"a6e4a18\" data-element_type=\"widget\" data-widget_type=\"text-editor.default\">\n\t\t\t\t\t\t\t\t\t<p>Independientemente de la opci\u00f3n que elijas, nuestros especialistas de Tijuana Dental te ofrecer\u00e1n la tecnolog\u00eda y el servicio de mayor calidad para que puedas tomar una decisi\u00f3n informada sobre tu sonrisa. Tanto si necesitas dentaduras postizas, puentes o implantes dentales, puedes estar seguro de que Tijuana Dental te ha ofrecido todas las opciones posibles para tus necesidades espec\u00edficas, \u00a1y de que tus dientes tendr\u00e1n un aspecto hermoso, natural y funcionar\u00e1n como t\u00fa necesitas! \u00a1Nuestra promesa es que te sentir\u00e1s m\u00e1s seguro de tu sonrisa cuando salgas de nuestra consulta!  <\/p>\t\t\t\t\t\t\t\t<\/div>\n\t\t\t\t\t<\/div>\n\t\t<\/div>\n\t\t\t\t\t<\/div>\n\t\t<\/section>\n\t\t\t\t<section class=\"elementor-section elementor-top-section elementor-element elementor-element-152a913 elementor-section-full_width elementor-section-height-default elementor-section-height-default\" data-id=\"152a913\" data-element_type=\"section\" data-settings=\"{&quot;background_background&quot;:&quot;classic&quot;}\">\n\t\t\t\t\t\t<div class=\"elementor-container elementor-column-gap-default\">\n\t\t\t\t\t<div class=\"elementor-column elementor-col-50 elementor-top-column elementor-element elementor-element-6e86337\" data-id=\"6e86337\" data-element_type=\"column\" data-settings=\"{&quot;background_background&quot;:&quot;classic&quot;}\">\n\t\t\t<div class=\"elementor-widget-wrap elementor-element-populated\">\n\t\t\t\t\t\t<div class=\"elementor-element elementor-element-6557ae3 elementor-widget elementor-widget-heading\" data-id=\"6557ae3\" data-element_type=\"widget\" data-widget_type=\"heading.default\">\n\t\t\t\t\t<h2 class=\"elementor-heading-title elementor-size-default\"><a href=\"#contact\">OBTENER UN PRESUPUESTO GRATUITO<\/a><\/h2>\t\t\t\t<\/div>\n\t\t\t\t\t<\/div>\n\t\t<\/div>\n\t\t\t\t<div class=\"elementor-column elementor-col-50 elementor-top-column elementor-element elementor-element-8f1bff0\" data-id=\"8f1bff0\" data-element_type=\"column\" data-settings=\"{&quot;background_background&quot;:&quot;classic&quot;}\">\n\t\t\t<div class=\"elementor-widget-wrap elementor-element-populated\">\n\t\t\t\t\t\t<div class=\"elementor-element elementor-element-36c001b elementor-widget elementor-widget-heading\" data-id=\"36c001b\" data-element_type=\"widget\" data-widget_type=\"heading.default\">\n\t\t\t\t\t<h2 class=\"elementor-heading-title elementor-size-default\"><a href=\"#contact\">\u00a1PIDE CITA HOY MISMO!<\/a><\/h2>\t\t\t\t<\/div>\n\t\t\t\t\t<\/div>\n\t\t<\/div>\n\t\t\t\t\t<\/div>\n\t\t<\/section>\n\t\t\t\t<\/div>\n\t\t","protected":false},"excerpt":{"rendered":"<p>Dentaduras parciales y completas Las dentaduras postizas son una soluci\u00f3n muy utilizada para la falta parcial o total de dientes. Consisten en un dispositivo extra\u00edble que sustituye los dientes que te faltan y el tejido que necesitas. Las pr\u00f3tesis pueden ser convencionales o inmediatas, seg\u00fan tus necesidades. \u00a1Pide hoy mismo un presupuesto gratuito! Las pr\u00f3tesis [&hellip;]<\/p>\n","protected":false},"author":1,"featured_media":0,"parent":0,"menu_order":0,"comment_status":"closed","ping_status":"closed","template":"","meta":{"footnotes":""},"class_list":["post-1647","page","type-page","status-publish","hentry"],"_links":{"self":[{"href":"https:\/\/tijuanadental.net\/es\/wp-json\/wp\/v2\/pages\/1647","targetHints":{"allow":["GET"]}}],"collection":[{"href":"https:\/\/tijuanadental.net\/es\/wp-json\/wp\/v2\/pages"}],"about":[{"href":"https:\/\/tijuanadental.net\/es\/wp-json\/wp\/v2\/types\/page"}],"author":[{"embeddable":true,"href":"https:\/\/tijuanadental.net\/es\/wp-json\/wp\/v2\/users\/1"}],"replies":[{"embeddable":true,"href":"https:\/\/tijuanadental.net\/es\/wp-json\/wp\/v2\/comments?post=1647"}],"version-history":[{"count":2,"href":"https:\/\/tijuanadental.net\/es\/wp-json\/wp\/v2\/pages\/1647\/revisions"}],"predecessor-version":[{"id":1655,"href":"https:\/\/tijuanadental.net\/es\/wp-json\/wp\/v2\/pages\/1647\/revisions\/1655"}],"wp:attachment":[{"href":"https:\/\/tijuanadental.net\/es\/wp-json\/wp\/v2\/media?parent=1647"}],"curies":[{"name":"wp","href":"https:\/\/api.w.org\/{rel}","templated":true}]}}