{"id":1648,"date":"2021-07-23T05:04:41","date_gmt":"2021-07-23T05:04:41","guid":{"rendered":"https:\/\/tijuanadental.net\/procedimientos-dentales-quirurgicos\/"},"modified":"2025-11-20T00:56:07","modified_gmt":"2025-11-20T00:56:07","slug":"procedimientos-dentales-quirurgicos","status":"publish","type":"page","link":"https:\/\/tijuanadental.net\/es\/procedimientos-dentales-quirurgicos\/","title":{"rendered":"Procedimientos dentales quir\u00fargicos"},"content":{"rendered":"\t\t<div data-elementor-type=\"wp-page\" data-elementor-id=\"1648\" class=\"elementor elementor-1648 elementor-669\" data-elementor-post-type=\"page\">\n\t\t\t\t\t\t<section class=\"elementor-section elementor-top-section elementor-element elementor-element-1a85ee8f elementor-section-boxed elementor-section-height-default elementor-section-height-default\" data-id=\"1a85ee8f\" data-element_type=\"section\" data-settings=\"{&quot;background_background&quot;:&quot;classic&quot;}\">\n\t\t\t\t\t\t\t<div class=\"elementor-background-overlay\"><\/div>\n\t\t\t\t\t\t\t<div class=\"elementor-container elementor-column-gap-default\">\n\t\t\t\t\t<div class=\"elementor-column elementor-col-50 elementor-top-column elementor-element elementor-element-46d251e0\" data-id=\"46d251e0\" data-element_type=\"column\">\n\t\t\t<div class=\"elementor-widget-wrap elementor-element-populated\">\n\t\t\t\t\t\t<div class=\"elementor-element elementor-element-35163c55 elementor-widget elementor-widget-heading\" data-id=\"35163c55\" data-element_type=\"widget\" data-widget_type=\"heading.default\">\n\t\t\t\t\t<h1 class=\"elementor-heading-title elementor-size-default\">Procedimientos dentales quir\u00fargicos<\/h1>\t\t\t\t<\/div>\n\t\t\t\t<div class=\"elementor-element elementor-element-6894670d elementor-widget elementor-widget-text-editor\" data-id=\"6894670d\" data-element_type=\"widget\" data-widget_type=\"text-editor.default\">\n\t\t\t\t\t\t\t\t\t<p>Nuestros expertos en odontolog\u00eda est\u00e1n altamente formados y cuentan con gran experiencia, lo que permite a Tijuana Dental ofrecer pr\u00e1cticamente todos los procedimientos dentales quir\u00fargicos. Ofrecemos cualquier intervenci\u00f3n, desde la extracci\u00f3n de la muela del juicio hasta la reconstrucci\u00f3n bucal completa, realizada por profesionales a un precio asequible. <\/p>\t\t\t\t\t\t\t\t<\/div>\n\t\t\t\t\t<\/div>\n\t\t<\/div>\n\t\t\t\t<div class=\"elementor-column elementor-col-50 elementor-top-column elementor-element elementor-element-20f22b9b\" data-id=\"20f22b9b\" data-element_type=\"column\" id=\"contact\">\n\t\t\t<div class=\"elementor-widget-wrap elementor-element-populated\">\n\t\t\t\t\t\t<div class=\"elementor-element elementor-element-6e4d7072 elementor-widget elementor-widget-heading\" data-id=\"6e4d7072\" data-element_type=\"widget\" data-widget_type=\"heading.default\">\n\t\t\t\t\t<h4 class=\"elementor-heading-title elementor-size-default\">\u00a1Pide hoy mismo un presupuesto gratuito!<\/h4>\t\t\t\t<\/div>\n\t\t\t\t<div class=\"elementor-element elementor-element-4606fc7 elementor-button-align-stretch elementor-widget elementor-widget-global elementor-global-519 elementor-widget-form\" data-id=\"4606fc7\" data-element_type=\"widget\" data-settings=\"{&quot;step_next_label&quot;:&quot;Next&quot;,&quot;step_previous_label&quot;:&quot;Previous&quot;,&quot;button_width&quot;:&quot;100&quot;,&quot;step_type&quot;:&quot;number_text&quot;,&quot;step_icon_shape&quot;:&quot;circle&quot;}\" data-widget_type=\"form.default\">\n\t\t\t\t\t\t\t<form class=\"elementor-form\" method=\"post\" name=\"Service form\" aria-label=\"Service form\">\n\t\t\t<input type=\"hidden\" name=\"post_id\" value=\"1648\"\/>\n\t\t\t<input type=\"hidden\" name=\"form_id\" value=\"4606fc7\"\/>\n\t\t\t<input type=\"hidden\" name=\"referer_title\" value=\"\" \/>\n\n\t\t\t\n\t\t\t<div class=\"elementor-form-fields-wrapper elementor-labels-\">\n\t\t\t\t\t\t\t\t<div class=\"elementor-field-type-text elementor-field-group elementor-column elementor-field-group-name elementor-col-100\">\n\t\t\t\t\t\t\t\t\t\t\t\t<label for=\"form-field-name\" class=\"elementor-field-label elementor-screen-only\">\n\t\t\t\t\t\t\t\tName\t\t\t\t\t\t\t<\/label>\n\t\t\t\t\t\t\t\t\t\t\t\t\t\t<input size=\"1\" type=\"text\" name=\"form_fields[name]\" id=\"form-field-name\" class=\"elementor-field elementor-size-sm  elementor-field-textual\" placeholder=\"Name\">\n\t\t\t\t\t\t\t\t\t\t\t<\/div>\n\t\t\t\t\t\t\t\t<div class=\"elementor-field-type-email elementor-field-group elementor-column elementor-field-group-email elementor-col-100 elementor-field-required\">\n\t\t\t\t\t\t\t\t\t\t\t\t<label for=\"form-field-email\" class=\"elementor-field-label elementor-screen-only\">\n\t\t\t\t\t\t\t\tEmail\t\t\t\t\t\t\t<\/label>\n\t\t\t\t\t\t\t\t\t\t\t\t\t\t<input size=\"1\" type=\"email\" name=\"form_fields[email]\" id=\"form-field-email\" class=\"elementor-field elementor-size-sm  elementor-field-textual\" placeholder=\"Email\" required=\"required\">\n\t\t\t\t\t\t\t\t\t\t\t<\/div>\n\t\t\t\t\t\t\t\t<div class=\"elementor-field-type-tel elementor-field-group elementor-column elementor-field-group-field_84aebd3 elementor-col-100\">\n\t\t\t\t\t\t\t\t\t\t\t\t<label for=\"form-field-field_84aebd3\" class=\"elementor-field-label elementor-screen-only\">\n\t\t\t\t\t\t\t\tPhone number\t\t\t\t\t\t\t<\/label>\n\t\t\t\t\t\t\t\t<input size=\"1\" type=\"tel\" name=\"form_fields[field_84aebd3]\" id=\"form-field-field_84aebd3\" class=\"elementor-field elementor-size-sm  elementor-field-textual\" placeholder=\"Phone number\" pattern=\"[0-9()#&amp;+*-=.]+\" title=\"Solo se aceptan n\u00fameros y caracteres de tel\u00e9fono (#,-,*,etc).\">\n\n\t\t\t\t\t\t<\/div>\n\t\t\t\t\t\t\t\t<div class=\"elementor-field-type-select elementor-field-group elementor-column elementor-field-group-field_84d68d6 elementor-col-100 elementor-field-required\">\n\t\t\t\t\t\t\t\t\t\t\t\t<label for=\"form-field-field_84d68d6\" class=\"elementor-field-label elementor-screen-only\">\n\t\t\t\t\t\t\t\tProcedure\t\t\t\t\t\t\t<\/label>\n\t\t\t\t\t\t\t\t<div class=\"elementor-field elementor-select-wrapper remove-before \">\n\t\t\t<div class=\"select-caret-down-wrapper\">\n\t\t\t\t<svg aria-hidden=\"true\" class=\"e-font-icon-svg e-eicon-caret-down\" viewBox=\"0 0 571.4 571.4\" xmlns=\"http:\/\/www.w3.org\/2000\/svg\"><path d=\"M571 393Q571 407 561 418L311 668Q300 679 286 679T261 668L11 418Q0 407 0 393T11 368 36 357H536Q550 357 561 368T571 393Z\"><\/path><\/svg>\t\t\t<\/div>\n\t\t\t<select name=\"form_fields[field_84d68d6]\" id=\"form-field-field_84d68d6\" class=\"elementor-field-textual elementor-size-sm\" required=\"required\">\n\t\t\t\t\t\t\t\t\t<option value=\"Procedure of interest:\">Procedure of interest:<\/option>\n\t\t\t\t\t\t\t\t\t<option value=\"Dental Implants\">Dental Implants<\/option>\n\t\t\t\t\t\t\t\t\t<option value=\"Full mouth restoration\">Full mouth restoration<\/option>\n\t\t\t\t\t\t\t\t\t<option value=\"Crowns &amp; bridges\">Crowns &amp; bridges<\/option>\n\t\t\t\t\t\t\t\t\t<option value=\"Root canal\">Root canal<\/option>\n\t\t\t\t\t\t\t\t\t<option value=\"Other\">Other<\/option>\n\t\t\t\t\t\t\t<\/select>\n\t\t<\/div>\n\t\t\t\t\t\t<\/div>\n\t\t\t\t\t\t\t\t<div class=\"elementor-field-type-textarea elementor-field-group elementor-column elementor-field-group-message elementor-col-100\">\n\t\t\t\t\t\t\t\t\t\t\t\t<label for=\"form-field-message\" class=\"elementor-field-label elementor-screen-only\">\n\t\t\t\t\t\t\t\tMessage\t\t\t\t\t\t\t<\/label>\n\t\t\t\t\t\t<textarea class=\"elementor-field-textual elementor-field  elementor-size-sm\" name=\"form_fields[message]\" id=\"form-field-message\" rows=\"4\" placeholder=\"Message\"><\/textarea>\t\t\t\t<\/div>\n\t\t\t\t\t\t\t\t<div class=\"elementor-field-type-recaptcha_v3 elementor-field-group elementor-column elementor-field-group-field_d9f014c elementor-col-100 recaptcha_v3-bottomright\">\n\t\t\t\t\t<div class=\"elementor-field\" id=\"form-field-field_d9f014c\"><div class=\"elementor-g-recaptcha\" data-sitekey=\"6LfAMBYqAAAAADb8-iBpgVOk4d1vxA50p0gsTfXm\" data-type=\"v3\" data-action=\"Form\" data-badge=\"bottomright\" data-size=\"invisible\"><\/div><\/div>\t\t\t\t<\/div>\n\t\t\t\t\t\t\t\t<div class=\"elementor-field-group elementor-column elementor-field-type-submit elementor-col-100 e-form__buttons\">\n\t\t\t\t\t<button class=\"elementor-button elementor-size-sm\" type=\"submit\">\n\t\t\t\t\t\t<span class=\"elementor-button-content-wrapper\">\n\t\t\t\t\t\t\t\t\t\t\t\t\t\t\t\t\t\t\t\t\t\t<span class=\"elementor-button-text\">Send<\/span>\n\t\t\t\t\t\t\t\t\t\t\t\t\t<\/span>\n\t\t\t\t\t<\/button>\n\t\t\t\t<\/div>\n\t\t\t<\/div>\n\t\t<\/form>\n\t\t\t\t\t\t<\/div>\n\t\t\t\t\t<\/div>\n\t\t<\/div>\n\t\t\t\t\t<\/div>\n\t\t<\/section>\n\t\t\t\t<section class=\"elementor-section elementor-top-section elementor-element elementor-element-5fb7ac6 elementor-section-boxed elementor-section-height-default elementor-section-height-default\" data-id=\"5fb7ac6\" data-element_type=\"section\">\n\t\t\t\t\t\t<div class=\"elementor-container elementor-column-gap-default\">\n\t\t\t\t\t<div class=\"elementor-column elementor-col-50 elementor-top-column elementor-element elementor-element-30817145\" data-id=\"30817145\" data-element_type=\"column\">\n\t\t\t<div class=\"elementor-widget-wrap elementor-element-populated\">\n\t\t\t\t\t\t<div class=\"elementor-element elementor-element-1ebc4c33 elementor-widget elementor-widget-image\" data-id=\"1ebc4c33\" data-element_type=\"widget\" data-widget_type=\"image.default\">\n\t\t\t\t\t\t\t\t\t\t\t\t\t\t\t<img fetchpriority=\"high\" decoding=\"async\" width=\"700\" height=\"322\" src=\"https:\/\/tijuanadental.net\/wp-content\/uploads\/2021\/07\/Surgical-Dental-Procedures.jpg\" class=\"attachment-large size-large wp-image-1652\" alt=\"Procedimientos dentales quir\u00fargicos\" srcset=\"https:\/\/tijuanadental.net\/wp-content\/uploads\/2021\/07\/Surgical-Dental-Procedures.jpg 700w, https:\/\/tijuanadental.net\/wp-content\/uploads\/2021\/07\/Surgical-Dental-Procedures-300x138.jpg 300w\" sizes=\"(max-width: 700px) 100vw, 700px\" \/>\t\t\t\t\t\t\t\t\t\t\t\t\t\t\t<\/div>\n\t\t\t\t\t<\/div>\n\t\t<\/div>\n\t\t\t\t<div class=\"elementor-column elementor-col-50 elementor-top-column elementor-element elementor-element-6acb0b0\" data-id=\"6acb0b0\" data-element_type=\"column\">\n\t\t\t<div class=\"elementor-widget-wrap elementor-element-populated\">\n\t\t\t\t\t\t<div class=\"elementor-element elementor-element-1a49fe69 elementor-widget elementor-widget-text-editor\" data-id=\"1a49fe69\" data-element_type=\"widget\" data-widget_type=\"text-editor.default\">\n\t\t\t\t\t\t\t\t\t<p>Adem\u00e1s de los procedimientos quir\u00fargicos com\u00fanmente realizados, la Cl\u00ednica Dental Tijuana tambi\u00e9n ofrece cirug\u00edas pl\u00e1sticas incluyendo; reparaci\u00f3n de labio leporino, paladar hendido, fracturas faciales y reparaci\u00f3n de huesos de la mand\u00edbula, entre otros.<\/p><p>Ponte en contacto con el (800) 865-9024 en cualquier momento entre las 9.00 y las 17.00, hora est\u00e1ndar del centro, para recibir informaci\u00f3n adicional. Si t\u00fa, o un ser querido, necesit\u00e1is cirug\u00eda dental de cualquier tipo, podemos ofrecerte un diagn\u00f3stico completo, un plan de tratamiento y un presupuesto. <\/p>\t\t\t\t\t\t\t\t<\/div>\n\t\t\t\t<div class=\"elementor-element elementor-element-51946bbb elementor-mobile-align-center elementor-tablet-align-center elementor-widget elementor-widget-button\" data-id=\"51946bbb\" data-element_type=\"widget\" data-widget_type=\"button.default\">\n\t\t\t\t\t\t\t\t\t\t<a class=\"elementor-button elementor-button-link elementor-size-sm\" href=\"#contact\">\n\t\t\t\t\t\t<span class=\"elementor-button-content-wrapper\">\n\t\t\t\t\t\t\t\t\t<span class=\"elementor-button-text\">Pide un presupuesto gratuito<\/span>\n\t\t\t\t\t<\/span>\n\t\t\t\t\t<\/a>\n\t\t\t\t\t\t\t\t<\/div>\n\t\t\t\t\t<\/div>\n\t\t<\/div>\n\t\t\t\t\t<\/div>\n\t\t<\/section>\n\t\t\t\t<section class=\"elementor-section elementor-top-section elementor-element elementor-element-16b93220 elementor-section-boxed elementor-section-height-default elementor-section-height-default\" data-id=\"16b93220\" data-element_type=\"section\" data-settings=\"{&quot;background_background&quot;:&quot;slideshow&quot;,&quot;background_slideshow_gallery&quot;:[{&quot;id&quot;:1549,&quot;url&quot;:&quot;https:\\\/\\\/tijuanadental.net\\\/wp-content\\\/uploads\\\/2021\\\/06\\\/young-woman-getting-dental-treatment-dental-clinic-PXA9645.jpg&quot;}],&quot;background_slideshow_loop&quot;:&quot;yes&quot;,&quot;background_slideshow_slide_duration&quot;:5000,&quot;background_slideshow_slide_transition&quot;:&quot;fade&quot;,&quot;background_slideshow_transition_duration&quot;:500}\">\n\t\t\t\t\t\t\t<div class=\"elementor-background-overlay\"><\/div>\n\t\t\t\t\t\t\t<div class=\"elementor-container elementor-column-gap-default\">\n\t\t\t\t\t<div class=\"elementor-column elementor-col-100 elementor-top-column elementor-element elementor-element-1b1b5b43\" data-id=\"1b1b5b43\" data-element_type=\"column\">\n\t\t\t<div class=\"elementor-widget-wrap elementor-element-populated\">\n\t\t\t\t\t\t<div class=\"elementor-element elementor-element-2648e968 elementor-widget elementor-widget-heading\" data-id=\"2648e968\" data-element_type=\"widget\" data-widget_type=\"heading.default\">\n\t\t\t\t\t<h2 class=\"elementor-heading-title elementor-size-default\">Instrucciones postoperatorias<\/h2>\t\t\t\t<\/div>\n\t\t\t\t\t<\/div>\n\t\t<\/div>\n\t\t\t\t\t<\/div>\n\t\t<\/section>\n\t\t\t\t<section class=\"elementor-section elementor-top-section elementor-element elementor-element-3c96b884 elementor-section-boxed elementor-section-height-default elementor-section-height-default\" data-id=\"3c96b884\" data-element_type=\"section\" data-settings=\"{&quot;background_background&quot;:&quot;classic&quot;}\">\n\t\t\t\t\t\t<div class=\"elementor-container elementor-column-gap-default\">\n\t\t\t\t\t<div class=\"elementor-column elementor-col-50 elementor-top-column elementor-element elementor-element-7b17b442\" data-id=\"7b17b442\" data-element_type=\"column\" data-settings=\"{&quot;background_background&quot;:&quot;classic&quot;}\">\n\t\t\t<div class=\"elementor-widget-wrap elementor-element-populated\">\n\t\t\t\t\t\t<div class=\"elementor-element elementor-element-2c86582 elementor-widget elementor-widget-heading\" data-id=\"2c86582\" data-element_type=\"widget\" data-widget_type=\"heading.default\">\n\t\t\t\t\t<h3 class=\"elementor-heading-title elementor-size-default\">HACER:<\/h3>\t\t\t\t<\/div>\n\t\t\t\t<div class=\"elementor-element elementor-element-e262bd6 elementor-widget elementor-widget-text-editor\" data-id=\"e262bd6\" data-element_type=\"widget\" data-widget_type=\"text-editor.default\">\n\t\t\t\t\t\t\t\t\t<ul><li>Para evitar el malestar, toma los analg\u00e9sicos con el est\u00f3mago lleno.<\/li><li>Planifica que un adulto responsable est\u00e9 contigo durante 24 horas despu\u00e9s de recibir cualquier anestesia.<\/li><li>Repone los electrolitos bebiendo muchos l\u00edquidos y bebidas que aporten energ\u00eda despu\u00e9s de la operaci\u00f3n.<\/li><li>Lim\u00edtate a comer alimentos blandos, introduciendo lentamente alimentos normales de nuevo en tu dieta.<\/li><li>Los antibi\u00f3ticos postoperatorios pueden aumentar la sensibilidad al sol. Si tu plan de cuidados requiere que tomes antibi\u00f3ticos, evita la exposici\u00f3n directa al sol mientras dure el uso de antibi\u00f3ticos. <\/li><li>\u00a1T\u00f3matelo con calma! Evita cualquier actividad o ejercicio extenuante, y evita hacer buches o enjuagarte demasiado la boca. Estas actividades pueden provocar sequedad o sangrado excesivo.  <\/li><li>Planea descansar un m\u00ednimo de 1-2 d\u00edas despu\u00e9s de que te hayan extra\u00eddo las muelas del juicio.<\/li><li>Cep\u00edllate los dientes y usa hilo dental como lo har\u00edas normalmente despu\u00e9s de 24 horas de postoperatorio, siempre que no te cause un dolor excesivo.<\/li><\/ul>\t\t\t\t\t\t\t\t<\/div>\n\t\t\t\t\t<\/div>\n\t\t<\/div>\n\t\t\t\t<div class=\"elementor-column elementor-col-50 elementor-top-column elementor-element elementor-element-9a46769\" data-id=\"9a46769\" data-element_type=\"column\" data-settings=\"{&quot;background_background&quot;:&quot;classic&quot;}\">\n\t\t\t<div class=\"elementor-widget-wrap elementor-element-populated\">\n\t\t\t\t\t\t<div class=\"elementor-element elementor-element-605868b elementor-widget elementor-widget-heading\" data-id=\"605868b\" data-element_type=\"widget\" data-widget_type=\"heading.default\">\n\t\t\t\t\t<h3 class=\"elementor-heading-title elementor-size-default\">DONT's:<\/h3>\t\t\t\t<\/div>\n\t\t\t\t<div class=\"elementor-element elementor-element-513e2d1 elementor-widget elementor-widget-text-editor\" data-id=\"513e2d1\" data-element_type=\"widget\" data-widget_type=\"text-editor.default\">\n\t\t\t\t\t\t\t\t\t<ul><li><p>No conduzcas ni manejes maquinaria pesada durante al menos 24 horas despu\u00e9s de recibir la anestesia.<\/p><\/li><li><p>No pongas hielo sobre ning\u00fan tipo de infecci\u00f3n, o aparente infecci\u00f3n.<\/p><\/li><li><p>No mezcles analg\u00e9sicos con sustancias alcoh\u00f3licas.<\/p><\/li><li><p>No te muevas r\u00e1pidamente despu\u00e9s de recibir anestesia intravenosa. Levantarse demasiado deprisa puede provocar mareos o desmayos. <\/p><\/li><\/ul>\t\t\t\t\t\t\t\t<\/div>\n\t\t\t\t\t<\/div>\n\t\t<\/div>\n\t\t\t\t\t<\/div>\n\t\t<\/section>\n\t\t\t\t<section class=\"elementor-section elementor-top-section elementor-element elementor-element-5d819d7 elementor-section-full_width elementor-section-height-default elementor-section-height-default\" data-id=\"5d819d7\" data-element_type=\"section\" data-settings=\"{&quot;background_background&quot;:&quot;classic&quot;}\">\n\t\t\t\t\t\t<div class=\"elementor-container elementor-column-gap-default\">\n\t\t\t\t\t<div class=\"elementor-column elementor-col-50 elementor-top-column elementor-element elementor-element-5581bc2\" data-id=\"5581bc2\" data-element_type=\"column\" data-settings=\"{&quot;background_background&quot;:&quot;classic&quot;}\">\n\t\t\t<div class=\"elementor-widget-wrap elementor-element-populated\">\n\t\t\t\t\t\t<div class=\"elementor-element elementor-element-7702fcf elementor-widget elementor-widget-heading\" data-id=\"7702fcf\" data-element_type=\"widget\" data-widget_type=\"heading.default\">\n\t\t\t\t\t<h2 class=\"elementor-heading-title elementor-size-default\"><a href=\"#contact\">OBTENER UN PRESUPUESTO GRATUITO<\/a><\/h2>\t\t\t\t<\/div>\n\t\t\t\t\t<\/div>\n\t\t<\/div>\n\t\t\t\t<div class=\"elementor-column elementor-col-50 elementor-top-column elementor-element elementor-element-5e9072f\" data-id=\"5e9072f\" data-element_type=\"column\" data-settings=\"{&quot;background_background&quot;:&quot;classic&quot;}\">\n\t\t\t<div class=\"elementor-widget-wrap elementor-element-populated\">\n\t\t\t\t\t\t<div class=\"elementor-element elementor-element-12a5587 elementor-widget elementor-widget-heading\" data-id=\"12a5587\" data-element_type=\"widget\" data-widget_type=\"heading.default\">\n\t\t\t\t\t<h2 class=\"elementor-heading-title elementor-size-default\"><a href=\"#contact\">\u00a1PIDE CITA HOY MISMO!<\/a><\/h2>\t\t\t\t<\/div>\n\t\t\t\t\t<\/div>\n\t\t<\/div>\n\t\t\t\t\t<\/div>\n\t\t<\/section>\n\t\t\t\t<\/div>\n\t\t","protected":false},"excerpt":{"rendered":"<p>Procedimientos dentales quir\u00fargicos Nuestros expertos en odontolog\u00eda est\u00e1n altamente formados y cuentan con gran experiencia, lo que permite a Tijuana Dental ofrecer pr\u00e1cticamente todos los procedimientos dentales quir\u00fargicos. Ofrecemos cualquier intervenci\u00f3n, desde la extracci\u00f3n de la muela del juicio hasta la reconstrucci\u00f3n bucal completa, realizada por profesionales a un precio asequible. \u00a1Pide hoy mismo un [&hellip;]<\/p>\n","protected":false},"author":1,"featured_media":0,"parent":0,"menu_order":0,"comment_status":"closed","ping_status":"closed","template":"","meta":{"footnotes":""},"class_list":["post-1648","page","type-page","status-publish","hentry"],"_links":{"self":[{"href":"https:\/\/tijuanadental.net\/es\/wp-json\/wp\/v2\/pages\/1648","targetHints":{"allow":["GET"]}}],"collection":[{"href":"https:\/\/tijuanadental.net\/es\/wp-json\/wp\/v2\/pages"}],"about":[{"href":"https:\/\/tijuanadental.net\/es\/wp-json\/wp\/v2\/types\/page"}],"author":[{"embeddable":true,"href":"https:\/\/tijuanadental.net\/es\/wp-json\/wp\/v2\/users\/1"}],"replies":[{"embeddable":true,"href":"https:\/\/tijuanadental.net\/es\/wp-json\/wp\/v2\/comments?post=1648"}],"version-history":[{"count":2,"href":"https:\/\/tijuanadental.net\/es\/wp-json\/wp\/v2\/pages\/1648\/revisions"}],"predecessor-version":[{"id":1657,"href":"https:\/\/tijuanadental.net\/es\/wp-json\/wp\/v2\/pages\/1648\/revisions\/1657"}],"wp:attachment":[{"href":"https:\/\/tijuanadental.net\/es\/wp-json\/wp\/v2\/media?parent=1648"}],"curies":[{"name":"wp","href":"https:\/\/api.w.org\/{rel}","templated":true}]}}