{"id":1653,"date":"2021-07-23T05:19:40","date_gmt":"2021-07-23T05:19:40","guid":{"rendered":"https:\/\/tijuanadental.net\/empastes-y-adhesivos\/"},"modified":"2025-11-20T01:00:26","modified_gmt":"2025-11-20T01:00:26","slug":"empastes-y-adhesivos","status":"publish","type":"page","link":"https:\/\/tijuanadental.net\/es\/empastes-y-adhesivos\/","title":{"rendered":"Empastes y adhesivos"},"content":{"rendered":"\t\t<div data-elementor-type=\"wp-page\" data-elementor-id=\"1653\" class=\"elementor elementor-1653 elementor-691\" data-elementor-post-type=\"page\">\n\t\t\t\t\t\t<section class=\"elementor-section elementor-top-section elementor-element elementor-element-64121d8c elementor-section-boxed elementor-section-height-default elementor-section-height-default\" data-id=\"64121d8c\" data-element_type=\"section\" data-settings=\"{&quot;background_background&quot;:&quot;classic&quot;}\">\n\t\t\t\t\t\t\t<div class=\"elementor-background-overlay\"><\/div>\n\t\t\t\t\t\t\t<div class=\"elementor-container elementor-column-gap-default\">\n\t\t\t\t\t<div class=\"elementor-column elementor-col-50 elementor-top-column elementor-element elementor-element-2abefd2\" data-id=\"2abefd2\" data-element_type=\"column\">\n\t\t\t<div class=\"elementor-widget-wrap elementor-element-populated\">\n\t\t\t\t\t\t<div class=\"elementor-element elementor-element-61d18567 elementor-widget elementor-widget-heading\" data-id=\"61d18567\" data-element_type=\"widget\" data-widget_type=\"heading.default\">\n\t\t\t\t\t<h1 class=\"elementor-heading-title elementor-size-default\">Empastes y adhesivos<\/h1>\t\t\t\t<\/div>\n\t\t\t\t<div class=\"elementor-element elementor-element-6ce74abc elementor-widget elementor-widget-text-editor\" data-id=\"6ce74abc\" data-element_type=\"widget\" data-widget_type=\"text-editor.default\">\n\t\t\t\t\t\t\t\t\t<p>Los empastes dentales son muy frecuentes. Incluso una higiene bucal rigurosa no suele ser rival para la caries. La amalgama de plata se utilizaba tradicionalmente para rellenar peque\u00f1os agujeros perforados, sustituyendo al diente cariado. Por suerte, ahora existen materiales m\u00e1s est\u00e9ticos para los empastes, que permiten a tu dentista igualar el color del empaste al del diente natural.   <\/p><p>Estos empastes est\u00e9ticamente atractivos se llaman empastes de composite, y son nuestra recomendaci\u00f3n t\u00edpica a los clientes.<\/p>\t\t\t\t\t\t\t\t<\/div>\n\t\t\t\t\t<\/div>\n\t\t<\/div>\n\t\t\t\t<div class=\"elementor-column elementor-col-50 elementor-top-column elementor-element elementor-element-30cba07a\" data-id=\"30cba07a\" data-element_type=\"column\" id=\"contact\">\n\t\t\t<div class=\"elementor-widget-wrap elementor-element-populated\">\n\t\t\t\t\t\t<div class=\"elementor-element elementor-element-14d9d59c elementor-widget elementor-widget-heading\" data-id=\"14d9d59c\" data-element_type=\"widget\" data-widget_type=\"heading.default\">\n\t\t\t\t\t<h4 class=\"elementor-heading-title elementor-size-default\">\u00a1Pide hoy mismo un presupuesto gratuito!<\/h4>\t\t\t\t<\/div>\n\t\t\t\t<div class=\"elementor-element elementor-element-b1d5c03 elementor-button-align-stretch elementor-widget elementor-widget-global elementor-global-519 elementor-widget-form\" data-id=\"b1d5c03\" data-element_type=\"widget\" data-settings=\"{&quot;step_next_label&quot;:&quot;Next&quot;,&quot;step_previous_label&quot;:&quot;Previous&quot;,&quot;button_width&quot;:&quot;100&quot;,&quot;step_type&quot;:&quot;number_text&quot;,&quot;step_icon_shape&quot;:&quot;circle&quot;}\" data-widget_type=\"form.default\">\n\t\t\t\t\t\t\t<form class=\"elementor-form\" method=\"post\" name=\"Service form\" aria-label=\"Service form\">\n\t\t\t<input type=\"hidden\" name=\"post_id\" value=\"1653\"\/>\n\t\t\t<input type=\"hidden\" name=\"form_id\" value=\"b1d5c03\"\/>\n\t\t\t<input type=\"hidden\" name=\"referer_title\" value=\"\" \/>\n\n\t\t\t\n\t\t\t<div class=\"elementor-form-fields-wrapper elementor-labels-\">\n\t\t\t\t\t\t\t\t<div class=\"elementor-field-type-text elementor-field-group elementor-column elementor-field-group-name elementor-col-100\">\n\t\t\t\t\t\t\t\t\t\t\t\t<label for=\"form-field-name\" class=\"elementor-field-label elementor-screen-only\">\n\t\t\t\t\t\t\t\tName\t\t\t\t\t\t\t<\/label>\n\t\t\t\t\t\t\t\t\t\t\t\t\t\t<input size=\"1\" type=\"text\" name=\"form_fields[name]\" id=\"form-field-name\" class=\"elementor-field elementor-size-sm  elementor-field-textual\" placeholder=\"Name\">\n\t\t\t\t\t\t\t\t\t\t\t<\/div>\n\t\t\t\t\t\t\t\t<div class=\"elementor-field-type-email elementor-field-group elementor-column elementor-field-group-email elementor-col-100 elementor-field-required\">\n\t\t\t\t\t\t\t\t\t\t\t\t<label for=\"form-field-email\" class=\"elementor-field-label elementor-screen-only\">\n\t\t\t\t\t\t\t\tEmail\t\t\t\t\t\t\t<\/label>\n\t\t\t\t\t\t\t\t\t\t\t\t\t\t<input size=\"1\" type=\"email\" name=\"form_fields[email]\" id=\"form-field-email\" class=\"elementor-field elementor-size-sm  elementor-field-textual\" placeholder=\"Email\" required=\"required\">\n\t\t\t\t\t\t\t\t\t\t\t<\/div>\n\t\t\t\t\t\t\t\t<div class=\"elementor-field-type-tel elementor-field-group elementor-column elementor-field-group-field_84aebd3 elementor-col-100\">\n\t\t\t\t\t\t\t\t\t\t\t\t<label for=\"form-field-field_84aebd3\" class=\"elementor-field-label elementor-screen-only\">\n\t\t\t\t\t\t\t\tPhone number\t\t\t\t\t\t\t<\/label>\n\t\t\t\t\t\t\t\t<input size=\"1\" type=\"tel\" name=\"form_fields[field_84aebd3]\" id=\"form-field-field_84aebd3\" class=\"elementor-field elementor-size-sm  elementor-field-textual\" placeholder=\"Phone number\" pattern=\"[0-9()#&amp;+*-=.]+\" title=\"Solo se aceptan n\u00fameros y caracteres de tel\u00e9fono (#,-,*,etc).\">\n\n\t\t\t\t\t\t<\/div>\n\t\t\t\t\t\t\t\t<div class=\"elementor-field-type-select elementor-field-group elementor-column elementor-field-group-field_84d68d6 elementor-col-100 elementor-field-required\">\n\t\t\t\t\t\t\t\t\t\t\t\t<label for=\"form-field-field_84d68d6\" class=\"elementor-field-label elementor-screen-only\">\n\t\t\t\t\t\t\t\tProcedure\t\t\t\t\t\t\t<\/label>\n\t\t\t\t\t\t\t\t<div class=\"elementor-field elementor-select-wrapper remove-before \">\n\t\t\t<div class=\"select-caret-down-wrapper\">\n\t\t\t\t<svg aria-hidden=\"true\" class=\"e-font-icon-svg e-eicon-caret-down\" viewBox=\"0 0 571.4 571.4\" xmlns=\"http:\/\/www.w3.org\/2000\/svg\"><path d=\"M571 393Q571 407 561 418L311 668Q300 679 286 679T261 668L11 418Q0 407 0 393T11 368 36 357H536Q550 357 561 368T571 393Z\"><\/path><\/svg>\t\t\t<\/div>\n\t\t\t<select name=\"form_fields[field_84d68d6]\" id=\"form-field-field_84d68d6\" class=\"elementor-field-textual elementor-size-sm\" required=\"required\">\n\t\t\t\t\t\t\t\t\t<option value=\"Procedure of interest:\">Procedure of interest:<\/option>\n\t\t\t\t\t\t\t\t\t<option value=\"Dental Implants\">Dental Implants<\/option>\n\t\t\t\t\t\t\t\t\t<option value=\"Full mouth restoration\">Full mouth restoration<\/option>\n\t\t\t\t\t\t\t\t\t<option value=\"Crowns &amp; bridges\">Crowns &amp; bridges<\/option>\n\t\t\t\t\t\t\t\t\t<option value=\"Root canal\">Root canal<\/option>\n\t\t\t\t\t\t\t\t\t<option value=\"Other\">Other<\/option>\n\t\t\t\t\t\t\t<\/select>\n\t\t<\/div>\n\t\t\t\t\t\t<\/div>\n\t\t\t\t\t\t\t\t<div class=\"elementor-field-type-textarea elementor-field-group elementor-column elementor-field-group-message elementor-col-100\">\n\t\t\t\t\t\t\t\t\t\t\t\t<label for=\"form-field-message\" class=\"elementor-field-label elementor-screen-only\">\n\t\t\t\t\t\t\t\tMessage\t\t\t\t\t\t\t<\/label>\n\t\t\t\t\t\t<textarea class=\"elementor-field-textual elementor-field  elementor-size-sm\" name=\"form_fields[message]\" id=\"form-field-message\" rows=\"4\" placeholder=\"Message\"><\/textarea>\t\t\t\t<\/div>\n\t\t\t\t\t\t\t\t<div class=\"elementor-field-type-recaptcha_v3 elementor-field-group elementor-column elementor-field-group-field_d9f014c elementor-col-100 recaptcha_v3-bottomright\">\n\t\t\t\t\t<div class=\"elementor-field\" id=\"form-field-field_d9f014c\"><div class=\"elementor-g-recaptcha\" data-sitekey=\"6LfAMBYqAAAAADb8-iBpgVOk4d1vxA50p0gsTfXm\" data-type=\"v3\" data-action=\"Form\" data-badge=\"bottomright\" data-size=\"invisible\"><\/div><\/div>\t\t\t\t<\/div>\n\t\t\t\t\t\t\t\t<div class=\"elementor-field-group elementor-column elementor-field-type-submit elementor-col-100 e-form__buttons\">\n\t\t\t\t\t<button class=\"elementor-button elementor-size-sm\" type=\"submit\">\n\t\t\t\t\t\t<span class=\"elementor-button-content-wrapper\">\n\t\t\t\t\t\t\t\t\t\t\t\t\t\t\t\t\t\t\t\t\t\t<span class=\"elementor-button-text\">Send<\/span>\n\t\t\t\t\t\t\t\t\t\t\t\t\t<\/span>\n\t\t\t\t\t<\/button>\n\t\t\t\t<\/div>\n\t\t\t<\/div>\n\t\t<\/form>\n\t\t\t\t\t\t<\/div>\n\t\t\t\t\t<\/div>\n\t\t<\/div>\n\t\t\t\t\t<\/div>\n\t\t<\/section>\n\t\t\t\t<section class=\"elementor-section elementor-top-section elementor-element elementor-element-222e7582 elementor-section-boxed elementor-section-height-default elementor-section-height-default\" data-id=\"222e7582\" data-element_type=\"section\">\n\t\t\t\t\t\t<div class=\"elementor-container elementor-column-gap-default\">\n\t\t\t\t\t<div class=\"elementor-column elementor-col-50 elementor-top-column elementor-element elementor-element-57ff75de elementor-hidden-tablet\" data-id=\"57ff75de\" data-element_type=\"column\">\n\t\t\t<div class=\"elementor-widget-wrap elementor-element-populated\">\n\t\t\t\t\t\t<div class=\"elementor-element elementor-element-ccbf2bf elementor-widget elementor-widget-image\" data-id=\"ccbf2bf\" data-element_type=\"widget\" data-widget_type=\"image.default\">\n\t\t\t\t\t\t\t\t\t\t\t\t\t\t\t<img fetchpriority=\"high\" decoding=\"async\" width=\"700\" height=\"467\" src=\"https:\/\/tijuanadental.net\/wp-content\/uploads\/2021\/07\/Fillings-and-Bondings.jpg\" class=\"attachment-large size-large wp-image-1637\" alt=\"Empastes y adhesivos\" srcset=\"https:\/\/tijuanadental.net\/wp-content\/uploads\/2021\/07\/Fillings-and-Bondings.jpg 700w, https:\/\/tijuanadental.net\/wp-content\/uploads\/2021\/07\/Fillings-and-Bondings-300x200.jpg 300w\" sizes=\"(max-width: 700px) 100vw, 700px\" \/>\t\t\t\t\t\t\t\t\t\t\t\t\t\t\t<\/div>\n\t\t\t\t\t<\/div>\n\t\t<\/div>\n\t\t\t\t<div class=\"elementor-column elementor-col-50 elementor-top-column elementor-element elementor-element-3581fed3\" data-id=\"3581fed3\" data-element_type=\"column\">\n\t\t\t<div class=\"elementor-widget-wrap elementor-element-populated\">\n\t\t\t\t\t\t<div class=\"elementor-element elementor-element-393e32f elementor-widget elementor-widget-heading\" data-id=\"393e32f\" data-element_type=\"widget\" data-widget_type=\"heading.default\">\n\t\t\t\t\t<h2 class=\"elementor-heading-title elementor-size-default\">Rellenos<\/h2>\t\t\t\t<\/div>\n\t\t\t\t<div class=\"elementor-element elementor-element-582c3f1 elementor-widget elementor-widget-text-editor\" data-id=\"582c3f1\" data-element_type=\"widget\" data-widget_type=\"text-editor.default\">\n\t\t\t\t\t\t\t\t\t<p><strong>Los empastes blancos de composite no son necesariamente blancos, sino que se crean para que coincidan con el color exacto de tu diente natural, por lo que se adaptan perfectamente a la forma, color y textura de tu sonrisa natural.<\/strong>  La idea es que el empaste se funda perfectamente con tu diente natural, d\u00e1ndote el aspecto m\u00e1s aut\u00e9ntico posible. Los empastes de composite requieren taladrar menos el diente que los empastes de plata, preservando al m\u00e1ximo la estructura natural del diente y garantizando que tu \u00abnuevo\u00bb diente mantenga su funcionalidad y resistencia de origen. Los empastes de composite tambi\u00e9n provocan con menos frecuencia sensibilidad al fr\u00edo y al calor, a diferencia de los empastes tradicionales de amalgama de plata.  <\/p><p>Tu dentista te recomendar\u00e1 qu\u00e9 empaste es la mejor opci\u00f3n para tus necesidades espec\u00edficas, de modo que puedas tomar una decisi\u00f3n informada.<\/p>\t\t\t\t\t\t\t\t<\/div>\n\t\t\t\t<div class=\"elementor-element elementor-element-50385bff elementor-mobile-align-center elementor-tablet-align-center elementor-hidden-phone elementor-widget elementor-widget-button\" data-id=\"50385bff\" data-element_type=\"widget\" data-widget_type=\"button.default\">\n\t\t\t\t\t\t\t\t\t\t<a class=\"elementor-button elementor-button-link elementor-size-sm\" href=\"#contact\">\n\t\t\t\t\t\t<span class=\"elementor-button-content-wrapper\">\n\t\t\t\t\t\t\t\t\t<span class=\"elementor-button-text\">Pide un presupuesto gratuito<\/span>\n\t\t\t\t\t<\/span>\n\t\t\t\t\t<\/a>\n\t\t\t\t\t\t\t\t<\/div>\n\t\t\t\t\t<\/div>\n\t\t<\/div>\n\t\t\t\t\t<\/div>\n\t\t<\/section>\n\t\t\t\t<section class=\"elementor-section elementor-top-section elementor-element elementor-element-4daaf8f elementor-section-boxed elementor-section-height-default elementor-section-height-default\" data-id=\"4daaf8f\" data-element_type=\"section\">\n\t\t\t\t\t\t<div class=\"elementor-container elementor-column-gap-default\">\n\t\t\t\t\t<div class=\"elementor-column elementor-col-50 elementor-top-column elementor-element elementor-element-084bd2a\" data-id=\"084bd2a\" data-element_type=\"column\">\n\t\t\t<div class=\"elementor-widget-wrap elementor-element-populated\">\n\t\t\t\t\t\t<div class=\"elementor-element elementor-element-fbc5294 elementor-widget elementor-widget-heading\" data-id=\"fbc5294\" data-element_type=\"widget\" data-widget_type=\"heading.default\">\n\t\t\t\t\t<h2 class=\"elementor-heading-title elementor-size-default\">Adhesiones dentales:<\/h2>\t\t\t\t<\/div>\n\t\t\t\t<div class=\"elementor-element elementor-element-c17013e elementor-widget elementor-widget-text-editor\" data-id=\"c17013e\" data-element_type=\"widget\" data-widget_type=\"text-editor.default\">\n\t\t\t\t\t\t\t\t\t<p><strong>Los adhesivos dentales son estupendos para peque\u00f1os arreglos est\u00e9ticos, como astillas, manchas y huecos.<\/strong>  No suelen utilizarse para remodelaciones bucales completas, en las que normalmente recomendar\u00edamos el uso de carillas de porcelana. Los adhesivos mejoran el aspecto general de tu sonrisa y corrigen peque\u00f1os defectos. <\/p><p>Nuestros especialistas de Tijuana Dental son expertos en crear adhesiones dentales hermosas y de aspecto natural que se funden a la perfecci\u00f3n con tus dientes naturales. Empiezan desbastando la superficie del diente. A continuaci\u00f3n, utilizan su experiencia en el arte dental para rellenar el diente grabado con un material compuesto resistente; igualando el color, la textura y la forma de tu diente natural. Es todo un arte.   <\/p><p><strong>En Tijuana Dental, somos maestros en el arte de la adhesi\u00f3n dental.<\/strong><\/p>\t\t\t\t\t\t\t\t<\/div>\n\t\t\t\t\t<\/div>\n\t\t<\/div>\n\t\t\t\t<div class=\"elementor-column elementor-col-50 elementor-top-column elementor-element elementor-element-3718cd9\" data-id=\"3718cd9\" data-element_type=\"column\">\n\t\t\t<div class=\"elementor-widget-wrap elementor-element-populated\">\n\t\t\t\t\t\t<div class=\"elementor-element elementor-element-a56f96a elementor-widget elementor-widget-image\" data-id=\"a56f96a\" data-element_type=\"widget\" data-widget_type=\"image.default\">\n\t\t\t\t\t\t\t\t\t\t\t\t\t\t\t<img decoding=\"async\" width=\"700\" height=\"366\" src=\"https:\/\/tijuanadental.net\/wp-content\/uploads\/2021\/07\/Holistic-Dentistry.jpg\" class=\"attachment-large size-large wp-image-1659\" alt=\"Odontolog\u00eda hol\u00edstica\" srcset=\"https:\/\/tijuanadental.net\/wp-content\/uploads\/2021\/07\/Holistic-Dentistry.jpg 700w, https:\/\/tijuanadental.net\/wp-content\/uploads\/2021\/07\/Holistic-Dentistry-300x157.jpg 300w\" sizes=\"(max-width: 700px) 100vw, 700px\" \/>\t\t\t\t\t\t\t\t\t\t\t\t\t\t\t<\/div>\n\t\t\t\t\t<\/div>\n\t\t<\/div>\n\t\t\t\t\t<\/div>\n\t\t<\/section>\n\t\t\t\t<section class=\"elementor-section elementor-top-section elementor-element elementor-element-353f857 elementor-section-boxed elementor-section-height-default elementor-section-height-default\" data-id=\"353f857\" data-element_type=\"section\" data-settings=\"{&quot;background_background&quot;:&quot;slideshow&quot;,&quot;background_slideshow_gallery&quot;:[{&quot;id&quot;:1549,&quot;url&quot;:&quot;https:\\\/\\\/tijuanadental.net\\\/wp-content\\\/uploads\\\/2021\\\/06\\\/young-woman-getting-dental-treatment-dental-clinic-PXA9645.jpg&quot;}],&quot;background_slideshow_loop&quot;:&quot;yes&quot;,&quot;background_slideshow_slide_duration&quot;:5000,&quot;background_slideshow_slide_transition&quot;:&quot;fade&quot;,&quot;background_slideshow_transition_duration&quot;:500}\">\n\t\t\t\t\t\t\t<div class=\"elementor-background-overlay\"><\/div>\n\t\t\t\t\t\t\t<div class=\"elementor-container elementor-column-gap-default\">\n\t\t\t\t\t<div class=\"elementor-column elementor-col-100 elementor-top-column elementor-element elementor-element-0bb8cb8\" data-id=\"0bb8cb8\" data-element_type=\"column\">\n\t\t\t<div class=\"elementor-widget-wrap elementor-element-populated\">\n\t\t\t\t\t\t<div class=\"elementor-element elementor-element-7a12028 elementor-widget elementor-widget-heading\" data-id=\"7a12028\" data-element_type=\"widget\" data-widget_type=\"heading.default\">\n\t\t\t\t\t<h2 class=\"elementor-heading-title elementor-size-default\">Odontolog\u00eda hol\u00edstica<\/h2>\t\t\t\t<\/div>\n\t\t\t\t<div class=\"elementor-element elementor-element-9b0321d elementor-widget elementor-widget-text-editor\" data-id=\"9b0321d\" data-element_type=\"widget\" data-widget_type=\"text-editor.default\">\n\t\t\t\t\t\t\t\t\t<p>Los especialistas en odontolog\u00eda hol\u00edstica suelen recomendar que se elimine cualquier empaste de mercurio t\u00f3xico y se sustituya por empastes blancos de composite no t\u00f3xicos, por motivos de salud. Nuestro experimentado equipo dental puede sustituir tus empastes de mercurio con la misma pericia que un odont\u00f3logo que ejerce en EE.UU., \u00a1pero a una fracci\u00f3n del coste! <\/p>\t\t\t\t\t\t\t\t<\/div>\n\t\t\t\t\t<\/div>\n\t\t<\/div>\n\t\t\t\t\t<\/div>\n\t\t<\/section>\n\t\t\t\t<section class=\"elementor-section elementor-top-section elementor-element elementor-element-1fec0e5 elementor-section-full_width elementor-section-height-default elementor-section-height-default\" data-id=\"1fec0e5\" data-element_type=\"section\" data-settings=\"{&quot;background_background&quot;:&quot;classic&quot;}\">\n\t\t\t\t\t\t<div class=\"elementor-container elementor-column-gap-default\">\n\t\t\t\t\t<div class=\"elementor-column elementor-col-50 elementor-top-column elementor-element elementor-element-f24ca8a\" data-id=\"f24ca8a\" data-element_type=\"column\" data-settings=\"{&quot;background_background&quot;:&quot;classic&quot;}\">\n\t\t\t<div class=\"elementor-widget-wrap elementor-element-populated\">\n\t\t\t\t\t\t<div class=\"elementor-element elementor-element-b36a28b elementor-widget elementor-widget-heading\" data-id=\"b36a28b\" data-element_type=\"widget\" data-widget_type=\"heading.default\">\n\t\t\t\t\t<h2 class=\"elementor-heading-title elementor-size-default\"><a href=\"#contact\">OBTENER UN PRESUPUESTO GRATUITO<\/a><\/h2>\t\t\t\t<\/div>\n\t\t\t\t\t<\/div>\n\t\t<\/div>\n\t\t\t\t<div class=\"elementor-column elementor-col-50 elementor-top-column elementor-element elementor-element-364882e\" data-id=\"364882e\" data-element_type=\"column\" data-settings=\"{&quot;background_background&quot;:&quot;classic&quot;}\">\n\t\t\t<div class=\"elementor-widget-wrap elementor-element-populated\">\n\t\t\t\t\t\t<div class=\"elementor-element elementor-element-4d96919 elementor-widget elementor-widget-heading\" data-id=\"4d96919\" data-element_type=\"widget\" data-widget_type=\"heading.default\">\n\t\t\t\t\t<h2 class=\"elementor-heading-title elementor-size-default\"><a href=\"#contact\">\u00a1PIDE CITA HOY MISMO!<\/a><\/h2>\t\t\t\t<\/div>\n\t\t\t\t\t<\/div>\n\t\t<\/div>\n\t\t\t\t\t<\/div>\n\t\t<\/section>\n\t\t\t\t<\/div>\n\t\t","protected":false},"excerpt":{"rendered":"<p>Empastes y adhesivos Los empastes dentales son muy frecuentes. Incluso una higiene bucal rigurosa no suele ser rival para la caries. La amalgama de plata se utilizaba tradicionalmente para rellenar peque\u00f1os agujeros perforados, sustituyendo al diente cariado. Por suerte, ahora existen materiales m\u00e1s est\u00e9ticos para los empastes, que permiten a tu dentista igualar el color [&hellip;]<\/p>\n","protected":false},"author":1,"featured_media":0,"parent":0,"menu_order":0,"comment_status":"closed","ping_status":"closed","template":"","meta":{"footnotes":""},"class_list":["post-1653","page","type-page","status-publish","hentry"],"_links":{"self":[{"href":"https:\/\/tijuanadental.net\/es\/wp-json\/wp\/v2\/pages\/1653","targetHints":{"allow":["GET"]}}],"collection":[{"href":"https:\/\/tijuanadental.net\/es\/wp-json\/wp\/v2\/pages"}],"about":[{"href":"https:\/\/tijuanadental.net\/es\/wp-json\/wp\/v2\/types\/page"}],"author":[{"embeddable":true,"href":"https:\/\/tijuanadental.net\/es\/wp-json\/wp\/v2\/users\/1"}],"replies":[{"embeddable":true,"href":"https:\/\/tijuanadental.net\/es\/wp-json\/wp\/v2\/comments?post=1653"}],"version-history":[{"count":6,"href":"https:\/\/tijuanadental.net\/es\/wp-json\/wp\/v2\/pages\/1653\/revisions"}],"predecessor-version":[{"id":1693,"href":"https:\/\/tijuanadental.net\/es\/wp-json\/wp\/v2\/pages\/1653\/revisions\/1693"}],"wp:attachment":[{"href":"https:\/\/tijuanadental.net\/es\/wp-json\/wp\/v2\/media?parent=1653"}],"curies":[{"name":"wp","href":"https:\/\/api.w.org\/{rel}","templated":true}]}}